{"id":2451,"date":"2021-05-12T14:34:39","date_gmt":"2021-05-12T14:34:39","guid":{"rendered":"https:\/\/barcelonawatersports.es\/?page_id=2451"},"modified":"2023-01-05T12:47:09","modified_gmt":"2023-01-05T12:47:09","slug":"guide-to-powerboat-courses","status":"publish","type":"page","link":"https:\/\/barcelonawatersports.es\/fr\/guide-to-powerboat-courses\/","title":{"rendered":"Guide des cours de bateaux \u00e0 moteur"},"content":{"rendered":"<div class=\"vc_row wpb_row vc_row-fluid vc_custom_1609763767945\"><div class=\"wpb_column vc_column_container vc_col-sm-12 vc_col-lg-offset-2 vc_col-lg-8 vc_col-md-offset-1 vc_col-md-10 vc_col-sm-offset-0\"><div class=\"vc_column-inner vc_custom_1492694838569\"><div class=\"wpb_wrapper\"><div id=\"ultimate-heading-660669ef1e7321147\" class=\"uvc-heading ult-adjust-bottom-margin ultimate-heading-660669ef1e7321147 uvc-8372 accent-subtitle-color\" data-hspacer=\"no_spacer\"  data-halign=\"center\" style=\"text-align:center\"><div class=\"uvc-heading-spacer no_spacer\" style=\"top\"><\/div><div class=\"uvc-main-heading ult-responsive\"  data-ultimate-target='.uvc-heading.ultimate-heading-660669ef1e7321147 h2'  data-responsive-json-new='{\"font-size\":\"desktop:70px;tablet:50px;tablet_portrait:40px;mobile_landscape:28px;\",\"line-height\":\"desktop:80px;tablet:60px;tablet_portrait:50px;mobile_landscape:38px;\"}' ><h2 style=\"font-weight:bold;color:#ffffff;margin-top:70px;margin-bottom:50px;\">Formation RYA pour les bateaux \u00e0 moteur<\/h2><\/div><div class=\"uvc-sub-heading ult-responsive\"  data-ultimate-target='.uvc-heading.ultimate-heading-660669ef1e7321147 .uvc-sub-heading '  data-responsive-json-new='{\"font-size\":\"desktop:28px;mobile_landscape:18px;\",\"line-height\":\"desktop:38px;mobile_landscape:28px;\"}'  style=\"font-family:&#039;Roboto Slab&#039;;font-weight:700;margin-bottom:80px;\">Les cours de formation RYA avec Barcelona Watersports vous offrent des certificats reconnus internationalement par le programme le plus respect\u00e9 au monde. Nous proposons un large \u00e9ventail de cours pour tous les niveaux, de l'apprentissage de la voile au Yachtmaster et au skipper professionnel. Nous aimons le nautisme et nous voulons transmettre notre passion.<\/div><\/div><\/div><\/div><\/div><\/div><!-- Row Backgrounds --><div class=\"upb_bg_img\" data-ultimate-bg=\"url(https:\/\/barcelonawatersports.es\/wp-content\/uploads\/2020\/12\/25a9d6ba-ad85-4023-b3e8-498d9c18f2e4.jpeg)\" data-image-id=\"id^2047|url^https:\/\/barcelonawatersports.es\/wp-content\/uploads\/2020\/12\/25a9d6ba-ad85-4023-b3e8-498d9c18f2e4.jpeg|caption^null|alt^null|title^25a9d6ba-ad85-4023-b3e8-498d9c18f2e4|description^null\" data-ultimate-bg-style=\"vcpb-default\" data-bg-img-repeat=\"no-repeat\" data-bg-img-size=\"cover\" data-bg-img-position=\"\" data-parallx_sense=\"30\" data-bg-override=\"0\" data-bg_img_attach=\"fixed\" data-upb-overlay-color=\"rgba(0,0,0,0.6)\" data-upb-bg-animation=\"\" data-fadeout=\"\" data-bg-animation=\"left-animation\" data-bg-animation-type=\"h\" data-animation-repeat=\"repeat\" data-fadeout-percentage=\"30\" data-parallax-content=\"\" data-parallax-content-sense=\"30\" data-row-effect-mobile-disable=\"true\" data-img-parallax-mobile-disable=\"true\" data-rtl=\"false\"  data-custom-vc-row=\"\"  data-vc=\"6.6.0.1\"  data-is_old_vc=\"\"  data-theme-support=\"\"   data-overlay=\"true\" data-overlay-color=\"rgba(0,0,0,0.6)\" data-overlay-pattern=\"\" data-overlay-pattern-opacity=\"0.8\" data-overlay-pattern-size=\"\" data-overlay-pattern-attachment=\"scroll\"    ><\/div><div class=\"vc_row wpb_row vc_row-fluid vc_custom_1492758885864 vc_row-o-equal-height vc_row-flex\"><div data-vc-parallax=\"1\" data-vc-parallax-o-fade=\"on\" class=\"wpb_column vc_column_container vc_col-sm-12 vc_col-has-fill vc_general vc_parallax vc_parallax-content-moving-fade js-vc_parallax-o-fade\"><div class=\"vc_column-inner\"><div class=\"wpb_wrapper\">\n\t<div class=\"wpb_text_column wpb_content_element\" >\n\t\t<div class=\"wpb_wrapper\">\n\t\t\t<h2><span style=\"color: #0000ff;\">Apprendre \u00e0 faire du bateau \u00e0 moteur et de la motomarine<\/span><\/h2>\n<p><span style=\"color: #000000;\">Le motonautisme offre un excellent moyen de sortir sur l'eau, que vous envisagiez de faire du wakeboard ou que vous cherchiez des excursions d'une journ\u00e9e dans des endroits o\u00f9 vous pouvez jeter l'ancre et vous baigner, il vous offre de grandes possibilit\u00e9s.<\/span><\/p>\n<h3><a href=\"https:\/\/barcelonawatersports.es\/fr\/powerboat-courses\/\"><span style=\"color: #000000;\"><span style=\"color: #0000ff;\">RYA bateaux \u00e0 moteur niveaux 1 et 2<\/span><\/span><\/a><\/h3>\n<p><span style=\"color: #000000;\">Que vous soyez un d\u00e9butant ou quelqu'un d'exp\u00e9riment\u00e9 qui cherche \u00e0 obtenir un certificat, le Powerboat Level 2 est le principal permis pour la navigation \u00e0 moteur en bateau de jour. Pour un d\u00e9butant, vous pouvez suivre le cours pratique de 2 jours qui vous donnera les comp\u00e9tences et les connaissances n\u00e9cessaires pour naviguer \u00e0 la journ\u00e9e dans des eaux famili\u00e8res, o\u00f9 vous partirez et retournerez au m\u00eame port dans des conditions favorables, ce qui correspond aux exigences de la plupart des plaisanciers. Le cours est tr\u00e8s pratique, avec un maximum de 3 personnes, afin de s'assurer que vous aurez beaucoup de temps \u00e0 la barre pour vous entra\u00eener \u00e0 vous garer, \u00e0 naviguer \u00e0 grande vitesse, \u00e0 jeter l'ancre, \u00e0 faire de la navigation de base, \u00e0 conna\u00eetre les conditions m\u00e9t\u00e9orologiques et les situations de s\u00e9curit\u00e9, ainsi que l'\u00e9quipement \u00e0 emporter \u00e0 bord et les contr\u00f4les r\u00e9guliers \u00e0 effectuer. Avec ce cours, vous pouvez \u00e9galement obtenir l'ICC pour les bateaux \u00e0 moteur de moins de 10 m\u00e8tres.<\/span><\/p>\n<h3><span style=\"color: #0000ff;\">Bateaux plus grands - Certificat international de comp\u00e9tence de plus de 10 m\u00e8tres<\/span><\/h3>\n<p><span style=\"color: #000000;\">C'est l'objectif principal de la plupart des gens, si vous \u00eates propri\u00e9taire d'un bateau ou si vous cherchez \u00e0 affr\u00e9ter ou \u00e0 louer des bateaux, ce cours vous donne toute la confiance et les connaissances dont vous avez besoin pour \u00eatre skipper. Avant de participer \u00e0 notre cours de formation de 4 jours, vous aurez besoin de plus de connaissances th\u00e9oriques et nous vous recommandons de suivre le cours th\u00e9orique RYA Dayskipper pour couvrir toute la navigation, les mar\u00e9es et bien plus encore.<\/span><\/p>\n<p><span style=\"color: #000000;\">Le cours se d\u00e9roule sur un yacht \u00e0 moteur de plus de 10 m\u00e8tres avec h\u00e9bergement \u00e0 bord, exactement le type de bateau que vous souhaitez louer ou poss\u00e9der. Avec un maximum de 4 personnes \u00e0 bord, le cours est tr\u00e8s pratique, avec beaucoup d'exercices de stationnement, de virage dans des espaces restreints, de vitesse \u00e9lev\u00e9e en mer, de r\u00e9cup\u00e9ration d'une personne \u00e0 bord, d'ancrage et de toutes les comp\u00e9tences requises pour \u00eatre skipper.<\/span><\/p>\n<h3><span style=\"color: #0000ff;\"><a style=\"color: #0000ff;\" href=\"https:\/\/barcelonawatersports.es\/fr\/rya-pw\/\">V\u00e9hicules nautiques \u00e0 moteur<\/a><\/span><\/h3>\n<p><span style=\"color: #000000;\">Les jet skis, comme on les appelle plus commun\u00e9ment, existent maintenant dans toutes sortes de tailles, ce qui les rapproche beaucoup plus des bateaux et \u00e9largit leur champ d'action et leur utilisation. Les gens les utilisent maintenant pour aller \u00e0 la p\u00eache, les remorquer pour faire du wakeboard et comme petit bateau pour faire des excursions sur la c\u00f4te avec des amis et la famille en prenant 4 personnes. Notre licence de motomarine est un cours d'une journ\u00e9e qui couvre les bases de la s\u00e9curit\u00e9 \u00e0 bord, la mise \u00e0 l'eau, la m\u00e9t\u00e9o, les mar\u00e9es, puis une formation pratique sur l'eau, les techniques de conduite, les r\u00e8gles et r\u00e8glements locaux et, surtout, les r\u00e8gles de collision. Vous pouvez obtenir l'ICC avec ce certificat.<\/span><\/p>\n<p>&nbsp;<\/p>\n<h3><a href=\"https:\/\/barcelonawatersports.es\/fr\/rya-yachtmaster\/\"><span style=\"color: #000000;\"><span style=\"color: #0000ff;\">Yachtmaster c\u00f4tier et hauturier<\/span><\/span><\/a><\/h3>\n<p><span style=\"color: #000000;\">Le Yachtmaster est un examen avec un examinateur agr\u00e9\u00e9 MCA\/RYA, souvent stressant mais avec une \u00e9norme r\u00e9compense qui apporte des opportunit\u00e9s massives dans le monde du nautisme, que ce soit pour devenir un skipper commercial ou pour gravir les \u00e9chelons sur les Super Yachts. Nous proposons une pr\u00e9paration pratique avec des instructeurs exp\u00e9riment\u00e9s pour vous aider \u00e0 vous pr\u00e9parer \u00e0 l'examen et \u00e0 prendre toutes les dispositions n\u00e9cessaires.<\/span><\/p>\n\n\t\t<\/div>\n\t<\/div>\n<\/div><\/div><\/div><\/div><div class=\"vc_row wpb_row vc_row-fluid vc_custom_1492767181347\"><div class=\"wpb_column vc_column_container vc_col-sm-12\"><div class=\"vc_column-inner vc_custom_1492766890667\"><div class=\"wpb_wrapper\"><div id=\"ultimate-heading-176169ef1e7323f3b\" class=\"uvc-heading ult-adjust-bottom-margin ultimate-heading-176169ef1e7323f3b uvc-5095 accent-subtitle-color\" data-hspacer=\"no_spacer\"  data-halign=\"center\" style=\"text-align:center\"><div class=\"uvc-heading-spacer no_spacer\" style=\"top\"><\/div><div class=\"uvc-main-heading ult-responsive\"  data-ultimate-target='.uvc-heading.ultimate-heading-176169ef1e7323f3b h2'  data-responsive-json-new='{\"font-size\":\"desktop:36px;\",\"line-height\":\"desktop:46px;\"}' ><h2 style=\"font-weight:bold;color:#ffffff;margin-bottom:10px;\">R\u00c9SERVEZ VOTRE COURS D\u00c8S AUJOURD'HUI !<\/h2><\/div><div class=\"uvc-sub-heading ult-responsive\"  data-ultimate-target='.uvc-heading.ultimate-heading-176169ef1e7323f3b .uvc-sub-heading '  data-responsive-json-new='{\"font-size\":\"desktop:22px;\",\"line-height\":\"desktop:32px;\"}'  style=\"font-family:&#039;Roboto Slab&#039;;font-weight:700;margin-bottom:25px;\"><\/p>\n<p style=\"text-align: center;\">Vous ne trouvez pas les dates que vous souhaitez, envoyez-nous un message et nous verrons ce que nous pouvons faire.<\/p>\n<p><\/div><\/div>\n\t<div class=\"wpb_raw_code wpb_raw_js\" >\n\t\t<div class=\"wpb_wrapper\">\n\t\t\t<script type=\"text\/javascript\" src=\"https:\/\/widgets.bokun.io\/assets\/javascripts\/apps\/build\/BokunWidgetsLoader.js?bookingChannelUUID=86da36fb-271b-4726-b5f9-c0ca3a20f1c5\" async><\/script>\n     \n    <div class=\"bokunWidget\" data-src=\"https:\/\/widgets.bokun.io\/online-sales\/86da36fb-271b-4726-b5f9-c0ca3a20f1c5\/product-list\/63247\"><\/div>\n    <noscript>Veuillez activer le javascript dans votre navigateur pour r\u00e9server<\/noscript>\n\n\t\t<\/div>\n\t<\/div>\n<\/div><\/div><\/div><\/div><!-- Row Backgrounds --><div class=\"upb_bg_img\" data-ultimate-bg=\"url(https:\/\/the7.io\/expedition\/wp-content\/uploads\/sites\/14\/2016\/02\/tr-005.jpg)\" data-image-id=\"id^628|url^https:\/\/the7.io\/expedition\/wp-content\/uploads\/sites\/14\/2016\/02\/tr-005.jpg|caption^null|alt^null|title^tr-005|description^null\" data-ultimate-bg-style=\"vcpb-default\" data-bg-img-repeat=\"no-repeat\" data-bg-img-size=\"cover\" data-bg-img-position=\"\" data-parallx_sense=\"30\" data-bg-override=\"ex-full\" data-bg_img_attach=\"fixed\" data-upb-overlay-color=\"rgba(0,0,0,0.75)\" data-upb-bg-animation=\"\" data-fadeout=\"\" data-bg-animation=\"left-animation\" data-bg-animation-type=\"h\" data-animation-repeat=\"repeat\" data-fadeout-percentage=\"30\" data-parallax-content=\"\" data-parallax-content-sense=\"30\" data-row-effect-mobile-disable=\"true\" data-img-parallax-mobile-disable=\"true\" data-rtl=\"false\"  data-custom-vc-row=\"\"  data-vc=\"6.6.0.1\"  data-is_old_vc=\"\"  data-theme-support=\"\"   data-overlay=\"true\" data-overlay-color=\"rgba(0,0,0,0.75)\" data-overlay-pattern=\"\" data-overlay-pattern-opacity=\"0.8\" data-overlay-pattern-size=\"\" data-overlay-pattern-attachment=\"scroll\"    ><\/div><div class=\"vc_row wpb_row vc_row-fluid\"><div class=\"wpb_column vc_column_container vc_col-sm-12\"><div class=\"vc_column-inner\"><div class=\"wpb_wrapper\"><div class=\"dt-fancy-separator\" style=\"width: 100%;\"><div class=\"dt-fancy-title\"><span class=\"separator-holder separator-left\"><\/span>titre<span class=\"separator-holder separator-right\"><\/span><\/div><\/div><\/div><\/div><\/div><\/div><div class=\"vc_row wpb_row vc_row-fluid\"><div class=\"wpb_column vc_column_container vc_col-sm-12\"><div class=\"vc_column-inner\"><div class=\"wpb_wrapper\">\n\t<div class=\"wpb_text_column wpb_content_element\" >\n\t\t<div class=\"wpb_wrapper\">\n\t\t\t<div class=\"wprev-no-slider\" id=\"wprev-slider-1\"><style>#wprev-slider-1 .wprev_preview_bradius_T1 {border-radius: 0px;}#wprev-slider-1 .wprev_preview_bg1_T1 {background:;}#wprev-slider-1 .wprev_preview_bg2_T1 {background:;}#wprev-slider-1 .wprev_preview_tcolor1_T1 {color:;}#wprev-slider-1 .wprev_preview_tcolor2_T1 {color:;}#wprev-slider-1 .wprev_preview_bg1_T1::after{ border-top: 30px solid ; }<\/style><style><\/style>\t\t<div class=\"wptripadvisor_t1_outer_div w3_wprs-row-padding\">\r\n\t\t\t\t<div class=\"wptripadvisor_t1_DIV_1 w3_wprs-col l4\">\r\n\t\t\t<div class=\"wptripadvisor_t1_DIV_2 wprev_preview_bg1_T1 wprev_preview_bradius_T1\">\r\n\t\t\t\t<p class=\"wptripadvisor_t1_P_3 wprev_preview_tcolor1_T1\">\r\n\t\t\t\t\t<span class=\"wptripadvisor_star_imgs_T1\"><img src=\"https:\/\/barcelonawatersports.es\/wp-content\/plugins\/wp-tripadvisor-review-slider\/public\/partials\/imgs\/tripadvisor_stars_5.png\" alt=\"star rating\" class=\"wptripadvisor_t1_star_img_file\">&nbsp;&nbsp;<\/span>Notre famille a fait la meilleure croisi\u00e8re au coucher du soleil. Notre capitaine, Faith, \u00e9tait incroyable et Lily, notre second, \u00e9tait si gentil et amusant. Ne manquez pas cette croisi\u00e8re incroyable qui vaut tous les efforts.<a class='wprs_rd_more'>... lire la suite<\/a><span class='wprs_rd_more_text' style='display:none;'> penny.<\/span>\t\t\t\t<\/p>\r\n\t\t\t\t\t\t\t\t<a href=\"https:\/\/www.tripadvisor.co.uk\/Attraction_Review-g187497-d7913394-Reviews-Barcelona_Watersports-Barcelona_Catalonia.html\" target=\"_blank\" rel=\"nofollow\"><img src=\"https:\/\/barcelonawatersports.es\/wp-content\/plugins\/wp-tripadvisor-review-slider\/public\/partials\/imgs\/tripadvisor_outline.png\" alt=\"tripadvisor logo\" class=\"wptripadvisor_t1_tripadvisor_logo\"><\/a>\t\t\t<\/div><span class=\"wptripadvisor_t1_A_8\"><\/span> <span class=\"wptripadvisor_t1_SPAN_5 wprev_preview_tcolor2_T1\">JMZ7<br\/><span class=\"wprev_showdate_T1\">24 aout 2021<\/span> <\/span>\r\n\t\t<\/div>\r\n\t\t\t<div class=\"wptripadvisor_t1_DIV_1 w3_wprs-col l4\">\r\n\t\t\t<div class=\"wptripadvisor_t1_DIV_2 wprev_preview_bg1_T1 wprev_preview_bradius_T1\">\r\n\t\t\t\t<p class=\"wptripadvisor_t1_P_3 wprev_preview_tcolor1_T1\">\r\n\t\t\t\t\t<span class=\"wptripadvisor_star_imgs_T1\"><img src=\"https:\/\/barcelonawatersports.es\/wp-content\/plugins\/wp-tripadvisor-review-slider\/public\/partials\/imgs\/tripadvisor_stars_5.png\" alt=\"star rating\" class=\"wptripadvisor_t1_star_img_file\">&nbsp;&nbsp;<\/span>Un groupe exceptionnel de marins et de personnes formidables !  C'\u00e9tait une croisi\u00e8re agr\u00e9able au coucher du soleil sur un bateau qui avait beaucoup d'espace pour tout le monde.\t\t\t\t<\/p>\r\n\t\t\t\t\t\t\t\t<a href=\"https:\/\/www.tripadvisor.co.uk\/Attraction_Review-g187497-d7913394-Reviews-Barcelona_Watersports-Barcelona_Catalonia.html\" target=\"_blank\" rel=\"nofollow\"><img src=\"https:\/\/barcelonawatersports.es\/wp-content\/plugins\/wp-tripadvisor-review-slider\/public\/partials\/imgs\/tripadvisor_outline.png\" alt=\"tripadvisor logo\" class=\"wptripadvisor_t1_tripadvisor_logo\"><\/a>\t\t\t<\/div><span class=\"wptripadvisor_t1_A_8\"><\/span> <span class=\"wptripadvisor_t1_SPAN_5 wprev_preview_tcolor2_T1\">Compagnon55016664627<br\/><span class=\"wprev_showdate_T1\">29 octobre 2019<\/span> <\/span>\r\n\t\t<\/div>\r\n\t\t\t<div class=\"wptripadvisor_t1_DIV_1 w3_wprs-col l4\">\r\n\t\t\t<div class=\"wptripadvisor_t1_DIV_2 wprev_preview_bg1_T1 wprev_preview_bradius_T1\">\r\n\t\t\t\t<p class=\"wptripadvisor_t1_P_3 wprev_preview_tcolor1_T1\">\r\n\t\t\t\t\t<span class=\"wptripadvisor_star_imgs_T1\"><img src=\"https:\/\/barcelonawatersports.es\/wp-content\/plugins\/wp-tripadvisor-review-slider\/public\/partials\/imgs\/tripadvisor_stars_5.png\" alt=\"star rating\" class=\"wptripadvisor_t1_star_img_file\">&nbsp;&nbsp;<\/span>Super personnel et super bateau. Tout le monde \u00e9tait tr\u00e8s sympathique. Le bateau \u00e9tait impeccable ! Je recommande cette activit\u00e9.\t\t\t\t<\/p>\r\n\t\t\t\t\t\t\t\t<a href=\"https:\/\/www.tripadvisor.co.uk\/Attraction_Review-g187497-d7913394-Reviews-Barcelona_Watersports-Barcelona_Catalonia.html\" target=\"_blank\" rel=\"nofollow\"><img src=\"https:\/\/barcelonawatersports.es\/wp-content\/plugins\/wp-tripadvisor-review-slider\/public\/partials\/imgs\/tripadvisor_outline.png\" alt=\"tripadvisor logo\" class=\"wptripadvisor_t1_tripadvisor_logo\"><\/a>\t\t\t<\/div><span class=\"wptripadvisor_t1_A_8\"><\/span> <span class=\"wptripadvisor_t1_SPAN_5 wprev_preview_tcolor2_T1\">Bernard S<br\/><span class=\"wprev_showdate_T1\">1er septembre 2020<\/span> <\/span>\r\n\t\t<\/div>\r\n\t\t<\/div>\r\n<!-- This file should primarily consist of HTML with a little bit of PHP. -->\r\n<\/div>\r\n\n\n\t\t<\/div>\n\t<\/div>\n<\/div><\/div><\/div><\/div>","protected":false},"excerpt":{"rendered":"<p>RYA Powerboat TrainingRYA training courses with Barcelona Watersports offer you Internationally recognised certificates from the most well respected scheme in the World. We offer a wide range of courses for all ability levels from learning to sail to becoming a Yachtmaster and professional skipper. We love boating and we want to pass on our passion.&hellip;<\/p>","protected":false},"author":2,"featured_media":0,"parent":0,"menu_order":31,"comment_status":"closed","ping_status":"closed","template":"","meta":{"om_disable_all_campaigns":false,"_monsterinsights_skip_tracking":false,"_monsterinsights_sitenote_active":false,"_monsterinsights_sitenote_note":"","_monsterinsights_sitenote_category":0,"_uf_show_specific_survey":0,"_uf_disable_surveys":false},"yoast_head":"<!-- This site is optimized with the Yoast SEO Premium plugin v20.4 (Yoast SEO v20.6) - https:\/\/yoast.com\/wordpress\/plugins\/seo\/ -->\n<title>Guide to Powerboat courses - Barcelona Watersports<\/title>\n<meta name=\"robots\" content=\"index, follow, max-snippet:-1, max-image-preview:large, max-video-preview:-1\" \/>\n<link rel=\"canonical\" href=\"https:\/\/barcelonawatersports.es\/fr\/guide-to-powerboat-courses\/\" \/>\n<meta property=\"og:locale\" content=\"fr_FR\" \/>\n<meta property=\"og:type\" content=\"article\" \/>\n<meta property=\"og:title\" content=\"Guide to Powerboat courses\" \/>\n<meta property=\"og:url\" content=\"https:\/\/barcelonawatersports.es\/fr\/guide-to-powerboat-courses\/\" \/>\n<meta property=\"og:site_name\" content=\"Barcelona Watersports\" \/>\n<meta property=\"article:publisher\" content=\"https:\/\/www.facebook.com\/Barcelona-Watersports-694500170570814\" \/>\n<meta property=\"article:modified_time\" content=\"2023-01-05T12:47:09+00:00\" \/>\n<meta name=\"twitter:card\" content=\"summary_large_image\" \/>\n<meta name=\"twitter:label1\" content=\"Dur\u00e9e de lecture estim\u00e9e\" \/>\n\t<meta name=\"twitter:data1\" content=\"3 minutes\" \/>\n<script type=\"application\/ld+json\" class=\"yoast-schema-graph\">{\"@context\":\"https:\/\/schema.org\",\"@graph\":[{\"@type\":\"WebPage\",\"@id\":\"https:\/\/barcelonawatersports.es\/guide-to-powerboat-courses\/\",\"url\":\"https:\/\/barcelonawatersports.es\/guide-to-powerboat-courses\/\",\"name\":\"Guide to Powerboat courses - Barcelona Watersports\",\"isPartOf\":{\"@id\":\"https:\/\/barcelonawatersports.es\/#website\"},\"datePublished\":\"2021-05-12T14:34:39+00:00\",\"dateModified\":\"2023-01-05T12:47:09+00:00\",\"breadcrumb\":{\"@id\":\"https:\/\/barcelonawatersports.es\/guide-to-powerboat-courses\/#breadcrumb\"},\"inLanguage\":\"fr-FR\",\"potentialAction\":[{\"@type\":\"ReadAction\",\"target\":[\"https:\/\/barcelonawatersports.es\/guide-to-powerboat-courses\/\"]}]},{\"@type\":\"BreadcrumbList\",\"@id\":\"https:\/\/barcelonawatersports.es\/guide-to-powerboat-courses\/#breadcrumb\",\"itemListElement\":[{\"@type\":\"ListItem\",\"position\":1,\"name\":\"Home\",\"item\":\"https:\/\/barcelonawatersports.es\/\"},{\"@type\":\"ListItem\",\"position\":2,\"name\":\"Guide to Powerboat courses\"}]},{\"@type\":\"WebSite\",\"@id\":\"https:\/\/barcelonawatersports.es\/#website\",\"url\":\"https:\/\/barcelonawatersports.es\/\",\"name\":\"Barcelona Watersports\",\"description\":\"Sailing and Powerboat trips and Lessons\",\"publisher\":{\"@id\":\"https:\/\/barcelonawatersports.es\/#organization\"},\"potentialAction\":[{\"@type\":\"SearchAction\",\"target\":{\"@type\":\"EntryPoint\",\"urlTemplate\":\"https:\/\/barcelonawatersports.es\/?s={search_term_string}\"},\"query-input\":\"required name=search_term_string\"}],\"inLanguage\":\"fr-FR\"},{\"@type\":\"Organization\",\"@id\":\"https:\/\/barcelonawatersports.es\/#organization\",\"name\":\"Barcelona Watersports\",\"url\":\"https:\/\/barcelonawatersports.es\/\",\"logo\":{\"@type\":\"ImageObject\",\"inLanguage\":\"fr-FR\",\"@id\":\"https:\/\/barcelonawatersports.es\/#\/schema\/logo\/image\/\",\"url\":\"https:\/\/barcelonawatersports.es\/wp-content\/uploads\/2021\/01\/flavicon.png\",\"contentUrl\":\"https:\/\/barcelonawatersports.es\/wp-content\/uploads\/2021\/01\/flavicon.png\",\"width\":698,\"height\":698,\"caption\":\"Barcelona Watersports\"},\"image\":{\"@id\":\"https:\/\/barcelonawatersports.es\/#\/schema\/logo\/image\/\"},\"sameAs\":[\"https:\/\/www.facebook.com\/Barcelona-Watersports-694500170570814\",\"https:\/\/www.instagram.com\/barcelona_watersports\/\"]}]}<\/script>\n<!-- \/ Yoast SEO Premium plugin. -->","yoast_head_json":{"title":"Guide to Powerboat courses - Barcelona Watersports","robots":{"index":"index","follow":"follow","max-snippet":"max-snippet:-1","max-image-preview":"max-image-preview:large","max-video-preview":"max-video-preview:-1"},"canonical":"https:\/\/barcelonawatersports.es\/fr\/guide-to-powerboat-courses\/","og_locale":"fr_FR","og_type":"article","og_title":"Guide to Powerboat courses","og_url":"https:\/\/barcelonawatersports.es\/fr\/guide-to-powerboat-courses\/","og_site_name":"Barcelona Watersports","article_publisher":"https:\/\/www.facebook.com\/Barcelona-Watersports-694500170570814","article_modified_time":"2023-01-05T12:47:09+00:00","twitter_card":"summary_large_image","twitter_misc":{"Dur\u00e9e de lecture estim\u00e9e":"3 minutes"},"schema":{"@context":"https:\/\/schema.org","@graph":[{"@type":"WebPage","@id":"https:\/\/barcelonawatersports.es\/guide-to-powerboat-courses\/","url":"https:\/\/barcelonawatersports.es\/guide-to-powerboat-courses\/","name":"Guide to Powerboat courses - Barcelona Watersports","isPartOf":{"@id":"https:\/\/barcelonawatersports.es\/#website"},"datePublished":"2021-05-12T14:34:39+00:00","dateModified":"2023-01-05T12:47:09+00:00","breadcrumb":{"@id":"https:\/\/barcelonawatersports.es\/guide-to-powerboat-courses\/#breadcrumb"},"inLanguage":"fr-FR","potentialAction":[{"@type":"ReadAction","target":["https:\/\/barcelonawatersports.es\/guide-to-powerboat-courses\/"]}]},{"@type":"BreadcrumbList","@id":"https:\/\/barcelonawatersports.es\/guide-to-powerboat-courses\/#breadcrumb","itemListElement":[{"@type":"ListItem","position":1,"name":"Home","item":"https:\/\/barcelonawatersports.es\/"},{"@type":"ListItem","position":2,"name":"Guide to Powerboat courses"}]},{"@type":"WebSite","@id":"https:\/\/barcelonawatersports.es\/#website","url":"https:\/\/barcelonawatersports.es\/","name":"Barcelona Watersports","description":"Sailing and Powerboat trips and Lessons","publisher":{"@id":"https:\/\/barcelonawatersports.es\/#organization"},"potentialAction":[{"@type":"SearchAction","target":{"@type":"EntryPoint","urlTemplate":"https:\/\/barcelonawatersports.es\/?s={search_term_string}"},"query-input":"required name=search_term_string"}],"inLanguage":"fr-FR"},{"@type":"Organization","@id":"https:\/\/barcelonawatersports.es\/#organization","name":"Barcelona Watersports","url":"https:\/\/barcelonawatersports.es\/","logo":{"@type":"ImageObject","inLanguage":"fr-FR","@id":"https:\/\/barcelonawatersports.es\/#\/schema\/logo\/image\/","url":"https:\/\/barcelonawatersports.es\/wp-content\/uploads\/2021\/01\/flavicon.png","contentUrl":"https:\/\/barcelonawatersports.es\/wp-content\/uploads\/2021\/01\/flavicon.png","width":698,"height":698,"caption":"Barcelona Watersports"},"image":{"@id":"https:\/\/barcelonawatersports.es\/#\/schema\/logo\/image\/"},"sameAs":["https:\/\/www.facebook.com\/Barcelona-Watersports-694500170570814","https:\/\/www.instagram.com\/barcelona_watersports\/"]}]}},"_links":{"self":[{"href":"https:\/\/barcelonawatersports.es\/fr\/wp-json\/wp\/v2\/pages\/2451"}],"collection":[{"href":"https:\/\/barcelonawatersports.es\/fr\/wp-json\/wp\/v2\/pages"}],"about":[{"href":"https:\/\/barcelonawatersports.es\/fr\/wp-json\/wp\/v2\/types\/page"}],"author":[{"embeddable":true,"href":"https:\/\/barcelonawatersports.es\/fr\/wp-json\/wp\/v2\/users\/2"}],"replies":[{"embeddable":true,"href":"https:\/\/barcelonawatersports.es\/fr\/wp-json\/wp\/v2\/comments?post=2451"}],"version-history":[{"count":3,"href":"https:\/\/barcelonawatersports.es\/fr\/wp-json\/wp\/v2\/pages\/2451\/revisions"}],"predecessor-version":[{"id":2681,"href":"https:\/\/barcelonawatersports.es\/fr\/wp-json\/wp\/v2\/pages\/2451\/revisions\/2681"}],"wp:attachment":[{"href":"https:\/\/barcelonawatersports.es\/fr\/wp-json\/wp\/v2\/media?parent=2451"}],"curies":[{"name":"wp","href":"https:\/\/api.w.org\/{rel}","templated":true}]}}