{"id":1872,"date":"2020-10-11T10:42:37","date_gmt":"2020-10-11T10:42:37","guid":{"rendered":"https:\/\/torquaywatersports.co.uk\/?page_id=1872"},"modified":"2021-01-12T17:35:07","modified_gmt":"2021-01-12T17:35:07","slug":"booking-terms-conditions","status":"publish","type":"page","link":"https:\/\/barcelonawatersports.es\/fr\/booking-terms-conditions\/","title":{"rendered":"Conditions de r\u00e9servation"},"content":{"rendered":"<div class=\"vc_row wpb_row vc_row-fluid\"><div class=\"wpb_column vc_column_container vc_col-sm-12\"><div class=\"vc_column-inner\"><div class=\"wpb_wrapper\">\n\t<div class=\"wpb_text_column wpb_content_element\" >\n\t\t<div class=\"wpb_wrapper\">\n\t\t\t<p>Barcelona Watersports<span class=\"Apple-converted-space\">\u00a0<\/span><\/p>\n<p>Conditions g\u00e9n\u00e9rales d'utilisation<\/p>\n<p><b>Toutes les r\u00e9servations sont soumises aux pr\u00e9sentes conditions g\u00e9n\u00e9rales<\/b><\/p>\n<p>En soumettant votre r\u00e9servation, vous nous d\u00e9clarez que vous avez le pouvoir d'effectuer la r\u00e9servation au nom de votre groupe et que vous acceptez, au nom de votre groupe, que la r\u00e9servation soit soumise aux pr\u00e9sentes conditions g\u00e9n\u00e9rales. Un contrat est conclu d\u00e8s que nous \u00e9mettons notre formulaire de confirmation de r\u00e9servation.<\/p>\n<p>Vous devez v\u00e9rifier soigneusement et rapidement les d\u00e9tails de votre confirmation afin de vous assurer qu'elle refl\u00e8te bien la r\u00e9servation que vous avez demand\u00e9e. Vous devez nous informer imm\u00e9diatement de toute anomalie ou modification. Si la date du cours\/de l'\u00e9v\u00e9nement est inf\u00e9rieure \u00e0 14 jours \u00e0 compter de la date d'\u00e9mission du formulaire de confirmation de r\u00e9servation, toute anomalie ou modification doit \u00eatre signal\u00e9e dans les 24 heures suivant la date d'acceptation. Dans tous les autres cas, vous devez nous informer dans les 7 jours ouvrables suivant la r\u00e9ception du formulaire de confirmation de r\u00e9servation.<\/p>\n<p><b>Prix<\/b><\/p>\n<p>Tous les prix des cours\/\u00e9v\u00e9nements sont susceptibles d'\u00eatre modifi\u00e9s. Toutefois, une fois que vous avez effectu\u00e9 votre r\u00e9servation et vers\u00e9 un acompte (25% du prix du cours\/de l'\u00e9v\u00e9nement avec un acompte minimum de 99 \u20ac ou le prix du cours\/de l'\u00e9v\u00e9nement s'il est inf\u00e9rieur) sur le prix du cours\/de l'\u00e9v\u00e9nement, le prix ne sera normalement pas modifi\u00e9 (sauf en cas d'erreur ou d'omission dans la facturation). Le solde du prix du cours\/de l'\u00e9v\u00e9nement doit \u00eatre pay\u00e9 au moins 8 semaines avant la date de d\u00e9but du cours\/de l'\u00e9v\u00e9nement (ou pay\u00e9 \u00e0 la commande si le cours\/l'\u00e9v\u00e9nement a lieu moins de 8 semaines apr\u00e8s la date de r\u00e9servation). Si le solde n'est pas pay\u00e9 \u00e0 temps, nous pouvons annuler le cours\/\u00e9v\u00e9nement r\u00e9serv\u00e9 et conserver votre acompte.<\/p>\n<p><b>Modifications des r\u00e9servations<\/b><\/p>\n<p>Si, apr\u00e8s avoir effectu\u00e9 votre r\u00e9servation, vous souhaitez modifier votre cours\/\u00e9v\u00e9nement de quelque mani\u00e8re que ce soit, nous ferons tout ce qui est raisonnablement possible pour tenir compte de ces changements, mais cela ne sera pas toujours possible. Si vous ou l'un des membres de votre groupe n'\u00eates pas en mesure de participer au cours\/\u00e0 l'\u00e9v\u00e9nement, vous pouvez transf\u00e9rer la r\u00e9servation \u00e0 une personne de remplacement, \u00e0 condition qu'elle remplisse toutes les conditions applicables \u00e0 la r\u00e9servation initiale et que votre demande nous parvienne au moins 14 jours avant le d\u00e9but du cours\/de l'\u00e9v\u00e9nement. Toute demande de modification doit \u00eatre formul\u00e9e par \u00e9crit et sign\u00e9e par le chef de file de votre groupe. Vous serez tenu de payer tous les frais et d\u00e9penses que nous aurons encourus pour effectuer cette modification ; vous trouverez de plus amples informations \u00e0 ce sujet dans la confirmation de r\u00e9servation que nous vous enverrons. Si vous demandez une modification importante de la r\u00e9servation du cours\/de l'\u00e9v\u00e9nement dans les 4 semaines pr\u00e9c\u00e9dant la date de d\u00e9but (changement de date, diminution de la taille du groupe), cette demande sera trait\u00e9e comme une annulation et une nouvelle r\u00e9servation. Les clients souhaitant s'ajouter \u00e0 un groupe apr\u00e8s la r\u00e9servation initiale ne pourront le faire que s'il y a suffisamment de places disponibles. La disponibilit\u00e9 ne doit pas \u00eatre pr\u00e9sum\u00e9e et vous devez d'abord nous contacter pour v\u00e9rifier la disponibilit\u00e9. Le prix de votre cours\/\u00e9v\u00e9nement peut augmenter ou diminuer pour refl\u00e9ter les changements que vous avez demand\u00e9s, mais veuillez noter qu'une r\u00e9duction du nombre de participants \u00e0 un cours\/\u00e9v\u00e9nement n'entra\u00eenera pas n\u00e9cessairement une r\u00e9duction du prix de la r\u00e9servation.<\/p>\n<p><b>Des frais d'annulation peuvent \u00e9galement s'appliquer<\/b><\/p>\n<p>Vous pouvez annuler votre cours\/\u00e9v\u00e9nement \u00e0 tout moment. Une notification \u00e9crite de la part du chef de file de votre groupe est n\u00e9cessaire. L'annulation ne sera accept\u00e9e que moyennant le paiement des frais d'annulation indiqu\u00e9s ci-dessous. Les frais d'annulation suivants s'appliquent :<\/p>\n<p>- <b>Plus de 4 semaines avant le cours\/la manifestation - perte de l'acompte<\/b><\/p>\n<p>- <b>Moins de 4 semaines avant le cours\/la manifestation - 100% du prix du cours\/de la manifestation<\/b><\/p>\n<p>\u00c0 notre discr\u00e9tion, nous pouvons autoriser l'utilisation d'un acompte perdu pour un autre cours\/\u00e9v\u00e9nement organis\u00e9 par nous ou pour le m\u00eame cours \u00e0 une autre date. Dans tous les cas, une telle r\u00e9servation se fera au prix en vigueur au moment de la nouvelle r\u00e9servation et sera soumise \u00e0 des frais administratifs de 25 euros. Dans ces circonstances, nous offrons des r\u00e9ductions significatives pour toute nouvelle r\u00e9servation dans les 12 mois.<\/p>\n<p>La r\u00e9duction est bas\u00e9e sur le d\u00e9lai de pr\u00e9avis pour l'annulation de la r\u00e9servation et sur les tarifs non r\u00e9duits des cours :<\/p>\n<p><b>- Plus de 4 semaines avant le cours\/l'\u00e9v\u00e9nement - 90% r\u00e9duction sur les tarifs de la brochure compl\u00e8te<\/b><\/p>\n<p><b>- 2- 4 semaines avant le cours\/l'\u00e9v\u00e9nement - 75% r\u00e9duction sur les tarifs de la brochure compl\u00e8te<\/b><\/p>\n<p><b>- 13 jours - 72 heures avant le cours\/l'\u00e9v\u00e9nement - R\u00e9duction 50% sur les tarifs de la brochure compl\u00e8te<\/b><\/p>\n<p><b>- 72 heures ou moins - 25% r\u00e9duction sur les tarifs de la brochure compl\u00e8te<\/b><\/p>\n<p>Par exemple, si vous r\u00e9servez un cours d'une valeur de 200 euros et que vous devez modifier la date de ce cours :<\/p>\n<p>4 semaines \u00e0 l'avance, cela vous co\u00fbtera 20 euros suppl\u00e9mentaires.<\/p>\n<p>Avec un pr\u00e9avis de 2 semaines, vous devrez payer un suppl\u00e9ment de 50 \u20ac.<\/p>\n<p>Avec un pr\u00e9avis de 3 jours, il vous en co\u00fbtera 100 \u20ac de plus.<\/p>\n<p>Avec un pr\u00e9avis de 24 heures, il vous en co\u00fbtera 150 \u20ac de plus.<\/p>\n<p><b>Report par nos soins en raison de mauvaises conditions m\u00e9t\u00e9orologiques<\/b><\/p>\n<p>Il peut arriver que les cours doivent \u00eatre report\u00e9s en raison du mauvais temps. Dans ce cas, nous vous proposerons d'autres dates, mais aucun remboursement ne sera possible.<\/p>\n<p>Il peut arriver que des \u00e9v\u00e9nements de groupe doivent \u00eatre report\u00e9s en raison du mauvais temps. Dans ce cas, nous vous proposerons d'autres dates.<\/p>\n<p>Si vous ne pouvez pas ou ne voulez pas accepter ces nouvelles dates, nous vous rembourserons le co\u00fbt total du cours moins 15%.<\/p>\n<p><b>S\u00e9curit\u00e9 et circonstances ind\u00e9pendantes de notre volont\u00e9<\/b><\/p>\n<p>Votre s\u00e9curit\u00e9 \u00e9tant notre premi\u00e8re pr\u00e9occupation, nous pouvons annuler, reporter ou r\u00e9duire la dur\u00e9e d'un cours ou d'un \u00e9v\u00e9nement en cas de conditions m\u00e9t\u00e9orologiques susceptibles, \u00e0 notre avis, de rendre le cours ou l'\u00e9v\u00e9nement dangereux ou peu s\u00fbr, ou en raison de circonstances ind\u00e9pendantes de notre volont\u00e9 (y compris la maladie du personnel). Nous pouvons \u00e9galement annuler, reporter ou reprogrammer un cours\/\u00e9v\u00e9nement si le nombre de participants est insuffisant pour le rendre viable. Le cas \u00e9ch\u00e9ant, le type de cours\/\u00e9v\u00e9nement et\/ou l'itin\u00e9raire peuvent \u00eatre modifi\u00e9s si n\u00e9cessaire. Veuillez nous contacter en cas de doute sur la possibilit\u00e9 d'organiser un cours\/\u00e9v\u00e9nement. Comme toutes les autres exp\u00e9riences bas\u00e9es sur des activit\u00e9s, les activit\u00e9s de sports nautiques comportent un \u00e9l\u00e9ment de risque. Il doit \u00eatre entendu que votre participation \u00e0 ces activit\u00e9s rel\u00e8ve de votre d\u00e9cision et se fait \u00e0 vos risques et p\u00e9rils. Le responsable du cours\/de l'\u00e9v\u00e9nement et le chef de service sont les premiers responsables de la s\u00e9curit\u00e9 de l'\u00e9quipage, des invit\u00e9s et de l'embarcation \u00e0 tout moment, et leur d\u00e9cision est sans appel. Si un membre de votre groupe commet un acte ill\u00e9gal ou potentiellement dangereux, y compris le port ou l'absorption de drogues pendant ou avant un stage\/\u00e9v\u00e9nement, s'il est sous l'influence de l'alcool, s'il ignore de mani\u00e8re persistante les instructions du responsable du stage\/\u00e9v\u00e9nement ou du directeur de service, s'il est perturbateur ou s'il fait preuve d'un comportement difficile, le responsable du stage\/\u00e9v\u00e9nement et le directeur de service se r\u00e9servent le droit de mettre fin \u00e0 la participation de ces personnes au stage\/\u00e9v\u00e9nement, sans aucune responsabilit\u00e9 \u00e0 leur \u00e9gard. Dans ce cas, il n'y aura aucun droit \u00e0 un remboursement et nous nous r\u00e9servons le droit de faire une r\u00e9clamation pour les co\u00fbts et les pertes encourus.<\/p>\n<p><b>Utilisation de photos et de vid\u00e9os<\/b><\/p>\n<p>Nous prenons fr\u00e9quemment des photos et des vid\u00e9os de nos clients, qu'ils soient adultes ou \u00e2g\u00e9s de moins de 16 ans. Nous nous r\u00e9servons le droit de les utiliser dans nos brochures, dans les m\u00e9dias sociaux et dans tout autre mat\u00e9riel promotionnel. Si vous souhaitez vous d\u00e9sinscrire, veuillez envoyer un courriel \u00e0 l'adresse suivante <a href=\"mailto:info@barcelonawatersports.es\">info@barcelonawatersports.es<\/a><\/p>\n<p><b>Dommages caus\u00e9s par les clients<\/b><\/p>\n<p>Si des dommages ou des pertes sont caus\u00e9s aux bateaux, aux personnes ou \u00e0 l'\u00e9quipement \u00e0 la suite d'un dommage volontaire ou d'une n\u00e9gligence grave de la part d'un client, d'un client sous l'influence de l'alcool ou de drogues ou \u00e0 la suite d'un refus ou d'un manquement aux instructions donn\u00e9es par notre personnel, ce dernier sera responsable du montant total de la r\u00e9paration ou du remplacement et de tous les co\u00fbts qui en r\u00e9sultent. Le responsable du cours\/de l'\u00e9v\u00e9nement se r\u00e9serve le droit de mettre fin au cours\/\u00e0 l'\u00e9v\u00e9nement. Les adultes sont \u00e0 tout moment responsables des mineurs dont ils ont la charge. Nos bateaux et notre \u00e9quipage sont enti\u00e8rement assur\u00e9s. Notre police d'assurance couvre enti\u00e8rement l'\u00e9quipement et les bateaux, ainsi que la responsabilit\u00e9 civile du responsable du cours\/de l'\u00e9v\u00e9nement et de l'\u00e9quipage. Toutefois, nous ne pouvons \u00eatre tenus responsables des pertes ou des dommages caus\u00e9s \u00e0 une personne autrement que par notre n\u00e9gligence ou notre rupture de contrat, ni des dommages caus\u00e9s \u00e0 vos biens, quelle qu'en soit la cause, et nous vous recommandons de souscrire une assurance appropri\u00e9e pour couvrir ces pertes non assur\u00e9es.<\/p>\n<p><b>Plaintes<\/b><\/p>\n<p>Dans chaque centre, nous avons un responsable de service qui est toujours disponible pour traiter les probl\u00e8mes li\u00e9s \u00e0 votre activit\u00e9. Il est essentiel que vous souleviez les probl\u00e8mes pendant votre cours\/activit\u00e9 afin qu'ils puissent \u00eatre trait\u00e9s imm\u00e9diatement. Les deux directeurs de l'entreprise sont \u00e9galement disponibles pour s'assurer que votre exp\u00e9rience avec Barcelona Watersports est positive.<\/p>\n<p>&nbsp;<\/p>\n\n\t\t<\/div>\n\t<\/div>\n<\/div><\/div><\/div><\/div>","protected":false},"excerpt":{"rendered":"<p>Barcelona Watersports\u00a0 Terms and Conditions All bookings subject to these Terms and Conditions By submitting your booking you represent to us that you have the authority to make the booking on behalf of your party and that you accept on behalf of your party that the booking is subject to these Terms and Conditions. A&hellip;<\/p>","protected":false},"author":1,"featured_media":1528,"parent":0,"menu_order":5,"comment_status":"closed","ping_status":"closed","template":"","meta":{"om_disable_all_campaigns":false,"_monsterinsights_skip_tracking":false,"_monsterinsights_sitenote_active":false,"_monsterinsights_sitenote_note":"","_monsterinsights_sitenote_category":0,"_uf_show_specific_survey":0,"_uf_disable_surveys":false},"yoast_head":"<!-- This site is optimized with the Yoast SEO Premium plugin v20.4 (Yoast SEO v20.6) - https:\/\/yoast.com\/wordpress\/plugins\/seo\/ -->\n<title>Booking Terms &amp; Conditions - Barcelona Watersports<\/title>\n<meta name=\"robots\" content=\"index, follow, max-snippet:-1, max-image-preview:large, max-video-preview:-1\" \/>\n<link rel=\"canonical\" href=\"https:\/\/barcelonawatersports.es\/fr\/booking-terms-conditions\/\" \/>\n<meta property=\"og:locale\" content=\"fr_FR\" \/>\n<meta property=\"og:type\" content=\"article\" \/>\n<meta property=\"og:title\" content=\"Booking Terms &amp; Conditions\" \/>\n<meta property=\"og:url\" content=\"https:\/\/barcelonawatersports.es\/fr\/booking-terms-conditions\/\" \/>\n<meta property=\"og:site_name\" content=\"Barcelona Watersports\" \/>\n<meta property=\"article:publisher\" content=\"https:\/\/www.facebook.com\/Barcelona-Watersports-694500170570814\" \/>\n<meta property=\"article:modified_time\" content=\"2021-01-12T17:35:07+00:00\" \/>\n<meta property=\"og:image\" content=\"https:\/\/barcelonawatersports.es\/wp-content\/uploads\/2020\/08\/IMG_5025-scaled.jpeg\" \/>\n\t<meta property=\"og:image:width\" content=\"2560\" \/>\n\t<meta property=\"og:image:height\" content=\"1920\" \/>\n\t<meta property=\"og:image:type\" content=\"image\/jpeg\" \/>\n<meta name=\"twitter:card\" content=\"summary_large_image\" \/>\n<meta name=\"twitter:label1\" content=\"Dur\u00e9e de lecture estim\u00e9e\" \/>\n\t<meta name=\"twitter:data1\" content=\"7 minutes\" \/>\n<script type=\"application\/ld+json\" class=\"yoast-schema-graph\">{\"@context\":\"https:\/\/schema.org\",\"@graph\":[{\"@type\":\"WebPage\",\"@id\":\"https:\/\/barcelonawatersports.es\/es\/booking-terms-conditions\/\",\"url\":\"https:\/\/barcelonawatersports.es\/es\/booking-terms-conditions\/\",\"name\":\"Booking Terms & Conditions - Barcelona Watersports\",\"isPartOf\":{\"@id\":\"https:\/\/barcelonawatersports.es\/#website\"},\"datePublished\":\"2020-10-11T10:42:37+00:00\",\"dateModified\":\"2021-01-12T17:35:07+00:00\",\"breadcrumb\":{\"@id\":\"https:\/\/barcelonawatersports.es\/es\/booking-terms-conditions\/#breadcrumb\"},\"inLanguage\":\"fr-FR\",\"potentialAction\":[{\"@type\":\"ReadAction\",\"target\":[\"https:\/\/barcelonawatersports.es\/es\/booking-terms-conditions\/\"]}]},{\"@type\":\"BreadcrumbList\",\"@id\":\"https:\/\/barcelonawatersports.es\/es\/booking-terms-conditions\/#breadcrumb\",\"itemListElement\":[{\"@type\":\"ListItem\",\"position\":1,\"name\":\"Home\",\"item\":\"https:\/\/barcelonawatersports.es\/\"},{\"@type\":\"ListItem\",\"position\":2,\"name\":\"Booking Terms &#038; Conditions\"}]},{\"@type\":\"WebSite\",\"@id\":\"https:\/\/barcelonawatersports.es\/#website\",\"url\":\"https:\/\/barcelonawatersports.es\/\",\"name\":\"Barcelona Watersports\",\"description\":\"Sailing and Powerboat trips and Lessons\",\"publisher\":{\"@id\":\"https:\/\/barcelonawatersports.es\/#organization\"},\"potentialAction\":[{\"@type\":\"SearchAction\",\"target\":{\"@type\":\"EntryPoint\",\"urlTemplate\":\"https:\/\/barcelonawatersports.es\/?s={search_term_string}\"},\"query-input\":\"required name=search_term_string\"}],\"inLanguage\":\"fr-FR\"},{\"@type\":\"Organization\",\"@id\":\"https:\/\/barcelonawatersports.es\/#organization\",\"name\":\"Barcelona Watersports\",\"url\":\"https:\/\/barcelonawatersports.es\/\",\"logo\":{\"@type\":\"ImageObject\",\"inLanguage\":\"fr-FR\",\"@id\":\"https:\/\/barcelonawatersports.es\/#\/schema\/logo\/image\/\",\"url\":\"https:\/\/barcelonawatersports.es\/wp-content\/uploads\/2021\/01\/flavicon.png\",\"contentUrl\":\"https:\/\/barcelonawatersports.es\/wp-content\/uploads\/2021\/01\/flavicon.png\",\"width\":698,\"height\":698,\"caption\":\"Barcelona Watersports\"},\"image\":{\"@id\":\"https:\/\/barcelonawatersports.es\/#\/schema\/logo\/image\/\"},\"sameAs\":[\"https:\/\/www.facebook.com\/Barcelona-Watersports-694500170570814\",\"https:\/\/www.instagram.com\/barcelona_watersports\/\"]}]}<\/script>\n<!-- \/ Yoast SEO Premium plugin. -->","yoast_head_json":{"title":"Booking Terms & Conditions - Barcelona Watersports","robots":{"index":"index","follow":"follow","max-snippet":"max-snippet:-1","max-image-preview":"max-image-preview:large","max-video-preview":"max-video-preview:-1"},"canonical":"https:\/\/barcelonawatersports.es\/fr\/booking-terms-conditions\/","og_locale":"fr_FR","og_type":"article","og_title":"Booking Terms & Conditions","og_url":"https:\/\/barcelonawatersports.es\/fr\/booking-terms-conditions\/","og_site_name":"Barcelona Watersports","article_publisher":"https:\/\/www.facebook.com\/Barcelona-Watersports-694500170570814","article_modified_time":"2021-01-12T17:35:07+00:00","og_image":[{"width":2560,"height":1920,"url":"https:\/\/barcelonawatersports.es\/wp-content\/uploads\/2020\/08\/IMG_5025-scaled.jpeg","type":"image\/jpeg"}],"twitter_card":"summary_large_image","twitter_misc":{"Dur\u00e9e de lecture estim\u00e9e":"7 minutes"},"schema":{"@context":"https:\/\/schema.org","@graph":[{"@type":"WebPage","@id":"https:\/\/barcelonawatersports.es\/es\/booking-terms-conditions\/","url":"https:\/\/barcelonawatersports.es\/es\/booking-terms-conditions\/","name":"Booking Terms & Conditions - Barcelona Watersports","isPartOf":{"@id":"https:\/\/barcelonawatersports.es\/#website"},"datePublished":"2020-10-11T10:42:37+00:00","dateModified":"2021-01-12T17:35:07+00:00","breadcrumb":{"@id":"https:\/\/barcelonawatersports.es\/es\/booking-terms-conditions\/#breadcrumb"},"inLanguage":"fr-FR","potentialAction":[{"@type":"ReadAction","target":["https:\/\/barcelonawatersports.es\/es\/booking-terms-conditions\/"]}]},{"@type":"BreadcrumbList","@id":"https:\/\/barcelonawatersports.es\/es\/booking-terms-conditions\/#breadcrumb","itemListElement":[{"@type":"ListItem","position":1,"name":"Home","item":"https:\/\/barcelonawatersports.es\/"},{"@type":"ListItem","position":2,"name":"Booking Terms &#038; Conditions"}]},{"@type":"WebSite","@id":"https:\/\/barcelonawatersports.es\/#website","url":"https:\/\/barcelonawatersports.es\/","name":"Barcelona Watersports","description":"Sailing and Powerboat trips and Lessons","publisher":{"@id":"https:\/\/barcelonawatersports.es\/#organization"},"potentialAction":[{"@type":"SearchAction","target":{"@type":"EntryPoint","urlTemplate":"https:\/\/barcelonawatersports.es\/?s={search_term_string}"},"query-input":"required name=search_term_string"}],"inLanguage":"fr-FR"},{"@type":"Organization","@id":"https:\/\/barcelonawatersports.es\/#organization","name":"Barcelona Watersports","url":"https:\/\/barcelonawatersports.es\/","logo":{"@type":"ImageObject","inLanguage":"fr-FR","@id":"https:\/\/barcelonawatersports.es\/#\/schema\/logo\/image\/","url":"https:\/\/barcelonawatersports.es\/wp-content\/uploads\/2021\/01\/flavicon.png","contentUrl":"https:\/\/barcelonawatersports.es\/wp-content\/uploads\/2021\/01\/flavicon.png","width":698,"height":698,"caption":"Barcelona Watersports"},"image":{"@id":"https:\/\/barcelonawatersports.es\/#\/schema\/logo\/image\/"},"sameAs":["https:\/\/www.facebook.com\/Barcelona-Watersports-694500170570814","https:\/\/www.instagram.com\/barcelona_watersports\/"]}]}},"_links":{"self":[{"href":"https:\/\/barcelonawatersports.es\/fr\/wp-json\/wp\/v2\/pages\/1872"}],"collection":[{"href":"https:\/\/barcelonawatersports.es\/fr\/wp-json\/wp\/v2\/pages"}],"about":[{"href":"https:\/\/barcelonawatersports.es\/fr\/wp-json\/wp\/v2\/types\/page"}],"author":[{"embeddable":true,"href":"https:\/\/barcelonawatersports.es\/fr\/wp-json\/wp\/v2\/users\/1"}],"replies":[{"embeddable":true,"href":"https:\/\/barcelonawatersports.es\/fr\/wp-json\/wp\/v2\/comments?post=1872"}],"version-history":[{"count":7,"href":"https:\/\/barcelonawatersports.es\/fr\/wp-json\/wp\/v2\/pages\/1872\/revisions"}],"predecessor-version":[{"id":2253,"href":"https:\/\/barcelonawatersports.es\/fr\/wp-json\/wp\/v2\/pages\/1872\/revisions\/2253"}],"wp:featuredmedia":[{"embeddable":true,"href":"https:\/\/barcelonawatersports.es\/fr\/wp-json\/wp\/v2\/media\/1528"}],"wp:attachment":[{"href":"https:\/\/barcelonawatersports.es\/fr\/wp-json\/wp\/v2\/media?parent=1872"}],"curies":[{"name":"wp","href":"https:\/\/api.w.org\/{rel}","templated":true}]}}