{"id":1757,"date":"2020-09-26T20:01:22","date_gmt":"2020-09-26T20:01:22","guid":{"rendered":"https:\/\/torquaywatersports.co.uk\/?page_id=1757"},"modified":"2020-10-02T11:17:24","modified_gmt":"2020-10-02T11:17:24","slug":"seafari","status":"publish","type":"page","link":"https:\/\/barcelonawatersports.es\/fr\/seafari\/","title":{"rendered":"1 heure d'excursion en bateau pneumatique"},"content":{"rendered":"<div class=\"vc_row wpb_row vc_row-fluid vc_custom_1601151562905\"><div class=\"wpb_column vc_column_container vc_col-sm-12 vc_col-lg-offset-2 vc_col-lg-8 vc_col-md-offset-1 vc_col-md-10 vc_col-sm-offset-0\"><div class=\"vc_column-inner vc_custom_1492694838569\"><div class=\"wpb_wrapper\"><div id=\"ultimate-heading-602769f428a412805\" class=\"uvc-heading ult-adjust-bottom-margin ultimate-heading-602769f428a412805 uvc-597 accent-subtitle-color\" data-hspacer=\"no_spacer\"  data-halign=\"center\" style=\"text-align:center\"><div class=\"uvc-heading-spacer no_spacer\" style=\"top\"><\/div><div class=\"uvc-main-heading ult-responsive\"  data-ultimate-target='.uvc-heading.ultimate-heading-602769f428a412805 h2'  data-responsive-json-new='{\"font-size\":\"desktop:70px;tablet:50px;tablet_portrait:40px;mobile_landscape:28px;\",\"line-height\":\"desktop:80px;tablet:60px;tablet_portrait:50px;mobile_landscape:38px;\"}' ><h2 style=\"font-weight:bold;color:#ffffff;margin-bottom:30px;\">1 heure d'excursion en bateau pneumatique<\/h2><\/div><div class=\"uvc-sub-heading ult-responsive\"  data-ultimate-target='.uvc-heading.ultimate-heading-602769f428a412805 .uvc-sub-heading '  data-responsive-json-new='{\"font-size\":\"desktop:28px;mobile_landscape:18px;\",\"line-height\":\"desktop:38px;mobile_landscape:28px;\"}'  style=\"font-family:&#039;Roboto Slab&#039;;font-weight:700;\"><\/p>\n<p>Explorez les criques et les baies de la Riviera anglaise \u00e0 bord de notre semi-rigide de 9 m, avec notre skipper \u00e0 la barre.<\/p>\n<p><\/div><\/div><\/div><\/div><\/div><\/div><!-- Row Backgrounds --><div class=\"upb_bg_img\" data-ultimate-bg=\"url(https:\/\/torquaywatersports.co.uk\/wp-content\/uploads\/2020\/05\/RIB-1-1600.jpg)\" data-image-id=\"id^1436|url^https:\/\/torquaywatersports.co.uk\/wp-content\/uploads\/2020\/05\/RIB-1-1600.jpg|caption^null|alt^null|title^RIB-1-1600|description^null\" data-ultimate-bg-style=\"vcpb-default\" data-bg-img-repeat=\"no-repeat\" data-bg-img-size=\"cover\" data-bg-img-position=\"\" data-parallx_sense=\"30\" data-bg-override=\"ex-full\" data-bg_img_attach=\"fixed\" data-upb-overlay-color=\"rgba(0,0,0,0.6)\" data-upb-bg-animation=\"\" data-fadeout=\"\" data-bg-animation=\"left-animation\" data-bg-animation-type=\"h\" data-animation-repeat=\"repeat\" data-fadeout-percentage=\"30\" data-parallax-content=\"\" data-parallax-content-sense=\"30\" data-row-effect-mobile-disable=\"true\" data-img-parallax-mobile-disable=\"true\" data-rtl=\"false\"  data-custom-vc-row=\"\"  data-vc=\"6.6.0.1\"  data-is_old_vc=\"\"  data-theme-support=\"\"   data-overlay=\"true\" data-overlay-color=\"rgba(0,0,0,0.6)\" data-overlay-pattern=\"\" data-overlay-pattern-opacity=\"0.8\" data-overlay-pattern-size=\"\" data-overlay-pattern-attachment=\"scroll\"    ><\/div><div class=\"vc_row wpb_row vc_row-fluid vc_custom_1492758885864 vc_row-o-equal-height vc_row-flex\"><div class=\"wpb_column vc_column_container vc_col-sm-7 vc_col-lg-5 vc_col-md-6\"><div class=\"vc_column-inner vc_custom_1492766991907\"><div class=\"wpb_wrapper\"><div id=\"ultimate-heading-557069f428a41f495\" class=\"uvc-heading ult-adjust-bottom-margin ultimate-heading-557069f428a41f495 uvc-7471\" data-hspacer=\"no_spacer\"  data-halign=\"left\" style=\"text-align:left\"><div class=\"uvc-heading-spacer no_spacer\" style=\"top\"><\/div><div class=\"uvc-main-heading ult-responsive\"  data-ultimate-target='.uvc-heading.ultimate-heading-557069f428a41f495 h2'  data-responsive-json-new='{\"font-size\":\"desktop:36px;\",\"line-height\":\"desktop:46px;\"}' ><h2 style=\"font-weight:bold;margin-bottom:25px;\">\u00c0 PROPOS DE VOTRE VOYAGE<\/h2><\/div><\/div><div class=\"aio-icon-component  vc_custom_1601637371092  accent-icon-bg accent-title-color style_1\"><div id=\"Info-box-wrap-1635\" class=\"aio-icon-box default-icon\" style=\"\"  ><div class=\"aio-icon-default\"><div class=\"ult-just-icon-wrapper\"><div class=\"align-icon\" style=\"text-align:center;\">\n<div class=\"aio-icon advanced\"  style=\"color:#ffffff;border-style:;border-color:#333333;border-width:1px;width:30px;height:30px;line-height:30px;border-radius:500px;font-size:14px;display:inline-block;\">\n\t<i class=\"icomoon-font-awesome-14x14-gbp\"><\/i>\n<\/div><\/div><\/div><\/div><div class=\"aio-icon-header\" ><h3 class=\"aio-icon-title ult-responsive\"  data-ultimate-target='#Info-box-wrap-1635 .aio-icon-title'  data-responsive-json-new='{\"font-size\":\"desktop:18px;\",\"line-height\":\"desktop:28px;\"}'  style=\"font-weight:700;\">Prix \u00e0 partir de \u00a340 par personne<\/h3><\/div> <!-- header --><\/div> <!-- aio-icon-box --><\/div> <!-- aio-icon-component --><div class=\"aio-icon-component  vc_custom_1601150816674  accent-icon-bg accent-title-color style_1\"><div id=\"Info-box-wrap-8604\" class=\"aio-icon-box default-icon\" style=\"\"  ><div class=\"aio-icon-default\"><div class=\"ult-just-icon-wrapper\"><div class=\"align-icon\" style=\"text-align:center;\">\n<div class=\"aio-icon advanced\"  style=\"color:#ffffff;border-style:;border-color:#333333;border-width:1px;width:30px;height:30px;line-height:30px;border-radius:500px;font-size:14px;display:inline-block;\">\n\t<i class=\"icomoon-font-awesome-14x14-calendar-o\"><\/i>\n<\/div><\/div><\/div><\/div><div class=\"aio-icon-header\" ><h3 class=\"aio-icon-title ult-responsive\"  data-ultimate-target='#Info-box-wrap-8604 .aio-icon-title'  data-responsive-json-new='{\"font-size\":\"desktop:18px;\",\"line-height\":\"desktop:28px;\"}'  style=\"font-weight:700;\">Les excursions ont lieu tous les jours \u00e0 partir de 10 heures.<\/h3><\/div> <!-- header --><\/div> <!-- aio-icon-box --><\/div> <!-- aio-icon-component --><div class=\"aio-icon-component  vc_custom_1601150832306  accent-icon-bg accent-title-color style_1\"><div id=\"Info-box-wrap-6950\" class=\"aio-icon-box default-icon\" style=\"\"  ><div class=\"aio-icon-default\"><div class=\"ult-just-icon-wrapper\"><div class=\"align-icon\" style=\"text-align:center;\">\n<div class=\"aio-icon advanced\"  style=\"color:#ffffff;border-style:;border-color:#333333;border-width:1px;width:30px;height:30px;line-height:30px;border-radius:500px;font-size:14px;display:inline-block;\">\n\t<i class=\"icomoon-font-awesome-14x14-user\"><\/i>\n<\/div><\/div><\/div><\/div><div class=\"aio-icon-header\" ><h3 class=\"aio-icon-title ult-responsive\"  data-ultimate-target='#Info-box-wrap-6950 .aio-icon-title'  data-responsive-json-new='{\"font-size\":\"desktop:18px;\",\"line-height\":\"desktop:28px;\"}'  style=\"font-weight:700;\">Maximum 10 personnes<\/h3><\/div> <!-- header --><\/div> <!-- aio-icon-box --><\/div> <!-- aio-icon-component --><div class=\"aio-icon-component  vc_custom_1601150857611  accent-icon-bg accent-title-color style_1\"><div id=\"Info-box-wrap-2633\" class=\"aio-icon-box default-icon\" style=\"\"  ><div class=\"aio-icon-default\"><div class=\"ult-just-icon-wrapper\"><div class=\"align-icon\" style=\"text-align:center;\">\n<div class=\"aio-icon advanced\"  style=\"color:#ffffff;border-style:;border-color:#333333;border-width:1px;width:30px;height:30px;line-height:30px;border-radius:500px;font-size:14px;display:inline-block;\">\n\t<i class=\"icomoon-font-awesome-14x14-bolt flash\"><\/i>\n<\/div><\/div><\/div><\/div><div class=\"aio-icon-header\" ><h3 class=\"aio-icon-title ult-responsive\"  data-ultimate-target='#Info-box-wrap-2633 .aio-icon-title'  data-responsive-json-new='{\"font-size\":\"desktop:18px;\",\"line-height\":\"desktop:28px;\"}'  style=\"font-weight:700;\">Parfait pour les familles, les groupes ou les individus<\/h3><\/div> <!-- header --><\/div> <!-- aio-icon-box --><\/div> <!-- aio-icon-component -->\n\t<div class=\"wpb_text_column wpb_content_element\" >\n\t\t<div class=\"wpb_wrapper\">\n\t\t\t<p>R\u00e9servez votre Seafari d\u00e8s aujourd'hui et laissez notre skipper vous faire d\u00e9couvrir les d\u00e9lices cach\u00e9s de la c\u00f4te du sud du Devon.<\/p>\n<p>Au d\u00e9part de notre base \u00e0 la marina de Torquay, dans l'heure qui suit, nous pouvons explorer le nord ou le sud et nous vous garantissons un littoral \u00e0 couper le souffle, des falaises spectaculaires et nous vous montrerons des parties du Devon que la plupart des gens ne verront jamais.<\/p>\n<p>Nous essaierons de vous trouver des occasions d'approcher les colonies de phoques locales et nos groupes de dauphins r\u00e9sidents.<\/p>\n\n\t\t<\/div>\n\t<\/div>\n<\/div><\/div><\/div><div class=\"wpb_column vc_column_container vc_col-sm-5 vc_col-lg-7 vc_col-md-6\"><div class=\"vc_column-inner vc_custom_1492766972790\"><div class=\"wpb_wrapper\">\n\t<div class=\"wpb_tabs wpb_content_element  tab-style-one\" data-interval=\"0\">\n\t\t<div class=\"wpb_wrapper wpb_tour_tabs_wrapper ui-tabs vc_clearfix\">\n\t\t\t<ul class=\"wpb_tabs_nav ui-tabs-nav vc_clearfix text-big\"><li><a href=\"#tab-76419a50-a757-6\">D\u00e9tails du voyage<\/a><\/li><li><a href=\"#tab-1595400617890-2-2\">Questions fr\u00e9quemment pos\u00e9es<\/a><\/li><li><a href=\"#tab-1597413724142-2-5\">Ce qu'il faut apporter<\/a><\/li><\/ul>\n\t<div id=\"tab-76419a50-a757-6\" class=\"wpb_tab ui-tabs-panel wpb_ui-tabs-hide vc_clearfix\">\n\t\t\n\t<div class=\"wpb_text_column wpb_content_element\" >\n\t\t<div class=\"wpb_wrapper\">\n\t\t\t<ul>\n<li>Tout nouveau semi-rigide de 9 m\u00e8tres, luxueux et spacieux<\/li>\n<li>\u00c0 Torquay, nous avons l'embarras du choix et nous avons toujours la possibilit\u00e9 de trouver des eaux abrit\u00e9es pour explorer la c\u00f4te du Devon.<\/li>\n<li>Chaque voyage comprendra une visite \u00e0 la colonie de phoques de Thatchers Rock et \u00e0 la zone d'alimentation r\u00e9guli\u00e8re des dauphins au large de Berry Head.....mais il n'y a aucune garantie.<\/li>\n<li>Nous pouvons vous garantir des falaises magnifiques de la c\u00f4te jurassique, des grottes marines myst\u00e9rieuses et des eaux bleues tranquilles et limpides.<\/li>\n<\/ul>\n\n\t\t<\/div>\n\t<\/div>\n\n\t<\/div>\n\n\t<div id=\"tab-1595400617890-2-2\" class=\"wpb_tab ui-tabs-panel wpb_ui-tabs-hide vc_clearfix\">\n\t\t\n\t<div class=\"wpb_text_column wpb_content_element\" >\n\t\t<div class=\"wpb_wrapper\">\n\t\t\t<p><strong><em>Quel est l'age minimum ?<\/em><\/strong><\/p>\n<p>Un guide doit \u00eatre \u00e2g\u00e9 de 5 ans, mais la seule exigence r\u00e9elle est qu'il sache nager.<\/p>\n<p><strong><em>Et si le temps est mauvais ?<\/em><\/strong><\/p>\n<p>Tous les efforts seront faits pour honorer les r\u00e9servations. En cas de conditions m\u00e9t\u00e9orologiques exceptionnellement mauvaises ou d'autres conditions d\u00e9favorables, nous pouvons, \u00e0 notre enti\u00e8re discr\u00e9tion, \u00eatre amen\u00e9s \u00e0 r\u00e9organiser les d\u00e9tails d'un \u00e9v\u00e9nement pr\u00e9vu.  La s\u00e9curit\u00e9 des passagers est notre principale pr\u00e9occupation et les d\u00e9cisions en mati\u00e8re de s\u00e9curit\u00e9 restent \u00e0 tout moment la pr\u00e9rogative du capitaine du bateau.<\/p>\n<p><strong><em>Est-ce que je serai mouill\u00e9 ?<\/em><\/strong><\/p>\n<p>Non, sauf s'il pleut.  Nos semi-rigides sont stables et sont de tr\u00e8s bons bateaux de mer.<\/p>\n<p><strong><em>Que dois-je porter ?<\/em><\/strong><\/p>\n<p>Le temps peut changer lorsque nous sommes sur l'eau, c'est pourquoi nous conseillons toujours \u00e0 nos clients d'apporter des couches suppl\u00e9mentaires, au cas o\u00f9. Le refroidissement \u00e9olien sur l'eau est toujours un facteur.  Pr\u00e9parez-vous \u00e0 des temp\u00e9ratures inf\u00e9rieures de quelques degr\u00e9s \u00e0 celles de la terre ferme. Les gilets de sauvetage sont fournis et obligatoires.<\/p>\n<p><strong><em>Que faut-il apporter ?<\/em><\/strong><\/p>\n<p>Il y a un espace de rangement sur le bateau pour les sacs personnels.  Venez \u00e9quip\u00e9, pr\u00eat \u00e0 nager, \u00e0 prendre des bains de soleil et \u00e0 profiter de l'eau.  Les effets personnels sont transport\u00e9s aux risques et p\u00e9rils du propri\u00e9taire.<\/p>\n<p><strong><em>Je peux prendre des photos ?<\/em><\/strong><\/p>\n<p>Oui ! Nous voulons immortaliser le plus possible votre journ\u00e9e et la partager avec nous sur les m\u00e9dias sociaux.  Votre skipper vous conseillera toujours sur le meilleur moment pour prendre des photos..... car la plupart des appareils photo et des t\u00e9l\u00e9phones ne flottent pas.<\/p>\n\n\t\t<\/div>\n\t<\/div>\n\n\t<\/div>\n\n\t<div id=\"tab-1597413724142-2-5\" class=\"wpb_tab ui-tabs-panel wpb_ui-tabs-hide vc_clearfix\">\n\t\t\n\t<div class=\"wpb_text_column wpb_content_element\" >\n\t\t<div class=\"wpb_wrapper\">\n\t\t\t<ul>\n<li>Chapeau, lunettes, cr\u00e8me solaire<\/li>\n<li>Couches de v\u00eatements<\/li>\n<li>Appareil photo<\/li>\n<li>Des chaussures qui ne craignent pas d'\u00eatre mouill\u00e9es (id\u00e9alement plates).<\/li>\n<\/ul>\n\n\t\t<\/div>\n\t<\/div>\n\n\t<\/div>\n\n\t\t<\/div>\n\t<\/div>\n<\/div><\/div><\/div><\/div><div class=\"vc_row wpb_row vc_row-fluid vc_custom_1492767181347\"><div class=\"wpb_column vc_column_container vc_col-sm-12\"><div class=\"vc_column-inner vc_custom_1492766890667\"><div class=\"wpb_wrapper\"><div id=\"ultimate-heading-615569f428a4211e5\" class=\"uvc-heading ult-adjust-bottom-margin ultimate-heading-615569f428a4211e5 uvc-5495 accent-subtitle-color\" data-hspacer=\"no_spacer\"  data-halign=\"center\" style=\"text-align:center\"><div class=\"uvc-heading-spacer no_spacer\" style=\"top\"><\/div><div class=\"uvc-main-heading ult-responsive\"  data-ultimate-target='.uvc-heading.ultimate-heading-615569f428a4211e5 h2'  data-responsive-json-new='{\"font-size\":\"desktop:36px;\",\"line-height\":\"desktop:46px;\"}' ><h2 style=\"font-weight:bold;color:#ffffff;margin-bottom:10px;\">resservez votre voyage aujourd\u2019hui !<\/h2><\/div><div class=\"uvc-sub-heading ult-responsive\"  data-ultimate-target='.uvc-heading.ultimate-heading-615569f428a4211e5 .uvc-sub-heading '  data-responsive-json-new='{\"font-size\":\"desktop:22px;\",\"line-height\":\"desktop:32px;\"}'  style=\"font-family:&#039;Roboto Slab&#039;;font-weight:700;margin-bottom:25px;\">S\u00e9lectionnez votre date, si vous ne trouvez pas ce que vous voulez, veuillez nous envoyer un message.<\/div><\/div>\n\t<div class=\"wpb_text_column wpb_content_element  vc_custom_1600953949533\" >\n\t\t<div class=\"wpb_wrapper\">\n\t\t\t<p><span style=\"color: #ffffff;\">L<\/span><br \/>\n[pav_calendar course=\"5\u2033]<\/p>\n\n\t\t<\/div>\n\t<\/div>\n<\/div><\/div><\/div><\/div><!-- Row Backgrounds --><div class=\"upb_bg_img\" data-ultimate-bg=\"url(https:\/\/the7.io\/expedition\/wp-content\/uploads\/sites\/14\/2016\/02\/tr-005.jpg)\" data-image-id=\"id^628|url^https:\/\/the7.io\/expedition\/wp-content\/uploads\/sites\/14\/2016\/02\/tr-005.jpg|caption^null|alt^null|title^tr-005|description^null\" data-ultimate-bg-style=\"vcpb-default\" data-bg-img-repeat=\"no-repeat\" data-bg-img-size=\"cover\" data-bg-img-position=\"\" data-parallx_sense=\"30\" data-bg-override=\"ex-full\" data-bg_img_attach=\"fixed\" data-upb-overlay-color=\"rgba(0,0,0,0.75)\" data-upb-bg-animation=\"\" data-fadeout=\"\" data-bg-animation=\"left-animation\" data-bg-animation-type=\"h\" data-animation-repeat=\"repeat\" data-fadeout-percentage=\"30\" data-parallax-content=\"\" data-parallax-content-sense=\"30\" data-row-effect-mobile-disable=\"true\" data-img-parallax-mobile-disable=\"true\" data-rtl=\"false\"  data-custom-vc-row=\"\"  data-vc=\"6.6.0.1\"  data-is_old_vc=\"\"  data-theme-support=\"\"   data-overlay=\"true\" data-overlay-color=\"rgba(0,0,0,0.75)\" data-overlay-pattern=\"\" data-overlay-pattern-opacity=\"0.8\" data-overlay-pattern-size=\"\" data-overlay-pattern-attachment=\"scroll\"    ><\/div><div class=\"vc_row wpb_row vc_row-fluid\"><div class=\"wpb_column vc_column_container vc_col-sm-12\"><div class=\"vc_column-inner\"><div class=\"wpb_wrapper\">\n\t<div class=\"wpb_text_column wpb_content_element\" >\n\t\t<div class=\"wpb_wrapper\">\n\t\t\t\r\n\n\n\t\t<\/div>\n\t<\/div>\n<\/div><\/div><\/div><\/div>","protected":false},"excerpt":{"rendered":"<p>1 Hour RIB Seafari Explore the coves and bays of the English Riviera in our 9m RIB with our skipper at the helm. ABOUT YOUR TRIP Prices from \u00a340 per person Trips run from 10am each day Maximum 10 persons Perfect for families, groups or individuals Book your Seafari today and let our skipper show&hellip;<\/p>","protected":false},"author":3,"featured_media":0,"parent":0,"menu_order":16,"comment_status":"closed","ping_status":"closed","template":"","meta":{"om_disable_all_campaigns":false,"_monsterinsights_skip_tracking":false,"_monsterinsights_sitenote_active":false,"_monsterinsights_sitenote_note":"","_monsterinsights_sitenote_category":0,"_uf_show_specific_survey":0,"_uf_disable_surveys":false},"yoast_head":"<!-- This site is optimized with the Yoast SEO Premium plugin v20.4 (Yoast SEO v20.6) - https:\/\/yoast.com\/wordpress\/plugins\/seo\/ -->\n<title>1 Hour RIB Seafari - Barcelona Watersports<\/title>\n<meta name=\"robots\" content=\"index, follow, max-snippet:-1, max-image-preview:large, max-video-preview:-1\" \/>\n<link rel=\"canonical\" href=\"https:\/\/barcelonawatersports.es\/fr\/seafari\/\" \/>\n<meta property=\"og:locale\" content=\"fr_FR\" \/>\n<meta property=\"og:type\" content=\"article\" \/>\n<meta property=\"og:title\" content=\"1 Hour RIB Seafari\" \/>\n<meta property=\"og:url\" content=\"https:\/\/barcelonawatersports.es\/fr\/seafari\/\" \/>\n<meta property=\"og:site_name\" content=\"Barcelona Watersports\" \/>\n<meta property=\"article:publisher\" content=\"https:\/\/www.facebook.com\/Barcelona-Watersports-694500170570814\" \/>\n<meta property=\"article:modified_time\" content=\"2020-10-02T11:17:24+00:00\" \/>\n<meta name=\"twitter:card\" content=\"summary_large_image\" \/>\n<meta name=\"twitter:label1\" content=\"Dur\u00e9e de lecture estim\u00e9e\" \/>\n\t<meta name=\"twitter:data1\" content=\"6 minutes\" \/>\n<script type=\"application\/ld+json\" class=\"yoast-schema-graph\">{\"@context\":\"https:\/\/schema.org\",\"@graph\":[{\"@type\":\"WebPage\",\"@id\":\"https:\/\/barcelonawatersports.es\/seafari\/\",\"url\":\"https:\/\/barcelonawatersports.es\/seafari\/\",\"name\":\"1 Hour RIB Seafari - Barcelona Watersports\",\"isPartOf\":{\"@id\":\"https:\/\/barcelonawatersports.es\/#website\"},\"datePublished\":\"2020-09-26T20:01:22+00:00\",\"dateModified\":\"2020-10-02T11:17:24+00:00\",\"breadcrumb\":{\"@id\":\"https:\/\/barcelonawatersports.es\/seafari\/#breadcrumb\"},\"inLanguage\":\"fr-FR\",\"potentialAction\":[{\"@type\":\"ReadAction\",\"target\":[\"https:\/\/barcelonawatersports.es\/seafari\/\"]}]},{\"@type\":\"BreadcrumbList\",\"@id\":\"https:\/\/barcelonawatersports.es\/seafari\/#breadcrumb\",\"itemListElement\":[{\"@type\":\"ListItem\",\"position\":1,\"name\":\"Home\",\"item\":\"https:\/\/barcelonawatersports.es\/\"},{\"@type\":\"ListItem\",\"position\":2,\"name\":\"1 Hour RIB Seafari\"}]},{\"@type\":\"WebSite\",\"@id\":\"https:\/\/barcelonawatersports.es\/#website\",\"url\":\"https:\/\/barcelonawatersports.es\/\",\"name\":\"Barcelona Watersports\",\"description\":\"Sailing and Powerboat trips and Lessons\",\"publisher\":{\"@id\":\"https:\/\/barcelonawatersports.es\/#organization\"},\"potentialAction\":[{\"@type\":\"SearchAction\",\"target\":{\"@type\":\"EntryPoint\",\"urlTemplate\":\"https:\/\/barcelonawatersports.es\/?s={search_term_string}\"},\"query-input\":\"required name=search_term_string\"}],\"inLanguage\":\"fr-FR\"},{\"@type\":\"Organization\",\"@id\":\"https:\/\/barcelonawatersports.es\/#organization\",\"name\":\"Barcelona Watersports\",\"url\":\"https:\/\/barcelonawatersports.es\/\",\"logo\":{\"@type\":\"ImageObject\",\"inLanguage\":\"fr-FR\",\"@id\":\"https:\/\/barcelonawatersports.es\/#\/schema\/logo\/image\/\",\"url\":\"https:\/\/barcelonawatersports.es\/wp-content\/uploads\/2021\/01\/flavicon.png\",\"contentUrl\":\"https:\/\/barcelonawatersports.es\/wp-content\/uploads\/2021\/01\/flavicon.png\",\"width\":698,\"height\":698,\"caption\":\"Barcelona Watersports\"},\"image\":{\"@id\":\"https:\/\/barcelonawatersports.es\/#\/schema\/logo\/image\/\"},\"sameAs\":[\"https:\/\/www.facebook.com\/Barcelona-Watersports-694500170570814\",\"https:\/\/www.instagram.com\/barcelona_watersports\/\"]}]}<\/script>\n<!-- \/ Yoast SEO Premium plugin. -->","yoast_head_json":{"title":"1 Hour RIB Seafari - Barcelona Watersports","robots":{"index":"index","follow":"follow","max-snippet":"max-snippet:-1","max-image-preview":"max-image-preview:large","max-video-preview":"max-video-preview:-1"},"canonical":"https:\/\/barcelonawatersports.es\/fr\/seafari\/","og_locale":"fr_FR","og_type":"article","og_title":"1 Hour RIB Seafari","og_url":"https:\/\/barcelonawatersports.es\/fr\/seafari\/","og_site_name":"Barcelona Watersports","article_publisher":"https:\/\/www.facebook.com\/Barcelona-Watersports-694500170570814","article_modified_time":"2020-10-02T11:17:24+00:00","twitter_card":"summary_large_image","twitter_misc":{"Dur\u00e9e de lecture estim\u00e9e":"6 minutes"},"schema":{"@context":"https:\/\/schema.org","@graph":[{"@type":"WebPage","@id":"https:\/\/barcelonawatersports.es\/seafari\/","url":"https:\/\/barcelonawatersports.es\/seafari\/","name":"1 Hour RIB Seafari - Barcelona Watersports","isPartOf":{"@id":"https:\/\/barcelonawatersports.es\/#website"},"datePublished":"2020-09-26T20:01:22+00:00","dateModified":"2020-10-02T11:17:24+00:00","breadcrumb":{"@id":"https:\/\/barcelonawatersports.es\/seafari\/#breadcrumb"},"inLanguage":"fr-FR","potentialAction":[{"@type":"ReadAction","target":["https:\/\/barcelonawatersports.es\/seafari\/"]}]},{"@type":"BreadcrumbList","@id":"https:\/\/barcelonawatersports.es\/seafari\/#breadcrumb","itemListElement":[{"@type":"ListItem","position":1,"name":"Home","item":"https:\/\/barcelonawatersports.es\/"},{"@type":"ListItem","position":2,"name":"1 Hour RIB Seafari"}]},{"@type":"WebSite","@id":"https:\/\/barcelonawatersports.es\/#website","url":"https:\/\/barcelonawatersports.es\/","name":"Barcelona Watersports","description":"Sailing and Powerboat trips and Lessons","publisher":{"@id":"https:\/\/barcelonawatersports.es\/#organization"},"potentialAction":[{"@type":"SearchAction","target":{"@type":"EntryPoint","urlTemplate":"https:\/\/barcelonawatersports.es\/?s={search_term_string}"},"query-input":"required name=search_term_string"}],"inLanguage":"fr-FR"},{"@type":"Organization","@id":"https:\/\/barcelonawatersports.es\/#organization","name":"Barcelona Watersports","url":"https:\/\/barcelonawatersports.es\/","logo":{"@type":"ImageObject","inLanguage":"fr-FR","@id":"https:\/\/barcelonawatersports.es\/#\/schema\/logo\/image\/","url":"https:\/\/barcelonawatersports.es\/wp-content\/uploads\/2021\/01\/flavicon.png","contentUrl":"https:\/\/barcelonawatersports.es\/wp-content\/uploads\/2021\/01\/flavicon.png","width":698,"height":698,"caption":"Barcelona Watersports"},"image":{"@id":"https:\/\/barcelonawatersports.es\/#\/schema\/logo\/image\/"},"sameAs":["https:\/\/www.facebook.com\/Barcelona-Watersports-694500170570814","https:\/\/www.instagram.com\/barcelona_watersports\/"]}]}},"_links":{"self":[{"href":"https:\/\/barcelonawatersports.es\/fr\/wp-json\/wp\/v2\/pages\/1757"}],"collection":[{"href":"https:\/\/barcelonawatersports.es\/fr\/wp-json\/wp\/v2\/pages"}],"about":[{"href":"https:\/\/barcelonawatersports.es\/fr\/wp-json\/wp\/v2\/types\/page"}],"author":[{"embeddable":true,"href":"https:\/\/barcelonawatersports.es\/fr\/wp-json\/wp\/v2\/users\/3"}],"replies":[{"embeddable":true,"href":"https:\/\/barcelonawatersports.es\/fr\/wp-json\/wp\/v2\/comments?post=1757"}],"version-history":[{"count":8,"href":"https:\/\/barcelonawatersports.es\/fr\/wp-json\/wp\/v2\/pages\/1757\/revisions"}],"predecessor-version":[{"id":1823,"href":"https:\/\/barcelonawatersports.es\/fr\/wp-json\/wp\/v2\/pages\/1757\/revisions\/1823"}],"wp:attachment":[{"href":"https:\/\/barcelonawatersports.es\/fr\/wp-json\/wp\/v2\/media?parent=1757"}],"curies":[{"name":"wp","href":"https:\/\/api.w.org\/{rel}","templated":true}]}}