{"id":159,"date":"2019-09-18T04:57:54","date_gmt":"2019-09-18T04:57:54","guid":{"rendered":"https:\/\/the7.io\/yoga\/?page_id=159"},"modified":"2025-03-09T17:32:43","modified_gmt":"2025-03-09T17:32:43","slug":"contact","status":"publish","type":"page","link":"https:\/\/barcelonawatersports.es\/fr\/contact\/","title":{"rendered":"Contact"},"content":{"rendered":"<div class=\"vc_row wpb_row vc_row-fluid\"><div class=\"wpb_column vc_column_container vc_col-sm-12\"><div class=\"vc_column-inner\"><div class=\"wpb_wrapper\"><div id=\"ultimate-heading-931769ecab13cfc06\" class=\"uvc-heading ult-adjust-bottom-margin ultimate-heading-931769ecab13cfc06 uvc-6580  uvc-heading-default-font-sizes\" data-hspacer=\"no_spacer\"  data-halign=\"center\" style=\"text-align:center\"><div class=\"uvc-heading-spacer no_spacer\" style=\"top\"><\/div><div class=\"uvc-sub-heading ult-responsive\"  data-ultimate-target='.uvc-heading.ultimate-heading-931769ecab13cfc06 .uvc-sub-heading '  data-responsive-json-new='{\"font-size\":\"\",\"line-height\":\"\"}'  style=\"font-weight:normal;\">Contactez-nous pour toute question relative \u00e0 la navigation de plaisance, si vous cherchez \u00e0 obtenir le Yachtmaster et avez besoin de v\u00e9rifier votre exp\u00e9rience, quel permis est n\u00e9cessaire pour louer ou acheter un bateau en Espagne. Visiter Barcelone et quelles aventures nous pouvons vous offrir, la Coupe des Am\u00e9riques et comment vous pouvez la regarder sur l'eau, o\u00f9 naviguer \u00e0 partir de Barcelone avec les meilleures criques, ports et marinas \u00e0 visiter.<\/div><\/div><\/div><\/div><\/div><\/div><div data-vc-full-width=\"true\" data-vc-full-width-init=\"false\" data-vc-stretch-content=\"true\" class=\"vc_row wpb_row vc_row-fluid vc_row-no-padding vc_row-o-equal-height vc_row-o-content-top vc_row-flex\"><div class=\"wpb_column vc_column_container vc_col-sm-6 vc_col-has-fill\"><div class=\"vc_column-inner vc_custom_1571562230026\"><div class=\"wpb_wrapper\"><div id=\"ultimate-heading-577069ecab13d057d\" class=\"uvc-heading ult-adjust-bottom-margin ultimate-heading-577069ecab13d057d uvc-558  uvc-heading-default-font-sizes\" data-hspacer=\"no_spacer\"  data-halign=\"left\" style=\"text-align:left\"><div class=\"uvc-heading-spacer no_spacer\" style=\"top\"><\/div><div class=\"uvc-main-heading ult-responsive\"  data-ultimate-target='.uvc-heading.ultimate-heading-577069ecab13d057d h2'  data-responsive-json-new='{\"font-size\":\"\",\"line-height\":\"\"}' ><h2 style=\"--font-weight:theme;margin-bottom:30px;\">itineraire<\/h2><\/div><\/div>\n\t<div class=\"wpb_raw_code wpb_raw_js\" >\n\t\t<div class=\"wpb_wrapper\">\n\t\t\t<iframe width=\"520\" height=\"402\" frameborder=\"0\" scrolling=\"no\" marginheight=\"0\" marginwidth=\"0\" id=\"gmap_canvas\" src=\"https:\/\/maps.google.com\/maps?width=520&amp;height=402&amp;hl=en&amp;q=Passaig%20Joan%20De%20Borbo%20103%20+(Barcelona%20Watersports)&amp;t=&amp;z=12&amp;ie=UTF8&amp;iwloc=B&amp;output=embed\"><\/iframe> <a href='https:\/\/www.add-map.net\/'>carte google int\u00e9gr\u00e9e<\/a> <script type='text\/javascript' src='https:\/\/embedmaps.com\/google-maps-authorization\/script.js?id=6747f39ee62994f6e18dedbbadb5f945255d775e'><\/script>\n\t\t<\/div>\n\t<\/div>\n<\/div><\/div><\/div><div class=\"wpb_column vc_column_container vc_col-sm-6 vc_col-has-fill\"><div class=\"vc_column-inner vc_custom_1571562136338\"><div class=\"wpb_wrapper\"><div id=\"ultimate-heading-13569ecab13d09d0\" class=\"uvc-heading ult-adjust-bottom-margin ultimate-heading-13569ecab13d09d0 uvc-4882\" data-hspacer=\"no_spacer\"  data-halign=\"left\" style=\"text-align:left\"><div class=\"uvc-heading-spacer no_spacer\" style=\"top\"><\/div><div class=\"uvc-main-heading ult-responsive\"  data-ultimate-target='.uvc-heading.ultimate-heading-13569ecab13d09d0 h2'  data-responsive-json-new='{\"font-size\":\"desktop:36px;\",\"line-height\":\"\"}' ><h2 style=\"font-family:&#039;Roboto Slab&#039;;font-weight:bold;margin-bottom:30px;\">Prenez contact avec nous<\/h2><\/div><div class=\"uvc-sub-heading ult-responsive\"  data-ultimate-target='.uvc-heading.ultimate-heading-13569ecab13d09d0 .uvc-sub-heading '  data-responsive-json-new='{\"font-size\":\"desktop:28px;\",\"line-height\":\"\"}'  style=\"font-family:&#039;Roboto Slab&#039;;font-weight:normal;margin-bottom:30px;\">O\u00f9 nous trouver :<\/p>\n<p>Nous nous trouvons dans la Marina Port Vell, Carrer Escar 36.<\/p>\n<p>Barcelone, 08039<\/p>\n<p>&nbsp;<\/p>\n<p>Appelez-nous : +34 936 061 010 ou UK +44 1273 424842 Option 3<\/p>\n<p>&nbsp;<\/p>\n<p>Envoyez-nous un courriel : info@barcelonawatersports.es<\/p>\n<p>&nbsp;<\/p>\n<p>Suivez-nous sur les m\u00e9dias sociaux ici :<\/div><\/div><style type=\"text\/css\" data-type=\"the7_shortcodes-inline-css\">.dt-shortcode-soc-icons.soc-icons-cb68014edf1faece5dcac95c19426bc0 a {\n  margin-right: 10px;\n}\n.dt-shortcode-soc-icons a.soc-icons-cb68014edf1faece5dcac95c19426bc0 {\n  margin-right: 10px;\n}\n.dt-shortcode-soc-icons a.soc-icons-cb68014edf1faece5dcac95c19426bc0:last-child {\n  margin-right: 0;\n}\n.dt-shortcode-soc-icons a.soc-icons-cb68014edf1faece5dcac95c19426bc0:before,\n.dt-shortcode-soc-icons a.soc-icons-cb68014edf1faece5dcac95c19426bc0:after {\n  padding: inherit;\n}\n.dt-shortcode-soc-icons a.soc-icons-cb68014edf1faece5dcac95c19426bc0.dt-icon-border-on:before {\n  border:  solid ;\n}\n.dt-shortcode-soc-icons a.soc-icons-cb68014edf1faece5dcac95c19426bc0.dt-icon-hover-border-on:after {\n  border:  solid ;\n}\n<\/style><div class=\"dt-shortcode-soc-icons  soc-icons-cb68014edf1faece5dcac95c19426bc0 soc-icons-left\" ><style type=\"text\/css\" data-type=\"the7_shortcodes-inline-css\">.dt-shortcode-soc-icons a.single-soc-icon-0392fb4f15a6a6c33f0a148034385df7 {\n  min-width: 46px;\n  min-height: 46px;\n  font-size: 24px;\n  border-radius: 100px;\n}\n.dt-shortcode-soc-icons a.single-soc-icon-0392fb4f15a6a6c33f0a148034385df7:last-child {\n  margin-right: 0;\n}\n.dt-shortcode-soc-icons a.single-soc-icon-0392fb4f15a6a6c33f0a148034385df7:before,\n.dt-shortcode-soc-icons a.single-soc-icon-0392fb4f15a6a6c33f0a148034385df7:after {\n  min-width: 46px;\n  min-height: 46px;\n  padding: inherit;\n}\n.dt-shortcode-soc-icons a.single-soc-icon-0392fb4f15a6a6c33f0a148034385df7.dt-icon-border-on:before {\n  border: 2px solid #2e2b36;\n}\n.dt-shortcode-soc-icons a.single-soc-icon-0392fb4f15a6a6c33f0a148034385df7.dt-icon-hover-border-on:after {\n  border: 2px solid ;\n}\n.dt-shortcode-soc-icons a.single-soc-icon-0392fb4f15a6a6c33f0a148034385df7:hover {\n  font-size: 24px;\n}\n#page .dt-shortcode-soc-icons a.single-soc-icon-0392fb4f15a6a6c33f0a148034385df7:hover .soc-font-icon,\n#phantom .dt-shortcode-soc-icons a.single-soc-icon-0392fb4f15a6a6c33f0a148034385df7:hover .soc-font-icon,\n#page .dt-shortcode-soc-icons a.single-soc-icon-0392fb4f15a6a6c33f0a148034385df7:hover .soc-icon,\n#phantom .dt-shortcode-soc-icons a.single-soc-icon-0392fb4f15a6a6c33f0a148034385df7:hover .soc-icon {\n  color: #ffffff;\n  background: none;\n}\n#page .dt-shortcode-soc-icons a.single-soc-icon-0392fb4f15a6a6c33f0a148034385df7.dt-icon-hover-bg-on:after,\n#phantom .dt-shortcode-soc-icons a.single-soc-icon-0392fb4f15a6a6c33f0a148034385df7.dt-icon-hover-bg-on:after {\n  background: #2e2b36;\n}\n#page .dt-shortcode-soc-icons a.single-soc-icon-0392fb4f15a6a6c33f0a148034385df7:not(:hover) .soc-font-icon,\n#phantom .dt-shortcode-soc-icons a.single-soc-icon-0392fb4f15a6a6c33f0a148034385df7:not(:hover) .soc-font-icon,\n#page .dt-shortcode-soc-icons a.single-soc-icon-0392fb4f15a6a6c33f0a148034385df7:not(:hover) .soc-icon,\n#phantom .dt-shortcode-soc-icons a.single-soc-icon-0392fb4f15a6a6c33f0a148034385df7:not(:hover) .soc-icon {\n  color: #2e2b36;\n  background: none;\n}\n.dt-shortcode-soc-icons a.single-soc-icon-0392fb4f15a6a6c33f0a148034385df7 .soc-font-icon,\n.dt-shortcode-soc-icons a.single-soc-icon-0392fb4f15a6a6c33f0a148034385df7 .soc-icon {\n  font-size: 24px;\n}\n<\/style><a title=\"Facebook\" href=\"https:\/\/www.facebook.com\/Barcelona-Watersports-694500170570814\/\" class=\"facebook single-soc-icon-0392fb4f15a6a6c33f0a148034385df7 dt-icon-bg-off dt-icon-border-on dt-icon-hover-bg-on\" ><i class=\"soc-icon soc-font-icon dt-icon-facebook\"><\/i><span class=\"screen-reader-text\">Facebook<\/span><\/a><style type=\"text\/css\" data-type=\"the7_shortcodes-inline-css\">.dt-shortcode-soc-icons a.single-soc-icon-a7aa873ed2e370ffb47b6b8d5ebb5d73 {\n  min-width: 46px;\n  min-height: 46px;\n  font-size: 24px;\n  border-radius: 100px;\n}\n.dt-shortcode-soc-icons a.single-soc-icon-a7aa873ed2e370ffb47b6b8d5ebb5d73:last-child {\n  margin-right: 0;\n}\n.dt-shortcode-soc-icons a.single-soc-icon-a7aa873ed2e370ffb47b6b8d5ebb5d73:before,\n.dt-shortcode-soc-icons a.single-soc-icon-a7aa873ed2e370ffb47b6b8d5ebb5d73:after {\n  min-width: 46px;\n  min-height: 46px;\n  padding: inherit;\n}\n.dt-shortcode-soc-icons a.single-soc-icon-a7aa873ed2e370ffb47b6b8d5ebb5d73.dt-icon-border-on:before {\n  border: 2px solid #2e2b36;\n}\n.dt-shortcode-soc-icons a.single-soc-icon-a7aa873ed2e370ffb47b6b8d5ebb5d73.dt-icon-hover-border-on:after {\n  border: 2px solid ;\n}\n.dt-shortcode-soc-icons a.single-soc-icon-a7aa873ed2e370ffb47b6b8d5ebb5d73:hover {\n  font-size: 24px;\n}\n#page .dt-shortcode-soc-icons a.single-soc-icon-a7aa873ed2e370ffb47b6b8d5ebb5d73:hover .soc-font-icon,\n#phantom .dt-shortcode-soc-icons a.single-soc-icon-a7aa873ed2e370ffb47b6b8d5ebb5d73:hover .soc-font-icon,\n#page .dt-shortcode-soc-icons a.single-soc-icon-a7aa873ed2e370ffb47b6b8d5ebb5d73:hover .soc-icon,\n#phantom .dt-shortcode-soc-icons a.single-soc-icon-a7aa873ed2e370ffb47b6b8d5ebb5d73:hover .soc-icon {\n  color: #ffffff;\n  background: none;\n}\n#page .dt-shortcode-soc-icons a.single-soc-icon-a7aa873ed2e370ffb47b6b8d5ebb5d73.dt-icon-hover-bg-on:after,\n#phantom .dt-shortcode-soc-icons a.single-soc-icon-a7aa873ed2e370ffb47b6b8d5ebb5d73.dt-icon-hover-bg-on:after {\n  background: #2e2b36;\n}\n#page .dt-shortcode-soc-icons a.single-soc-icon-a7aa873ed2e370ffb47b6b8d5ebb5d73:not(:hover) .soc-font-icon,\n#phantom .dt-shortcode-soc-icons a.single-soc-icon-a7aa873ed2e370ffb47b6b8d5ebb5d73:not(:hover) .soc-font-icon,\n#page .dt-shortcode-soc-icons a.single-soc-icon-a7aa873ed2e370ffb47b6b8d5ebb5d73:not(:hover) .soc-icon,\n#phantom .dt-shortcode-soc-icons a.single-soc-icon-a7aa873ed2e370ffb47b6b8d5ebb5d73:not(:hover) .soc-icon {\n  color: #2e2b36;\n  background: none;\n}\n.dt-shortcode-soc-icons a.single-soc-icon-a7aa873ed2e370ffb47b6b8d5ebb5d73 .soc-font-icon,\n.dt-shortcode-soc-icons a.single-soc-icon-a7aa873ed2e370ffb47b6b8d5ebb5d73 .soc-icon {\n  font-size: 24px;\n}\n<\/style><a title=\"Instagram\" href=\"https:\/\/www.instagram.com\/barcelona_watersports\/\" class=\"instagram single-soc-icon-a7aa873ed2e370ffb47b6b8d5ebb5d73 dt-icon-bg-off dt-icon-border-on dt-icon-hover-bg-on\" ><i class=\"soc-icon soc-font-icon dt-icon-instagram\"><\/i><span class=\"screen-reader-text\">Instagram<\/span><\/a><style type=\"text\/css\" data-type=\"the7_shortcodes-inline-css\">.dt-shortcode-soc-icons a.single-soc-icon-87128e9823ea53b544c89f9c98b2b590 {\n  min-width: 46px;\n  min-height: 46px;\n  font-size: 24px;\n  border-radius: 100px;\n}\n.dt-shortcode-soc-icons a.single-soc-icon-87128e9823ea53b544c89f9c98b2b590:last-child {\n  margin-right: 0;\n}\n.dt-shortcode-soc-icons a.single-soc-icon-87128e9823ea53b544c89f9c98b2b590:before,\n.dt-shortcode-soc-icons a.single-soc-icon-87128e9823ea53b544c89f9c98b2b590:after {\n  min-width: 46px;\n  min-height: 46px;\n  padding: inherit;\n}\n.dt-shortcode-soc-icons a.single-soc-icon-87128e9823ea53b544c89f9c98b2b590.dt-icon-border-on:before {\n  border: 2px solid #2e2b36;\n}\n.dt-shortcode-soc-icons a.single-soc-icon-87128e9823ea53b544c89f9c98b2b590.dt-icon-hover-border-on:after {\n  border: 2px solid ;\n}\n.dt-shortcode-soc-icons a.single-soc-icon-87128e9823ea53b544c89f9c98b2b590:hover {\n  font-size: 24px;\n}\n#page .dt-shortcode-soc-icons a.single-soc-icon-87128e9823ea53b544c89f9c98b2b590:hover .soc-font-icon,\n#phantom .dt-shortcode-soc-icons a.single-soc-icon-87128e9823ea53b544c89f9c98b2b590:hover .soc-font-icon,\n#page .dt-shortcode-soc-icons a.single-soc-icon-87128e9823ea53b544c89f9c98b2b590:hover .soc-icon,\n#phantom .dt-shortcode-soc-icons a.single-soc-icon-87128e9823ea53b544c89f9c98b2b590:hover .soc-icon {\n  color: #ffffff;\n  background: none;\n}\n#page .dt-shortcode-soc-icons a.single-soc-icon-87128e9823ea53b544c89f9c98b2b590.dt-icon-hover-bg-on:after,\n#phantom .dt-shortcode-soc-icons a.single-soc-icon-87128e9823ea53b544c89f9c98b2b590.dt-icon-hover-bg-on:after {\n  background: #2e2b36;\n}\n#page .dt-shortcode-soc-icons a.single-soc-icon-87128e9823ea53b544c89f9c98b2b590:not(:hover) .soc-font-icon,\n#phantom .dt-shortcode-soc-icons a.single-soc-icon-87128e9823ea53b544c89f9c98b2b590:not(:hover) .soc-font-icon,\n#page .dt-shortcode-soc-icons a.single-soc-icon-87128e9823ea53b544c89f9c98b2b590:not(:hover) .soc-icon,\n#phantom .dt-shortcode-soc-icons a.single-soc-icon-87128e9823ea53b544c89f9c98b2b590:not(:hover) .soc-icon {\n  color: #2e2b36;\n  background: none;\n}\n.dt-shortcode-soc-icons a.single-soc-icon-87128e9823ea53b544c89f9c98b2b590 .soc-font-icon,\n.dt-shortcode-soc-icons a.single-soc-icon-87128e9823ea53b544c89f9c98b2b590 .soc-icon {\n  font-size: 24px;\n}\n<\/style><a title=\"YouTube\" href=\"https:\/\/www.youtube.com\/channel\/UCSWCecJXKI4YyDYZo1V4qLA\/featured\" class=\"you-tube single-soc-icon-87128e9823ea53b544c89f9c98b2b590 dt-icon-bg-off dt-icon-border-on dt-icon-hover-bg-on\" ><i class=\"soc-icon soc-font-icon dt-icon-you-tube\"><\/i><span class=\"screen-reader-text\">YouTube<\/span><\/a><\/div><\/div><\/div><\/div><\/div><div class=\"vc_row-full-width vc_clearfix\"><\/div><div class=\"vc_row wpb_row vc_row-fluid\"><div class=\"wpb_column vc_column_container vc_col-sm-12\"><div class=\"vc_column-inner\"><div class=\"wpb_wrapper\">\n\t<div class=\"wpb_video_widget wpb_content_element vc_clearfix   vc_video-aspect-ratio-169 vc_video-el-width-100 vc_video-align-left\" >\n\t\t<div class=\"wpb_wrapper\">\n\t\t\t\n\t\t\t<div class=\"wpb_video_wrapper\"><iframe title=\"Cours RYA pour les sports nautiques \u00e0 Barcelone\" width=\"1200\" height=\"675\" src=\"https:\/\/www.youtube.com\/embed\/6Q4oPEplg40?feature=oembed\" frameborder=\"0\" allow=\"accelerometer; autoplay; clipboard-write; encrypted-media; gyroscope; picture-in-picture; web-share\" allowfullscreen><\/iframe><\/div>\n\t\t<\/div>\n\t<\/div>\n<\/div><\/div><\/div><\/div>","protected":false},"excerpt":{"rendered":"<p>Contact us with any of your boating questions, are you looking to gain the Yachtmaster and need to check experience, what license you need to charter or buy a boat in Spain. Visiting Barcelona and what adventures and charter we can offer you, the Americas Cup and how you can get to watch it on&hellip;<\/p>","protected":false},"author":1,"featured_media":0,"parent":0,"menu_order":59,"comment_status":"closed","ping_status":"closed","template":"","meta":{"om_disable_all_campaigns":false,"_monsterinsights_skip_tracking":false,"_monsterinsights_sitenote_active":false,"_monsterinsights_sitenote_note":"","_monsterinsights_sitenote_category":0,"_uf_show_specific_survey":0,"_uf_disable_surveys":false},"yoast_head":"<!-- This site is optimized with the Yoast SEO Premium plugin v20.4 (Yoast SEO v20.6) - https:\/\/yoast.com\/wordpress\/plugins\/seo\/ -->\n<title>Contact - Barcelona Watersports<\/title>\n<meta name=\"description\" content=\"RYA Sailing and Powerboat Course, Charters for Sailing and Powerboats, Boat trips including Sunset Sails, Tapas &amp; Drinks Includes\" \/>\n<meta name=\"robots\" content=\"index, follow, max-snippet:-1, max-image-preview:large, max-video-preview:-1\" \/>\n<link rel=\"canonical\" href=\"https:\/\/barcelonawatersports.es\/fr\/contact\/\" \/>\n<meta property=\"og:locale\" content=\"fr_FR\" \/>\n<meta property=\"og:type\" content=\"article\" \/>\n<meta property=\"og:title\" content=\"Contact\" \/>\n<meta property=\"og:description\" content=\"RYA Sailing and Powerboat Course, Charters for Sailing and Powerboats, Boat trips including Sunset Sails, Tapas &amp; Drinks Includes\" \/>\n<meta property=\"og:url\" content=\"https:\/\/barcelonawatersports.es\/fr\/contact\/\" \/>\n<meta property=\"og:site_name\" content=\"Barcelona Watersports\" \/>\n<meta property=\"article:publisher\" content=\"https:\/\/www.facebook.com\/Barcelona-Watersports-694500170570814\" \/>\n<meta property=\"article:modified_time\" content=\"2025-03-09T17:32:43+00:00\" \/>\n<meta name=\"twitter:card\" content=\"summary_large_image\" \/>\n<meta name=\"twitter:label1\" content=\"Dur\u00e9e de lecture estim\u00e9e\" \/>\n\t<meta name=\"twitter:data1\" content=\"1 minute\" \/>\n<script type=\"application\/ld+json\" class=\"yoast-schema-graph\">{\"@context\":\"https:\/\/schema.org\",\"@graph\":[{\"@type\":\"WebPage\",\"@id\":\"https:\/\/barcelonawatersports.es\/contact\/\",\"url\":\"https:\/\/barcelonawatersports.es\/contact\/\",\"name\":\"Contact - Barcelona Watersports\",\"isPartOf\":{\"@id\":\"https:\/\/barcelonawatersports.es\/#website\"},\"datePublished\":\"2019-09-18T04:57:54+00:00\",\"dateModified\":\"2025-03-09T17:32:43+00:00\",\"description\":\"RYA Sailing and Powerboat Course, Charters for Sailing and Powerboats, Boat trips including Sunset Sails, Tapas & Drinks Includes\",\"breadcrumb\":{\"@id\":\"https:\/\/barcelonawatersports.es\/contact\/#breadcrumb\"},\"inLanguage\":\"fr-FR\",\"potentialAction\":[{\"@type\":\"ReadAction\",\"target\":[\"https:\/\/barcelonawatersports.es\/contact\/\"]}]},{\"@type\":\"BreadcrumbList\",\"@id\":\"https:\/\/barcelonawatersports.es\/contact\/#breadcrumb\",\"itemListElement\":[{\"@type\":\"ListItem\",\"position\":1,\"name\":\"Home\",\"item\":\"https:\/\/barcelonawatersports.es\/\"},{\"@type\":\"ListItem\",\"position\":2,\"name\":\"Contact\"}]},{\"@type\":\"WebSite\",\"@id\":\"https:\/\/barcelonawatersports.es\/#website\",\"url\":\"https:\/\/barcelonawatersports.es\/\",\"name\":\"Barcelona Watersports\",\"description\":\"Sailing and Powerboat trips and Lessons\",\"publisher\":{\"@id\":\"https:\/\/barcelonawatersports.es\/#organization\"},\"potentialAction\":[{\"@type\":\"SearchAction\",\"target\":{\"@type\":\"EntryPoint\",\"urlTemplate\":\"https:\/\/barcelonawatersports.es\/?s={search_term_string}\"},\"query-input\":\"required name=search_term_string\"}],\"inLanguage\":\"fr-FR\"},{\"@type\":\"Organization\",\"@id\":\"https:\/\/barcelonawatersports.es\/#organization\",\"name\":\"Barcelona Watersports\",\"url\":\"https:\/\/barcelonawatersports.es\/\",\"logo\":{\"@type\":\"ImageObject\",\"inLanguage\":\"fr-FR\",\"@id\":\"https:\/\/barcelonawatersports.es\/#\/schema\/logo\/image\/\",\"url\":\"https:\/\/barcelonawatersports.es\/wp-content\/uploads\/2021\/01\/flavicon.png\",\"contentUrl\":\"https:\/\/barcelonawatersports.es\/wp-content\/uploads\/2021\/01\/flavicon.png\",\"width\":698,\"height\":698,\"caption\":\"Barcelona Watersports\"},\"image\":{\"@id\":\"https:\/\/barcelonawatersports.es\/#\/schema\/logo\/image\/\"},\"sameAs\":[\"https:\/\/www.facebook.com\/Barcelona-Watersports-694500170570814\",\"https:\/\/www.instagram.com\/barcelona_watersports\/\"]}]}<\/script>\n<!-- \/ Yoast SEO Premium plugin. -->","yoast_head_json":{"title":"Contact - Barcelona Watersports","description":"RYA Sailing and Powerboat Course, Charters for Sailing and Powerboats, Boat trips including Sunset Sails, Tapas & Drinks Includes","robots":{"index":"index","follow":"follow","max-snippet":"max-snippet:-1","max-image-preview":"max-image-preview:large","max-video-preview":"max-video-preview:-1"},"canonical":"https:\/\/barcelonawatersports.es\/fr\/contact\/","og_locale":"fr_FR","og_type":"article","og_title":"Contact","og_description":"RYA Sailing and Powerboat Course, Charters for Sailing and Powerboats, Boat trips including Sunset Sails, Tapas & Drinks Includes","og_url":"https:\/\/barcelonawatersports.es\/fr\/contact\/","og_site_name":"Barcelona Watersports","article_publisher":"https:\/\/www.facebook.com\/Barcelona-Watersports-694500170570814","article_modified_time":"2025-03-09T17:32:43+00:00","twitter_card":"summary_large_image","twitter_misc":{"Dur\u00e9e de lecture estim\u00e9e":"1 minute"},"schema":{"@context":"https:\/\/schema.org","@graph":[{"@type":"WebPage","@id":"https:\/\/barcelonawatersports.es\/contact\/","url":"https:\/\/barcelonawatersports.es\/contact\/","name":"Contact - Barcelona Watersports","isPartOf":{"@id":"https:\/\/barcelonawatersports.es\/#website"},"datePublished":"2019-09-18T04:57:54+00:00","dateModified":"2025-03-09T17:32:43+00:00","description":"RYA Sailing and Powerboat Course, Charters for Sailing and Powerboats, Boat trips including Sunset Sails, Tapas & Drinks Includes","breadcrumb":{"@id":"https:\/\/barcelonawatersports.es\/contact\/#breadcrumb"},"inLanguage":"fr-FR","potentialAction":[{"@type":"ReadAction","target":["https:\/\/barcelonawatersports.es\/contact\/"]}]},{"@type":"BreadcrumbList","@id":"https:\/\/barcelonawatersports.es\/contact\/#breadcrumb","itemListElement":[{"@type":"ListItem","position":1,"name":"Home","item":"https:\/\/barcelonawatersports.es\/"},{"@type":"ListItem","position":2,"name":"Contact"}]},{"@type":"WebSite","@id":"https:\/\/barcelonawatersports.es\/#website","url":"https:\/\/barcelonawatersports.es\/","name":"Barcelona Watersports","description":"Sailing and Powerboat trips and Lessons","publisher":{"@id":"https:\/\/barcelonawatersports.es\/#organization"},"potentialAction":[{"@type":"SearchAction","target":{"@type":"EntryPoint","urlTemplate":"https:\/\/barcelonawatersports.es\/?s={search_term_string}"},"query-input":"required name=search_term_string"}],"inLanguage":"fr-FR"},{"@type":"Organization","@id":"https:\/\/barcelonawatersports.es\/#organization","name":"Barcelona Watersports","url":"https:\/\/barcelonawatersports.es\/","logo":{"@type":"ImageObject","inLanguage":"fr-FR","@id":"https:\/\/barcelonawatersports.es\/#\/schema\/logo\/image\/","url":"https:\/\/barcelonawatersports.es\/wp-content\/uploads\/2021\/01\/flavicon.png","contentUrl":"https:\/\/barcelonawatersports.es\/wp-content\/uploads\/2021\/01\/flavicon.png","width":698,"height":698,"caption":"Barcelona Watersports"},"image":{"@id":"https:\/\/barcelonawatersports.es\/#\/schema\/logo\/image\/"},"sameAs":["https:\/\/www.facebook.com\/Barcelona-Watersports-694500170570814","https:\/\/www.instagram.com\/barcelona_watersports\/"]}]}},"_links":{"self":[{"href":"https:\/\/barcelonawatersports.es\/fr\/wp-json\/wp\/v2\/pages\/159"}],"collection":[{"href":"https:\/\/barcelonawatersports.es\/fr\/wp-json\/wp\/v2\/pages"}],"about":[{"href":"https:\/\/barcelonawatersports.es\/fr\/wp-json\/wp\/v2\/types\/page"}],"author":[{"embeddable":true,"href":"https:\/\/barcelonawatersports.es\/fr\/wp-json\/wp\/v2\/users\/1"}],"replies":[{"embeddable":true,"href":"https:\/\/barcelonawatersports.es\/fr\/wp-json\/wp\/v2\/comments?post=159"}],"version-history":[{"count":36,"href":"https:\/\/barcelonawatersports.es\/fr\/wp-json\/wp\/v2\/pages\/159\/revisions"}],"predecessor-version":[{"id":2821,"href":"https:\/\/barcelonawatersports.es\/fr\/wp-json\/wp\/v2\/pages\/159\/revisions\/2821"}],"wp:attachment":[{"href":"https:\/\/barcelonawatersports.es\/fr\/wp-json\/wp\/v2\/media?parent=159"}],"curies":[{"name":"wp","href":"https:\/\/api.w.org\/{rel}","templated":true}]}}