{"id":2787,"date":"2024-05-23T13:51:41","date_gmt":"2024-05-23T13:51:41","guid":{"rendered":"https:\/\/barcelonawatersports.es\/?page_id=2787"},"modified":"2024-05-23T13:51:41","modified_gmt":"2024-05-23T13:51:41","slug":"americas-cup-regatta","status":"publish","type":"page","link":"https:\/\/barcelonawatersports.es\/es\/americas-cup-regatta\/","title":{"rendered":"Americas Cup Regatta"},"content":{"rendered":"<div class=\"vc_row wpb_row vc_row-fluid vc_custom_1716471342516\"><div class=\"wpb_column vc_column_container vc_col-sm-12 vc_col-lg-offset-2 vc_col-lg-8 vc_col-md-offset-1 vc_col-md-10 vc_col-sm-offset-0\"><div class=\"vc_column-inner vc_custom_1492694838569\"><div class=\"wpb_wrapper\"><div id=\"ultimate-heading-125469f702fbc2c56\" class=\"uvc-heading ult-adjust-bottom-margin ultimate-heading-125469f702fbc2c56 uvc-7092 accent-subtitle-color\" data-hspacer=\"no_spacer\"  data-halign=\"center\" style=\"text-align:center\"><div class=\"uvc-heading-spacer no_spacer\" style=\"top\"><\/div><div class=\"uvc-main-heading ult-responsive\"  data-ultimate-target='.uvc-heading.ultimate-heading-125469f702fbc2c56 h2'  data-responsive-json-new='{\"font-size\":\"desktop:70px;tablet:50px;tablet_portrait:40px;mobile_landscape:28px;\",\"line-height\":\"desktop:80px;tablet:60px;tablet_portrait:50px;mobile_landscape:38px;\"}' ><h2 style=\"font-weight:bold;color:#ffffff;margin-top:70px;margin-bottom:50px;\">Suba a bordo y ac\u00e9rquese a la acci\u00f3n<\/h2><\/div><div class=\"uvc-sub-heading ult-responsive\"  data-ultimate-target='.uvc-heading.ultimate-heading-125469f702fbc2c56 .uvc-sub-heading '  data-responsive-json-new='{\"font-size\":\"desktop:28px;mobile_landscape:18px;\",\"line-height\":\"desktop:38px;mobile_landscape:28px;\"}'  style=\"font-family:&#039;Roboto Slab&#039;;font-weight:700;margin-bottom:80px;\">Ofrecemos ch\u00e1rteres diarios para todas las pruebas de la Copa Am\u00e9rica durante los meses de agosto, septiembre y octubre.<\/div><\/div><\/div><\/div><\/div><\/div><!-- Row Backgrounds --><div class=\"upb_bg_img\" data-ultimate-bg=\"url(https:\/\/barcelonawatersports.es\/wp-content\/uploads\/2024\/05\/Amercias-Cup-Ineos.jpg)\" data-image-id=\"id^2780|url^https:\/\/barcelonawatersports.es\/wp-content\/uploads\/2024\/05\/Amercias-Cup-Ineos.jpg|caption^null|alt^null|title^Amercias Cup Ineos|description^null\" data-ultimate-bg-style=\"vcpb-default\" data-bg-img-repeat=\"no-repeat\" data-bg-img-size=\"cover\" data-bg-img-position=\"\" data-parallx_sense=\"30\" data-bg-override=\"0\" data-bg_img_attach=\"fixed\" data-upb-overlay-color=\"rgba(0,0,0,0.6)\" data-upb-bg-animation=\"\" data-fadeout=\"\" data-bg-animation=\"left-animation\" data-bg-animation-type=\"h\" data-animation-repeat=\"repeat\" data-fadeout-percentage=\"30\" data-parallax-content=\"\" data-parallax-content-sense=\"30\" data-row-effect-mobile-disable=\"true\" data-img-parallax-mobile-disable=\"true\" data-rtl=\"false\"  data-custom-vc-row=\"\"  data-vc=\"6.6.0.1\"  data-is_old_vc=\"\"  data-theme-support=\"\"   data-overlay=\"true\" data-overlay-color=\"rgba(0,0,0,0.6)\" data-overlay-pattern=\"\" data-overlay-pattern-opacity=\"0.8\" data-overlay-pattern-size=\"\" data-overlay-pattern-attachment=\"scroll\"    ><\/div><div class=\"vc_row wpb_row vc_row-fluid vc_custom_1672935542490\"><div class=\"wpb_column vc_column_container vc_col-sm-12\"><div class=\"vc_column-inner vc_custom_1492766890667\"><div class=\"wpb_wrapper\"><div id=\"ultimate-heading-840869f702fbc4019\" class=\"uvc-heading ult-adjust-bottom-margin ultimate-heading-840869f702fbc4019 uvc-2338 accent-subtitle-color\" data-hspacer=\"no_spacer\"  data-halign=\"center\" style=\"text-align:center\"><div class=\"uvc-heading-spacer no_spacer\" style=\"top\"><\/div><div class=\"uvc-main-heading ult-responsive\"  data-ultimate-target='.uvc-heading.ultimate-heading-840869f702fbc4019 h2'  data-responsive-json-new='{\"font-size\":\"desktop:36px;\",\"line-height\":\"desktop:46px;\"}' ><h2 style=\"font-weight:bold;color:#ffffff;margin-bottom:10px;\">Vea las regatas de la Copa Am\u00e9rica en el agua con ch\u00e1rteres todo incluido<\/h2><\/div><div class=\"uvc-sub-heading ult-responsive\"  data-ultimate-target='.uvc-heading.ultimate-heading-840869f702fbc4019 .uvc-sub-heading '  data-responsive-json-new='{\"font-size\":\"desktop:22px;\",\"line-height\":\"desktop:32px;\"}'  style=\"font-family:&#039;Roboto Slab&#039;;font-weight:700;margin-bottom:25px;\"><\/p>\n<p style=\"text-align: center;\">Tambi\u00e9n ofrecemos charters privados y corporativos para todo tipo de eventos.<\/p>\n<p><\/div><\/div>\n\t<div class=\"wpb_raw_code wpb_raw_js\" >\n\t\t<div class=\"wpb_wrapper\">\n\t\t\t<script type=\"text\/javascript\" src=\"https:\/\/widgets.bokun.io\/assets\/javascripts\/apps\/build\/BokunWidgetsLoader.js?bookingChannelUUID=86da36fb-271b-4726-b5f9-c0ca3a20f1c5\" async><\/script>\n     \n    <div class=\"bokunWidget\" data-src=\"https:\/\/widgets.bokun.io\/online-sales\/86da36fb-271b-4726-b5f9-c0ca3a20f1c5\/product-list\/76866\"><\/div>\n    <noscript>Por favor, active javascript en su navegador para reservar<\/noscript>\n\n\t\t<\/div>\n\t<\/div>\n<\/div><\/div><\/div><\/div><!-- Row Backgrounds --><div class=\"upb_bg_img\" data-ultimate-bg=\"url(https:\/\/barcelonawatersports.es\/wp-content\/uploads\/revslider\/the7-expedition-slider\/trip-07.jpg)\" data-image-id=\"id^1362|url^https:\/\/barcelonawatersports.es\/wp-content\/uploads\/revslider\/the7-expedition-slider\/trip-07.jpg|caption^null|alt^null|title^trip-07.jpg|description^null\" data-ultimate-bg-style=\"vcpb-default\" data-bg-img-repeat=\"no-repeat\" data-bg-img-size=\"cover\" data-bg-img-position=\"\" data-parallx_sense=\"30\" data-bg-override=\"ex-full\" data-bg_img_attach=\"fixed\" data-upb-overlay-color=\"rgba(0,0,0,0.75)\" data-upb-bg-animation=\"\" data-fadeout=\"\" data-bg-animation=\"left-animation\" data-bg-animation-type=\"h\" data-animation-repeat=\"repeat\" data-fadeout-percentage=\"30\" data-parallax-content=\"\" data-parallax-content-sense=\"30\" data-row-effect-mobile-disable=\"true\" data-img-parallax-mobile-disable=\"true\" data-rtl=\"false\"  data-custom-vc-row=\"\"  data-vc=\"6.6.0.1\"  data-is_old_vc=\"\"  data-theme-support=\"\"   data-overlay=\"true\" data-overlay-color=\"rgba(0,0,0,0.75)\" data-overlay-pattern=\"\" data-overlay-pattern-opacity=\"0.8\" data-overlay-pattern-size=\"\" data-overlay-pattern-attachment=\"scroll\"    ><\/div><div class=\"vc_row wpb_row vc_row-fluid\"><div class=\"wpb_column vc_column_container vc_col-sm-12\"><div class=\"vc_column-inner\"><div class=\"wpb_wrapper\">\n\t<div class=\"wpb_text_column wpb_content_element\" >\n\t\t<div class=\"wpb_wrapper\">\n\t\t\t<div class=\"wprev-no-slider\" id=\"wprev-slider-1\"><style>#wprev-slider-1 .wprev_preview_bradius_T1 {border-radius: 0px;}#wprev-slider-1 .wprev_preview_bg1_T1 {background:;}#wprev-slider-1 .wprev_preview_bg2_T1 {background:;}#wprev-slider-1 .wprev_preview_tcolor1_T1 {color:;}#wprev-slider-1 .wprev_preview_tcolor2_T1 {color:;}#wprev-slider-1 .wprev_preview_bg1_T1::after{ border-top: 30px solid ; }<\/style><style><\/style>\t\t<div class=\"wptripadvisor_t1_outer_div w3_wprs-row-padding\">\r\n\t\t\t\t<div class=\"wptripadvisor_t1_DIV_1 w3_wprs-col l4\">\r\n\t\t\t<div class=\"wptripadvisor_t1_DIV_2 wprev_preview_bg1_T1 wprev_preview_bradius_T1\">\r\n\t\t\t\t<p class=\"wptripadvisor_t1_P_3 wprev_preview_tcolor1_T1\">\r\n\t\t\t\t\t<span class=\"wptripadvisor_star_imgs_T1\"><img src=\"https:\/\/barcelonawatersports.es\/wp-content\/plugins\/wp-tripadvisor-review-slider\/public\/partials\/imgs\/tripadvisor_stars_5.png\" alt=\"star rating\" class=\"wptripadvisor_t1_star_img_file\">&nbsp;&nbsp;<\/span>Mi familia de 8 personas tom\u00f3 este crucero al atardecer el domingo 18 de julio y lo pasamos genial.  Los 2 miembros de la tripulaci\u00f3n, Unay e Ivy, fueron incre\u00edbles y su<a class='wprs_rd_more'>... leer m\u00e1s<\/a><span class='wprs_rd_more_text' style='display:none;'> actitud y profesionalidad hicieron que nuestra experiencia fuera maravillosa.  A todos nos encant\u00f3 la forma en que nos trataron y recomiendo encarecidamente cualquier tipo de excursi\u00f3n con estos dos.  \u00a1\u00a1\u00a1Nuestra experiencia fue memorable y ellos fueron una gran parte de eso!!! ...<\/span>\t\t\t\t<\/p>\r\n\t\t\t\t\t\t\t\t<a href=\"https:\/\/www.tripadvisor.co.uk\/Attraction_Review-g187497-d7913394-Reviews-Barcelona_Watersports-Barcelona_Catalonia.html\" target=\"_blank\" rel=\"nofollow\"><img src=\"https:\/\/barcelonawatersports.es\/wp-content\/plugins\/wp-tripadvisor-review-slider\/public\/partials\/imgs\/tripadvisor_outline.png\" alt=\"tripadvisor logo\" class=\"wptripadvisor_t1_tripadvisor_logo\"><\/a>\t\t\t<\/div><span class=\"wptripadvisor_t1_A_8\"><\/span> <span class=\"wptripadvisor_t1_SPAN_5 wprev_preview_tcolor2_T1\">randallswhite<br\/><span class=\"wprev_showdate_T1\">1 de agosto de 2021<\/span> <\/span>\r\n\t\t<\/div>\r\n\t\t\t<div class=\"wptripadvisor_t1_DIV_1 w3_wprs-col l4\">\r\n\t\t\t<div class=\"wptripadvisor_t1_DIV_2 wprev_preview_bg1_T1 wprev_preview_bradius_T1\">\r\n\t\t\t\t<p class=\"wptripadvisor_t1_P_3 wprev_preview_tcolor1_T1\">\r\n\t\t\t\t\t<span class=\"wptripadvisor_star_imgs_T1\"><img src=\"https:\/\/barcelonawatersports.es\/wp-content\/plugins\/wp-tripadvisor-review-slider\/public\/partials\/imgs\/tripadvisor_stars_5.png\" alt=\"star rating\" class=\"wptripadvisor_t1_star_img_file\">&nbsp;&nbsp;<\/span>Mi familia de 8 personas tom\u00f3 este crucero al atardecer el domingo 18 de julio y lo pasamos genial.  Los 2 miembros de la tripulaci\u00f3n, Unay e Ivy, fueron incre\u00edbles y su<a class='wprs_rd_more'>... leer m\u00e1s<\/a><span class='wprs_rd_more_text' style='display:none;'> actitud y profesionalidad hicieron que nuestra experiencia fuera maravillosa.  A todos nos encant\u00f3 la forma en que nos trataron y recomendar\u00eda encarecidamente cualquier tipo de excursi\u00f3n con estos dos.  \u00a1\u00a1\u00a1Nuestra experiencia fue memorable y ellos fueron una gran parte de eso!!!<\/span>\t\t\t\t<\/p>\r\n\t\t\t\t\t\t\t\t<a href=\"https:\/\/www.tripadvisor.co.uk\/Attraction_Review-g187497-d7913394-Reviews-Barcelona_Watersports-Barcelona_Catalonia.html\" target=\"_blank\" rel=\"nofollow\"><img src=\"https:\/\/barcelonawatersports.es\/wp-content\/plugins\/wp-tripadvisor-review-slider\/public\/partials\/imgs\/tripadvisor_outline.png\" alt=\"tripadvisor logo\" class=\"wptripadvisor_t1_tripadvisor_logo\"><\/a>\t\t\t<\/div><span class=\"wptripadvisor_t1_A_8\"><\/span> <span class=\"wptripadvisor_t1_SPAN_5 wprev_preview_tcolor2_T1\">randallswhite<br\/><span class=\"wprev_showdate_T1\">1 de julio de 2021<\/span> <\/span>\r\n\t\t<\/div>\r\n\t\t\t<div class=\"wptripadvisor_t1_DIV_1 w3_wprs-col l4\">\r\n\t\t\t<div class=\"wptripadvisor_t1_DIV_2 wprev_preview_bg1_T1 wprev_preview_bradius_T1\">\r\n\t\t\t\t<p class=\"wptripadvisor_t1_P_3 wprev_preview_tcolor1_T1\">\r\n\t\t\t\t\t<span class=\"wptripadvisor_star_imgs_T1\"><img src=\"https:\/\/barcelonawatersports.es\/wp-content\/plugins\/wp-tripadvisor-review-slider\/public\/partials\/imgs\/tripadvisor_stars_5.png\" alt=\"star rating\" class=\"wptripadvisor_t1_star_img_file\">&nbsp;&nbsp;<\/span>Un grupo excepcional de navegantes y grandes personas.  Fue un agradable crucero al atardecer en un barco que ten\u00eda un mont\u00f3n de espacio para todo el mundo.\t\t\t\t<\/p>\r\n\t\t\t\t\t\t\t\t<a href=\"https:\/\/www.tripadvisor.co.uk\/Attraction_Review-g187497-d7913394-Reviews-Barcelona_Watersports-Barcelona_Catalonia.html\" target=\"_blank\" rel=\"nofollow\"><img src=\"https:\/\/barcelonawatersports.es\/wp-content\/plugins\/wp-tripadvisor-review-slider\/public\/partials\/imgs\/tripadvisor_outline.png\" alt=\"tripadvisor logo\" class=\"wptripadvisor_t1_tripadvisor_logo\"><\/a>\t\t\t<\/div><span class=\"wptripadvisor_t1_A_8\"><\/span> <span class=\"wptripadvisor_t1_SPAN_5 wprev_preview_tcolor2_T1\">Compa\u00f1ero55016664627<br\/><span class=\"wprev_showdate_T1\">29 de octubre de 2019<\/span> <\/span>\r\n\t\t<\/div>\r\n\t\t<\/div>\r\n<!-- This file should primarily consist of HTML with a little bit of PHP. -->\r\n<\/div>\r\n\n\n\t\t<\/div>\n\t<\/div>\n<\/div><\/div><\/div><\/div>","protected":false},"excerpt":{"rendered":"<p>Get onboard and close to the actionWe are offering daily charters for all the Americas Cup events through August, September and October.Watch the Americas Cup Regattas on the water with all inclusive charters We offer private and corporate whole event charters too, please message us Please enable javascript in your browser to book &nbsp;&nbsp;Absolutely amazing&hellip;<\/p>","protected":false},"author":2,"featured_media":0,"parent":0,"menu_order":28,"comment_status":"closed","ping_status":"closed","template":"","meta":{"om_disable_all_campaigns":false,"_monsterinsights_skip_tracking":false,"_monsterinsights_sitenote_active":false,"_monsterinsights_sitenote_note":"","_monsterinsights_sitenote_category":0,"_uf_show_specific_survey":0,"_uf_disable_surveys":false},"yoast_head":"<!-- This site is optimized with the Yoast SEO Premium plugin v20.4 (Yoast SEO v20.6) - https:\/\/yoast.com\/wordpress\/plugins\/seo\/ -->\n<title>Americas Cup Regatta - Barcelona Watersports<\/title>\n<meta name=\"robots\" content=\"index, follow, max-snippet:-1, max-image-preview:large, max-video-preview:-1\" \/>\n<link rel=\"canonical\" href=\"https:\/\/barcelonawatersports.es\/es\/americas-cup-regatta\/\" \/>\n<meta property=\"og:locale\" content=\"es_ES\" \/>\n<meta property=\"og:type\" content=\"article\" \/>\n<meta property=\"og:title\" content=\"Americas Cup Regatta\" \/>\n<meta property=\"og:url\" content=\"https:\/\/barcelonawatersports.es\/es\/americas-cup-regatta\/\" \/>\n<meta property=\"og:site_name\" content=\"Barcelona Watersports\" \/>\n<meta property=\"article:publisher\" content=\"https:\/\/www.facebook.com\/Barcelona-Watersports-694500170570814\" \/>\n<meta name=\"twitter:card\" content=\"summary_large_image\" \/>\n<meta name=\"twitter:label1\" content=\"Tiempo de lectura\" \/>\n\t<meta name=\"twitter:data1\" content=\"1 minuto\" \/>\n<script type=\"application\/ld+json\" class=\"yoast-schema-graph\">{\"@context\":\"https:\/\/schema.org\",\"@graph\":[{\"@type\":\"WebPage\",\"@id\":\"https:\/\/barcelonawatersports.es\/americas-cup-regatta\/\",\"url\":\"https:\/\/barcelonawatersports.es\/americas-cup-regatta\/\",\"name\":\"Americas Cup Regatta - Barcelona Watersports\",\"isPartOf\":{\"@id\":\"https:\/\/barcelonawatersports.es\/#website\"},\"datePublished\":\"2024-05-23T13:51:41+00:00\",\"dateModified\":\"2024-05-23T13:51:41+00:00\",\"breadcrumb\":{\"@id\":\"https:\/\/barcelonawatersports.es\/americas-cup-regatta\/#breadcrumb\"},\"inLanguage\":\"es\",\"potentialAction\":[{\"@type\":\"ReadAction\",\"target\":[\"https:\/\/barcelonawatersports.es\/americas-cup-regatta\/\"]}]},{\"@type\":\"BreadcrumbList\",\"@id\":\"https:\/\/barcelonawatersports.es\/americas-cup-regatta\/#breadcrumb\",\"itemListElement\":[{\"@type\":\"ListItem\",\"position\":1,\"name\":\"Home\",\"item\":\"https:\/\/barcelonawatersports.es\/\"},{\"@type\":\"ListItem\",\"position\":2,\"name\":\"Americas Cup Regatta\"}]},{\"@type\":\"WebSite\",\"@id\":\"https:\/\/barcelonawatersports.es\/#website\",\"url\":\"https:\/\/barcelonawatersports.es\/\",\"name\":\"Barcelona Watersports\",\"description\":\"Sailing and Powerboat trips and Lessons\",\"publisher\":{\"@id\":\"https:\/\/barcelonawatersports.es\/#organization\"},\"potentialAction\":[{\"@type\":\"SearchAction\",\"target\":{\"@type\":\"EntryPoint\",\"urlTemplate\":\"https:\/\/barcelonawatersports.es\/?s={search_term_string}\"},\"query-input\":\"required name=search_term_string\"}],\"inLanguage\":\"es\"},{\"@type\":\"Organization\",\"@id\":\"https:\/\/barcelonawatersports.es\/#organization\",\"name\":\"Barcelona Watersports\",\"url\":\"https:\/\/barcelonawatersports.es\/\",\"logo\":{\"@type\":\"ImageObject\",\"inLanguage\":\"es\",\"@id\":\"https:\/\/barcelonawatersports.es\/#\/schema\/logo\/image\/\",\"url\":\"https:\/\/barcelonawatersports.es\/wp-content\/uploads\/2021\/01\/flavicon.png\",\"contentUrl\":\"https:\/\/barcelonawatersports.es\/wp-content\/uploads\/2021\/01\/flavicon.png\",\"width\":698,\"height\":698,\"caption\":\"Barcelona Watersports\"},\"image\":{\"@id\":\"https:\/\/barcelonawatersports.es\/#\/schema\/logo\/image\/\"},\"sameAs\":[\"https:\/\/www.facebook.com\/Barcelona-Watersports-694500170570814\",\"https:\/\/www.instagram.com\/barcelona_watersports\/\"]}]}<\/script>\n<!-- \/ Yoast SEO Premium plugin. -->","yoast_head_json":{"title":"Americas Cup Regatta - Barcelona Watersports","robots":{"index":"index","follow":"follow","max-snippet":"max-snippet:-1","max-image-preview":"max-image-preview:large","max-video-preview":"max-video-preview:-1"},"canonical":"https:\/\/barcelonawatersports.es\/es\/americas-cup-regatta\/","og_locale":"es_ES","og_type":"article","og_title":"Americas Cup Regatta","og_url":"https:\/\/barcelonawatersports.es\/es\/americas-cup-regatta\/","og_site_name":"Barcelona Watersports","article_publisher":"https:\/\/www.facebook.com\/Barcelona-Watersports-694500170570814","twitter_card":"summary_large_image","twitter_misc":{"Tiempo de lectura":"1 minuto"},"schema":{"@context":"https:\/\/schema.org","@graph":[{"@type":"WebPage","@id":"https:\/\/barcelonawatersports.es\/americas-cup-regatta\/","url":"https:\/\/barcelonawatersports.es\/americas-cup-regatta\/","name":"Americas Cup Regatta - Barcelona Watersports","isPartOf":{"@id":"https:\/\/barcelonawatersports.es\/#website"},"datePublished":"2024-05-23T13:51:41+00:00","dateModified":"2024-05-23T13:51:41+00:00","breadcrumb":{"@id":"https:\/\/barcelonawatersports.es\/americas-cup-regatta\/#breadcrumb"},"inLanguage":"es","potentialAction":[{"@type":"ReadAction","target":["https:\/\/barcelonawatersports.es\/americas-cup-regatta\/"]}]},{"@type":"BreadcrumbList","@id":"https:\/\/barcelonawatersports.es\/americas-cup-regatta\/#breadcrumb","itemListElement":[{"@type":"ListItem","position":1,"name":"Home","item":"https:\/\/barcelonawatersports.es\/"},{"@type":"ListItem","position":2,"name":"Americas Cup Regatta"}]},{"@type":"WebSite","@id":"https:\/\/barcelonawatersports.es\/#website","url":"https:\/\/barcelonawatersports.es\/","name":"Barcelona Watersports","description":"Sailing and Powerboat trips and Lessons","publisher":{"@id":"https:\/\/barcelonawatersports.es\/#organization"},"potentialAction":[{"@type":"SearchAction","target":{"@type":"EntryPoint","urlTemplate":"https:\/\/barcelonawatersports.es\/?s={search_term_string}"},"query-input":"required name=search_term_string"}],"inLanguage":"es"},{"@type":"Organization","@id":"https:\/\/barcelonawatersports.es\/#organization","name":"Barcelona Watersports","url":"https:\/\/barcelonawatersports.es\/","logo":{"@type":"ImageObject","inLanguage":"es","@id":"https:\/\/barcelonawatersports.es\/#\/schema\/logo\/image\/","url":"https:\/\/barcelonawatersports.es\/wp-content\/uploads\/2021\/01\/flavicon.png","contentUrl":"https:\/\/barcelonawatersports.es\/wp-content\/uploads\/2021\/01\/flavicon.png","width":698,"height":698,"caption":"Barcelona Watersports"},"image":{"@id":"https:\/\/barcelonawatersports.es\/#\/schema\/logo\/image\/"},"sameAs":["https:\/\/www.facebook.com\/Barcelona-Watersports-694500170570814","https:\/\/www.instagram.com\/barcelona_watersports\/"]}]}},"_links":{"self":[{"href":"https:\/\/barcelonawatersports.es\/es\/wp-json\/wp\/v2\/pages\/2787"}],"collection":[{"href":"https:\/\/barcelonawatersports.es\/es\/wp-json\/wp\/v2\/pages"}],"about":[{"href":"https:\/\/barcelonawatersports.es\/es\/wp-json\/wp\/v2\/types\/page"}],"author":[{"embeddable":true,"href":"https:\/\/barcelonawatersports.es\/es\/wp-json\/wp\/v2\/users\/2"}],"replies":[{"embeddable":true,"href":"https:\/\/barcelonawatersports.es\/es\/wp-json\/wp\/v2\/comments?post=2787"}],"version-history":[{"count":1,"href":"https:\/\/barcelonawatersports.es\/es\/wp-json\/wp\/v2\/pages\/2787\/revisions"}],"predecessor-version":[{"id":2788,"href":"https:\/\/barcelonawatersports.es\/es\/wp-json\/wp\/v2\/pages\/2787\/revisions\/2788"}],"wp:attachment":[{"href":"https:\/\/barcelonawatersports.es\/es\/wp-json\/wp\/v2\/media?parent=2787"}],"curies":[{"name":"wp","href":"https:\/\/api.w.org\/{rel}","templated":true}]}}