{"id":2684,"date":"2023-01-05T16:02:07","date_gmt":"2023-01-05T16:02:07","guid":{"rendered":"https:\/\/barcelonawatersports.es\/?page_id=2684"},"modified":"2023-01-05T16:19:07","modified_gmt":"2023-01-05T16:19:07","slug":"boat-trips-sailing-tours","status":"publish","type":"page","link":"https:\/\/barcelonawatersports.es\/es\/boat-trips-sailing-tours\/","title":{"rendered":"Paseos en barco y excursiones en velero"},"content":{"rendered":"<div class=\"vc_row wpb_row vc_row-fluid vc_custom_1672934992011\"><div class=\"wpb_column vc_column_container vc_col-sm-12 vc_col-lg-offset-2 vc_col-lg-8 vc_col-md-offset-1 vc_col-md-10 vc_col-sm-offset-0\"><div class=\"vc_column-inner vc_custom_1492694838569\"><div class=\"wpb_wrapper\"><div id=\"ultimate-heading-749369f73f018319a\" class=\"uvc-heading ult-adjust-bottom-margin ultimate-heading-749369f73f018319a uvc-7736 accent-subtitle-color\" data-hspacer=\"no_spacer\"  data-halign=\"center\" style=\"text-align:center\"><div class=\"uvc-heading-spacer no_spacer\" style=\"top\"><\/div><div class=\"uvc-main-heading ult-responsive\"  data-ultimate-target='.uvc-heading.ultimate-heading-749369f73f018319a h2'  data-responsive-json-new='{\"font-size\":\"desktop:70px;tablet:50px;tablet_portrait:40px;mobile_landscape:28px;\",\"line-height\":\"desktop:80px;tablet:60px;tablet_portrait:50px;mobile_landscape:38px;\"}' ><h2 style=\"font-weight:bold;color:#ffffff;margin-top:70px;margin-bottom:50px;\">Incre\u00edbles paseos en velero y barco a motor<\/h2><\/div><div class=\"uvc-sub-heading ult-responsive\"  data-ultimate-target='.uvc-heading.ultimate-heading-749369f73f018319a .uvc-sub-heading '  data-responsive-json-new='{\"font-size\":\"desktop:28px;mobile_landscape:18px;\",\"line-height\":\"desktop:38px;mobile_landscape:28px;\"}'  style=\"font-family:&#039;Roboto Slab&#039;;font-weight:700;margin-bottom:80px;\">Ofrecemos una gran variedad de viajes con patrones bien cualificados, experimentados y lo m\u00e1s importante divertidos y amables. Tenemos una gama de barcos adecuados para viajes privados, viajes diarios programados y despedidas de soltero y eventos corporativos.<\/div><\/div><\/div><\/div><\/div><\/div><!-- Row Backgrounds --><div class=\"upb_bg_img\" data-ultimate-bg=\"url(https:\/\/barcelonawatersports.es\/wp-content\/uploads\/2021\/01\/No-limits-with-view-for-slider-scaled.jpg)\" data-image-id=\"id^2110|url^https:\/\/barcelonawatersports.es\/wp-content\/uploads\/2021\/01\/No-limits-with-view-for-slider-scaled.jpg|caption^null|alt^null|title^No limits with view for slider|description^null\" data-ultimate-bg-style=\"vcpb-default\" data-bg-img-repeat=\"no-repeat\" data-bg-img-size=\"cover\" data-bg-img-position=\"\" data-parallx_sense=\"30\" data-bg-override=\"0\" data-bg_img_attach=\"fixed\" data-upb-overlay-color=\"rgba(0,0,0,0.6)\" data-upb-bg-animation=\"\" data-fadeout=\"\" data-bg-animation=\"left-animation\" data-bg-animation-type=\"h\" data-animation-repeat=\"repeat\" data-fadeout-percentage=\"30\" data-parallax-content=\"\" data-parallax-content-sense=\"30\" data-row-effect-mobile-disable=\"true\" data-img-parallax-mobile-disable=\"true\" data-rtl=\"false\"  data-custom-vc-row=\"\"  data-vc=\"6.6.0.1\"  data-is_old_vc=\"\"  data-theme-support=\"\"   data-overlay=\"true\" data-overlay-color=\"rgba(0,0,0,0.6)\" data-overlay-pattern=\"\" data-overlay-pattern-opacity=\"0.8\" data-overlay-pattern-size=\"\" data-overlay-pattern-attachment=\"scroll\"    ><\/div><div class=\"vc_row wpb_row vc_row-fluid vc_custom_1672935542490\"><div class=\"wpb_column vc_column_container vc_col-sm-12\"><div class=\"vc_column-inner vc_custom_1492766890667\"><div class=\"wpb_wrapper\"><div id=\"ultimate-heading-165669f73f018456c\" class=\"uvc-heading ult-adjust-bottom-margin ultimate-heading-165669f73f018456c uvc-9999 accent-subtitle-color\" data-hspacer=\"no_spacer\"  data-halign=\"center\" style=\"text-align:center\"><div class=\"uvc-heading-spacer no_spacer\" style=\"top\"><\/div><div class=\"uvc-main-heading ult-responsive\"  data-ultimate-target='.uvc-heading.ultimate-heading-165669f73f018456c h2'  data-responsive-json-new='{\"font-size\":\"desktop:36px;\",\"line-height\":\"desktop:46px;\"}' ><h2 style=\"font-weight:bold;color:#ffffff;margin-bottom:10px;\">Eche un vistazo a la selecci\u00f3n de viajes. Si no encuentra lo que busca, env\u00edenos un mensaje.<\/h2><\/div><div class=\"uvc-sub-heading ult-responsive\"  data-ultimate-target='.uvc-heading.ultimate-heading-165669f73f018456c .uvc-sub-heading '  data-responsive-json-new='{\"font-size\":\"desktop:22px;\",\"line-height\":\"desktop:32px;\"}'  style=\"font-family:&#039;Roboto Slab&#039;;font-weight:700;margin-bottom:25px;\"><\/p>\n<p style=\"text-align: center;\">Si no encuentra las fechas que busca, env\u00edenos un mensaje y veremos qu\u00e9 podemos hacer.<\/p>\n<p><\/div><\/div>\n\t<div class=\"wpb_raw_code wpb_raw_js\" >\n\t\t<div class=\"wpb_wrapper\">\n\t\t\t<script type=\"text\/javascript\" src=\"https:\/\/widgets.bokun.io\/assets\/javascripts\/apps\/build\/BokunWidgetsLoader.js?bookingChannelUUID=86da36fb-271b-4726-b5f9-c0ca3a20f1c5\" async><\/script>\n     \n    <div class=\"bokunWidget\" data-src=\"https:\/\/widgets.bokun.io\/online-sales\/86da36fb-271b-4726-b5f9-c0ca3a20f1c5\/product-list\/63255\"><\/div>\n    <noscript>Por favor, active javascript en su navegador para reservar<\/noscript>\n\n\t\t<\/div>\n\t<\/div>\n<\/div><\/div><\/div><\/div><!-- Row Backgrounds --><div class=\"upb_bg_img\" data-ultimate-bg=\"url(https:\/\/barcelonawatersports.es\/wp-content\/uploads\/revslider\/the7-expedition-slider\/trip-07.jpg)\" data-image-id=\"id^1362|url^https:\/\/barcelonawatersports.es\/wp-content\/uploads\/revslider\/the7-expedition-slider\/trip-07.jpg|caption^null|alt^null|title^trip-07.jpg|description^null\" data-ultimate-bg-style=\"vcpb-default\" data-bg-img-repeat=\"no-repeat\" data-bg-img-size=\"cover\" data-bg-img-position=\"\" data-parallx_sense=\"30\" data-bg-override=\"ex-full\" data-bg_img_attach=\"fixed\" data-upb-overlay-color=\"rgba(0,0,0,0.75)\" data-upb-bg-animation=\"\" data-fadeout=\"\" data-bg-animation=\"left-animation\" data-bg-animation-type=\"h\" data-animation-repeat=\"repeat\" data-fadeout-percentage=\"30\" data-parallax-content=\"\" data-parallax-content-sense=\"30\" data-row-effect-mobile-disable=\"true\" data-img-parallax-mobile-disable=\"true\" data-rtl=\"false\"  data-custom-vc-row=\"\"  data-vc=\"6.6.0.1\"  data-is_old_vc=\"\"  data-theme-support=\"\"   data-overlay=\"true\" data-overlay-color=\"rgba(0,0,0,0.75)\" data-overlay-pattern=\"\" data-overlay-pattern-opacity=\"0.8\" data-overlay-pattern-size=\"\" data-overlay-pattern-attachment=\"scroll\"    ><\/div><div class=\"vc_row wpb_row vc_row-fluid\"><div class=\"wpb_column vc_column_container vc_col-sm-12\"><div class=\"vc_column-inner\"><div class=\"wpb_wrapper\">\n\t<div class=\"wpb_text_column wpb_content_element\" >\n\t\t<div class=\"wpb_wrapper\">\n\t\t\t<div class=\"wprev-no-slider\" id=\"wprev-slider-1\"><style>#wprev-slider-1 .wprev_preview_bradius_T1 {border-radius: 0px;}#wprev-slider-1 .wprev_preview_bg1_T1 {background:;}#wprev-slider-1 .wprev_preview_bg2_T1 {background:;}#wprev-slider-1 .wprev_preview_tcolor1_T1 {color:;}#wprev-slider-1 .wprev_preview_tcolor2_T1 {color:;}#wprev-slider-1 .wprev_preview_bg1_T1::after{ border-top: 30px solid ; }<\/style><style><\/style>\t\t<div class=\"wptripadvisor_t1_outer_div w3_wprs-row-padding\">\r\n\t\t\t\t<div class=\"wptripadvisor_t1_DIV_1 w3_wprs-col l4\">\r\n\t\t\t<div class=\"wptripadvisor_t1_DIV_2 wprev_preview_bg1_T1 wprev_preview_bradius_T1\">\r\n\t\t\t\t<p class=\"wptripadvisor_t1_P_3 wprev_preview_tcolor1_T1\">\r\n\t\t\t\t\t<span class=\"wptripadvisor_star_imgs_T1\"><img src=\"https:\/\/barcelonawatersports.es\/wp-content\/plugins\/wp-tripadvisor-review-slider\/public\/partials\/imgs\/tripadvisor_stars_5.png\" alt=\"star rating\" class=\"wptripadvisor_t1_star_img_file\">&nbsp;&nbsp;<\/span>Hola,<br \/>\r\n<br \/>\r\nMi hija y yo acabamos de terminar nuestro curso de 2 d\u00edas RYA Powerboat nivel 2 con Barcelona Watersports. Tuvimos a Faith como instructora. Fue una experiencia fabulosa,<a class='wprs_rd_more'>... leer m\u00e1s<\/a><span class='wprs_rd_more_text' style='display:none;'> Ella es obviamente muy h\u00e1bil y conocedor y fue capaz de compartir de su sabidur\u00eda de una manera divertida y esclarecedora. La semirr\u00edgida tambi\u00e9n era estupenda, con un potente motor de 300 CV. Hac\u00eda viento y estaba picado, pero eso hizo que la experiencia fuera mucho m\u00e1s realista. Las mejores notas en todo. Gran mezcla de teor\u00eda y pr\u00e1ctica. Lo recomendar\u00eda 100%. De hecho, \u00a1intentar\u00e9 animar a mi mujer y a mi hijo para que hagan el curso tambi\u00e9n!<\/span>\t\t\t\t<\/p>\r\n\t\t\t\t\t\t\t\t<a href=\"https:\/\/www.tripadvisor.co.uk\/Attraction_Review-g187497-d7913394-Reviews-Barcelona_Watersports-Barcelona_Catalonia.html\" target=\"_blank\" rel=\"nofollow\"><img src=\"https:\/\/barcelonawatersports.es\/wp-content\/plugins\/wp-tripadvisor-review-slider\/public\/partials\/imgs\/tripadvisor_outline.png\" alt=\"tripadvisor logo\" class=\"wptripadvisor_t1_tripadvisor_logo\"><\/a>\t\t\t<\/div><span class=\"wptripadvisor_t1_A_8\"><\/span> <span class=\"wptripadvisor_t1_SPAN_5 wprev_preview_tcolor2_T1\">JHG1970<br\/><span class=\"wprev_showdate_T1\">23 de agosto de 2020<\/span> <\/span>\r\n\t\t<\/div>\r\n\t\t\t<div class=\"wptripadvisor_t1_DIV_1 w3_wprs-col l4\">\r\n\t\t\t<div class=\"wptripadvisor_t1_DIV_2 wprev_preview_bg1_T1 wprev_preview_bradius_T1\">\r\n\t\t\t\t<p class=\"wptripadvisor_t1_P_3 wprev_preview_tcolor1_T1\">\r\n\t\t\t\t\t<span class=\"wptripadvisor_star_imgs_T1\"><img src=\"https:\/\/barcelonawatersports.es\/wp-content\/plugins\/wp-tripadvisor-review-slider\/public\/partials\/imgs\/tripadvisor_stars_5.png\" alt=\"star rating\" class=\"wptripadvisor_t1_star_img_file\">&nbsp;&nbsp;<\/span>Tuvimos mucha suerte de tener buen viento y mucho sol. Faith era un patr\u00f3n estupendo con historias interesantes (no te f\u00edes de la rutina) y nos encant\u00f3 nadar detr\u00e1s del barco.<a class='wprs_rd_more'>... leer m\u00e1s<\/a><span class='wprs_rd_more_text' style='display:none;'> <\/span>\t\t\t\t<\/p>\r\n\t\t\t\t\t\t\t\t<a href=\"https:\/\/www.tripadvisor.co.uk\/Attraction_Review-g187497-d7913394-Reviews-Barcelona_Watersports-Barcelona_Catalonia.html\" target=\"_blank\" rel=\"nofollow\"><img src=\"https:\/\/barcelonawatersports.es\/wp-content\/plugins\/wp-tripadvisor-review-slider\/public\/partials\/imgs\/tripadvisor_outline.png\" alt=\"tripadvisor logo\" class=\"wptripadvisor_t1_tripadvisor_logo\"><\/a>\t\t\t<\/div><span class=\"wptripadvisor_t1_A_8\"><\/span> <span class=\"wptripadvisor_t1_SPAN_5 wprev_preview_tcolor2_T1\">Jasper<br\/><span class=\"wprev_showdate_T1\">18 de agosto de 2021<\/span> <\/span>\r\n\t\t<\/div>\r\n\t\t\t<div class=\"wptripadvisor_t1_DIV_1 w3_wprs-col l4\">\r\n\t\t\t<div class=\"wptripadvisor_t1_DIV_2 wprev_preview_bg1_T1 wprev_preview_bradius_T1\">\r\n\t\t\t\t<p class=\"wptripadvisor_t1_P_3 wprev_preview_tcolor1_T1\">\r\n\t\t\t\t\t<span class=\"wptripadvisor_star_imgs_T1\"><img src=\"https:\/\/barcelonawatersports.es\/wp-content\/plugins\/wp-tripadvisor-review-slider\/public\/partials\/imgs\/tripadvisor_stars_2.png\" alt=\"star rating\" class=\"wptripadvisor_t1_star_img_file\">&nbsp;&nbsp;<\/span>Esperaba tener algo positivo que decir, pero por desgracia la interacci\u00f3n con esta empresa fue negativa.  Mala comunicaci\u00f3n, excusas y desorganizaci\u00f3n. Acab\u00f3 costando mucho m\u00e1s de lo que yo esperaba.<a class='wprs_rd_more'>... leer m\u00e1s<\/a><span class='wprs_rd_more_text' style='display:none;'> esperado.  Reservas poco fiables.  Promesas hechas pero no cumplidas.  Falta de comunicaci\u00f3n b\u00e1sica.   Funcionalidad limitada de la p\u00e1gina web.  Respuestas tard\u00edas que deb\u00edan perseguirse, lo que imposibilitaba la planificaci\u00f3n.  Reactivo, no proactivo.  Falta de compromiso con el cliente.  Inmadurez de algunos empleados.  Como tratar con un ni\u00f1o.<\/span>\t\t\t\t<\/p>\r\n\t\t\t\t\t\t\t\t<a href=\"https:\/\/www.tripadvisor.co.uk\/Attraction_Review-g187497-d7913394-Reviews-Barcelona_Watersports-Barcelona_Catalonia.html\" target=\"_blank\" rel=\"nofollow\"><img src=\"https:\/\/barcelonawatersports.es\/wp-content\/plugins\/wp-tripadvisor-review-slider\/public\/partials\/imgs\/tripadvisor_outline.png\" alt=\"tripadvisor logo\" class=\"wptripadvisor_t1_tripadvisor_logo\"><\/a>\t\t\t<\/div><span class=\"wptripadvisor_t1_A_8\"><\/span> <span class=\"wptripadvisor_t1_SPAN_5 wprev_preview_tcolor2_T1\">Una P<br\/><span class=\"wprev_showdate_T1\">1 de septiembre de 2021<\/span> <\/span>\r\n\t\t<\/div>\r\n\t\t<\/div>\r\n<!-- This file should primarily consist of HTML with a little bit of PHP. -->\r\n<\/div>\r\n\n\n\t\t<\/div>\n\t<\/div>\n<\/div><\/div><\/div><\/div>","protected":false},"excerpt":{"rendered":"<p>Amazing Sailing and Motor Boat tripsWe offer a great variety of trips with well qualified, experienced and most importantly fun and friendly skippers. We have a range of boats suitable for private trips, scheduled daily trips and Stag, Hen and Corporate eventsTake a look at the selection of trips, don&#8217;t see what you want then&hellip;<\/p>","protected":false},"author":2,"featured_media":0,"parent":0,"menu_order":29,"comment_status":"closed","ping_status":"closed","template":"","meta":{"om_disable_all_campaigns":false,"_monsterinsights_skip_tracking":false,"_monsterinsights_sitenote_active":false,"_monsterinsights_sitenote_note":"","_monsterinsights_sitenote_category":0,"_uf_show_specific_survey":0,"_uf_disable_surveys":false},"yoast_head":"<!-- This site is optimized with the Yoast SEO Premium plugin v20.4 (Yoast SEO v20.6) - https:\/\/yoast.com\/wordpress\/plugins\/seo\/ -->\n<title>Boat Trips and Sailing tours - Barcelona Watersports<\/title>\n<meta name=\"robots\" content=\"index, follow, max-snippet:-1, max-image-preview:large, max-video-preview:-1\" \/>\n<link rel=\"canonical\" href=\"https:\/\/barcelonawatersports.es\/es\/boat-trips-sailing-tours\/\" \/>\n<meta property=\"og:locale\" content=\"es_ES\" \/>\n<meta property=\"og:type\" content=\"article\" \/>\n<meta property=\"og:title\" content=\"Boat Trips and Sailing tours\" \/>\n<meta property=\"og:url\" content=\"https:\/\/barcelonawatersports.es\/es\/boat-trips-sailing-tours\/\" \/>\n<meta property=\"og:site_name\" content=\"Barcelona Watersports\" \/>\n<meta property=\"article:publisher\" content=\"https:\/\/www.facebook.com\/Barcelona-Watersports-694500170570814\" \/>\n<meta property=\"article:modified_time\" content=\"2023-01-05T16:19:07+00:00\" \/>\n<meta name=\"twitter:card\" content=\"summary_large_image\" \/>\n<meta name=\"twitter:label1\" content=\"Tiempo de lectura\" \/>\n\t<meta name=\"twitter:data1\" content=\"1 minuto\" \/>\n<script type=\"application\/ld+json\" class=\"yoast-schema-graph\">{\"@context\":\"https:\/\/schema.org\",\"@graph\":[{\"@type\":\"WebPage\",\"@id\":\"https:\/\/barcelonawatersports.es\/boat-trips-sailing-tours\/\",\"url\":\"https:\/\/barcelonawatersports.es\/boat-trips-sailing-tours\/\",\"name\":\"Boat Trips and Sailing tours - Barcelona Watersports\",\"isPartOf\":{\"@id\":\"https:\/\/barcelonawatersports.es\/#website\"},\"datePublished\":\"2023-01-05T16:02:07+00:00\",\"dateModified\":\"2023-01-05T16:19:07+00:00\",\"breadcrumb\":{\"@id\":\"https:\/\/barcelonawatersports.es\/boat-trips-sailing-tours\/#breadcrumb\"},\"inLanguage\":\"es\",\"potentialAction\":[{\"@type\":\"ReadAction\",\"target\":[\"https:\/\/barcelonawatersports.es\/boat-trips-sailing-tours\/\"]}]},{\"@type\":\"BreadcrumbList\",\"@id\":\"https:\/\/barcelonawatersports.es\/boat-trips-sailing-tours\/#breadcrumb\",\"itemListElement\":[{\"@type\":\"ListItem\",\"position\":1,\"name\":\"Home\",\"item\":\"https:\/\/barcelonawatersports.es\/\"},{\"@type\":\"ListItem\",\"position\":2,\"name\":\"Boat Trips and Sailing tours\"}]},{\"@type\":\"WebSite\",\"@id\":\"https:\/\/barcelonawatersports.es\/#website\",\"url\":\"https:\/\/barcelonawatersports.es\/\",\"name\":\"Barcelona Watersports\",\"description\":\"Sailing and Powerboat trips and Lessons\",\"publisher\":{\"@id\":\"https:\/\/barcelonawatersports.es\/#organization\"},\"potentialAction\":[{\"@type\":\"SearchAction\",\"target\":{\"@type\":\"EntryPoint\",\"urlTemplate\":\"https:\/\/barcelonawatersports.es\/?s={search_term_string}\"},\"query-input\":\"required name=search_term_string\"}],\"inLanguage\":\"es\"},{\"@type\":\"Organization\",\"@id\":\"https:\/\/barcelonawatersports.es\/#organization\",\"name\":\"Barcelona Watersports\",\"url\":\"https:\/\/barcelonawatersports.es\/\",\"logo\":{\"@type\":\"ImageObject\",\"inLanguage\":\"es\",\"@id\":\"https:\/\/barcelonawatersports.es\/#\/schema\/logo\/image\/\",\"url\":\"https:\/\/barcelonawatersports.es\/wp-content\/uploads\/2021\/01\/flavicon.png\",\"contentUrl\":\"https:\/\/barcelonawatersports.es\/wp-content\/uploads\/2021\/01\/flavicon.png\",\"width\":698,\"height\":698,\"caption\":\"Barcelona Watersports\"},\"image\":{\"@id\":\"https:\/\/barcelonawatersports.es\/#\/schema\/logo\/image\/\"},\"sameAs\":[\"https:\/\/www.facebook.com\/Barcelona-Watersports-694500170570814\",\"https:\/\/www.instagram.com\/barcelona_watersports\/\"]}]}<\/script>\n<!-- \/ Yoast SEO Premium plugin. -->","yoast_head_json":{"title":"Boat Trips and Sailing tours - Barcelona Watersports","robots":{"index":"index","follow":"follow","max-snippet":"max-snippet:-1","max-image-preview":"max-image-preview:large","max-video-preview":"max-video-preview:-1"},"canonical":"https:\/\/barcelonawatersports.es\/es\/boat-trips-sailing-tours\/","og_locale":"es_ES","og_type":"article","og_title":"Boat Trips and Sailing tours","og_url":"https:\/\/barcelonawatersports.es\/es\/boat-trips-sailing-tours\/","og_site_name":"Barcelona Watersports","article_publisher":"https:\/\/www.facebook.com\/Barcelona-Watersports-694500170570814","article_modified_time":"2023-01-05T16:19:07+00:00","twitter_card":"summary_large_image","twitter_misc":{"Tiempo de lectura":"1 minuto"},"schema":{"@context":"https:\/\/schema.org","@graph":[{"@type":"WebPage","@id":"https:\/\/barcelonawatersports.es\/boat-trips-sailing-tours\/","url":"https:\/\/barcelonawatersports.es\/boat-trips-sailing-tours\/","name":"Boat Trips and Sailing tours - Barcelona Watersports","isPartOf":{"@id":"https:\/\/barcelonawatersports.es\/#website"},"datePublished":"2023-01-05T16:02:07+00:00","dateModified":"2023-01-05T16:19:07+00:00","breadcrumb":{"@id":"https:\/\/barcelonawatersports.es\/boat-trips-sailing-tours\/#breadcrumb"},"inLanguage":"es","potentialAction":[{"@type":"ReadAction","target":["https:\/\/barcelonawatersports.es\/boat-trips-sailing-tours\/"]}]},{"@type":"BreadcrumbList","@id":"https:\/\/barcelonawatersports.es\/boat-trips-sailing-tours\/#breadcrumb","itemListElement":[{"@type":"ListItem","position":1,"name":"Home","item":"https:\/\/barcelonawatersports.es\/"},{"@type":"ListItem","position":2,"name":"Boat Trips and Sailing tours"}]},{"@type":"WebSite","@id":"https:\/\/barcelonawatersports.es\/#website","url":"https:\/\/barcelonawatersports.es\/","name":"Barcelona Watersports","description":"Sailing and Powerboat trips and Lessons","publisher":{"@id":"https:\/\/barcelonawatersports.es\/#organization"},"potentialAction":[{"@type":"SearchAction","target":{"@type":"EntryPoint","urlTemplate":"https:\/\/barcelonawatersports.es\/?s={search_term_string}"},"query-input":"required name=search_term_string"}],"inLanguage":"es"},{"@type":"Organization","@id":"https:\/\/barcelonawatersports.es\/#organization","name":"Barcelona Watersports","url":"https:\/\/barcelonawatersports.es\/","logo":{"@type":"ImageObject","inLanguage":"es","@id":"https:\/\/barcelonawatersports.es\/#\/schema\/logo\/image\/","url":"https:\/\/barcelonawatersports.es\/wp-content\/uploads\/2021\/01\/flavicon.png","contentUrl":"https:\/\/barcelonawatersports.es\/wp-content\/uploads\/2021\/01\/flavicon.png","width":698,"height":698,"caption":"Barcelona Watersports"},"image":{"@id":"https:\/\/barcelonawatersports.es\/#\/schema\/logo\/image\/"},"sameAs":["https:\/\/www.facebook.com\/Barcelona-Watersports-694500170570814","https:\/\/www.instagram.com\/barcelona_watersports\/"]}]}},"_links":{"self":[{"href":"https:\/\/barcelonawatersports.es\/es\/wp-json\/wp\/v2\/pages\/2684"}],"collection":[{"href":"https:\/\/barcelonawatersports.es\/es\/wp-json\/wp\/v2\/pages"}],"about":[{"href":"https:\/\/barcelonawatersports.es\/es\/wp-json\/wp\/v2\/types\/page"}],"author":[{"embeddable":true,"href":"https:\/\/barcelonawatersports.es\/es\/wp-json\/wp\/v2\/users\/2"}],"replies":[{"embeddable":true,"href":"https:\/\/barcelonawatersports.es\/es\/wp-json\/wp\/v2\/comments?post=2684"}],"version-history":[{"count":7,"href":"https:\/\/barcelonawatersports.es\/es\/wp-json\/wp\/v2\/pages\/2684\/revisions"}],"predecessor-version":[{"id":2691,"href":"https:\/\/barcelonawatersports.es\/es\/wp-json\/wp\/v2\/pages\/2684\/revisions\/2691"}],"wp:attachment":[{"href":"https:\/\/barcelonawatersports.es\/es\/wp-json\/wp\/v2\/media?parent=2684"}],"curies":[{"name":"wp","href":"https:\/\/api.w.org\/{rel}","templated":true}]}}