{"id":2451,"date":"2021-05-12T14:34:39","date_gmt":"2021-05-12T14:34:39","guid":{"rendered":"https:\/\/barcelonawatersports.es\/?page_id=2451"},"modified":"2023-01-05T12:47:09","modified_gmt":"2023-01-05T12:47:09","slug":"guide-to-powerboat-courses","status":"publish","type":"page","link":"https:\/\/barcelonawatersports.es\/es\/guide-to-powerboat-courses\/","title":{"rendered":"Gu\u00eda de cursos de lanchas a motor"},"content":{"rendered":"<div class=\"vc_row wpb_row vc_row-fluid vc_custom_1609763767945\"><div class=\"wpb_column vc_column_container vc_col-sm-12 vc_col-lg-offset-2 vc_col-lg-8 vc_col-md-offset-1 vc_col-md-10 vc_col-sm-offset-0\"><div class=\"vc_column-inner vc_custom_1492694838569\"><div class=\"wpb_wrapper\"><div id=\"ultimate-heading-559469f47424d43a6\" class=\"uvc-heading ult-adjust-bottom-margin ultimate-heading-559469f47424d43a6 uvc-7611 accent-subtitle-color\" data-hspacer=\"no_spacer\"  data-halign=\"center\" style=\"text-align:center\"><div class=\"uvc-heading-spacer no_spacer\" style=\"top\"><\/div><div class=\"uvc-main-heading ult-responsive\"  data-ultimate-target='.uvc-heading.ultimate-heading-559469f47424d43a6 h2'  data-responsive-json-new='{\"font-size\":\"desktop:70px;tablet:50px;tablet_portrait:40px;mobile_landscape:28px;\",\"line-height\":\"desktop:80px;tablet:60px;tablet_portrait:50px;mobile_landscape:38px;\"}' ><h2 style=\"font-weight:bold;color:#ffffff;margin-top:70px;margin-bottom:50px;\">Formaci\u00f3n en embarcaciones a motor de la RYA<\/h2><\/div><div class=\"uvc-sub-heading ult-responsive\"  data-ultimate-target='.uvc-heading.ultimate-heading-559469f47424d43a6 .uvc-sub-heading '  data-responsive-json-new='{\"font-size\":\"desktop:28px;mobile_landscape:18px;\",\"line-height\":\"desktop:38px;mobile_landscape:28px;\"}'  style=\"font-family:&#039;Roboto Slab&#039;;font-weight:700;margin-bottom:80px;\">Los cursos de formaci\u00f3n de la RYA con Barcelona Watersports le ofrecen certificados reconocidos internacionalmente del programa m\u00e1s respetado del mundo. Ofrecemos una amplia gama de cursos para todos los niveles de habilidad de aprender a navegar a convertirse en un Yachtmaster y patr\u00f3n profesional. Nos encanta navegar y queremos transmitir nuestra pasi\u00f3n.<\/div><\/div><\/div><\/div><\/div><\/div><!-- Row Backgrounds --><div class=\"upb_bg_img\" data-ultimate-bg=\"url(https:\/\/barcelonawatersports.es\/wp-content\/uploads\/2020\/12\/25a9d6ba-ad85-4023-b3e8-498d9c18f2e4.jpeg)\" data-image-id=\"id^2047|url^https:\/\/barcelonawatersports.es\/wp-content\/uploads\/2020\/12\/25a9d6ba-ad85-4023-b3e8-498d9c18f2e4.jpeg|caption^null|alt^null|title^25a9d6ba-ad85-4023-b3e8-498d9c18f2e4|description^null\" data-ultimate-bg-style=\"vcpb-default\" data-bg-img-repeat=\"no-repeat\" data-bg-img-size=\"cover\" data-bg-img-position=\"\" data-parallx_sense=\"30\" data-bg-override=\"0\" data-bg_img_attach=\"fixed\" data-upb-overlay-color=\"rgba(0,0,0,0.6)\" data-upb-bg-animation=\"\" data-fadeout=\"\" data-bg-animation=\"left-animation\" data-bg-animation-type=\"h\" data-animation-repeat=\"repeat\" data-fadeout-percentage=\"30\" data-parallax-content=\"\" data-parallax-content-sense=\"30\" data-row-effect-mobile-disable=\"true\" data-img-parallax-mobile-disable=\"true\" data-rtl=\"false\"  data-custom-vc-row=\"\"  data-vc=\"6.6.0.1\"  data-is_old_vc=\"\"  data-theme-support=\"\"   data-overlay=\"true\" data-overlay-color=\"rgba(0,0,0,0.6)\" data-overlay-pattern=\"\" data-overlay-pattern-opacity=\"0.8\" data-overlay-pattern-size=\"\" data-overlay-pattern-attachment=\"scroll\"    ><\/div><div class=\"vc_row wpb_row vc_row-fluid vc_custom_1492758885864 vc_row-o-equal-height vc_row-flex\"><div data-vc-parallax=\"1\" data-vc-parallax-o-fade=\"on\" class=\"wpb_column vc_column_container vc_col-sm-12 vc_col-has-fill vc_general vc_parallax vc_parallax-content-moving-fade js-vc_parallax-o-fade\"><div class=\"vc_column-inner\"><div class=\"wpb_wrapper\">\n\t<div class=\"wpb_text_column wpb_content_element\" >\n\t\t<div class=\"wpb_wrapper\">\n\t\t\t<h2><span style=\"color: #0000ff;\">Aprender a navegar en lancha motora y moto acu\u00e1tica<\/span><\/h2>\n<p><span style=\"color: #000000;\">La navegaci\u00f3n a motor ofrece una forma estupenda de salir al agua, tanto si quieres hacer wakeboard como si buscas excursiones de un d\u00eda a lugares estupendos para fondear y darte un ba\u00f1o, te brinda grandes oportunidades.<\/span><\/p>\n<h3><a href=\"https:\/\/barcelonawatersports.es\/es\/powerboat-courses\/\"><span style=\"color: #000000;\"><span style=\"color: #0000ff;\">RYA Powerboat Nivel 1 y 2<\/span><\/span><\/a><\/h3>\n<p><span style=\"color: #000000;\">Si usted es un principiante o alguien con experiencia en busca de obtener un certificado de la Powerboat Nivel 2 es la principal licencia para el d\u00eda en barco de motor. Desde un principiante puede completar el curso pr\u00e1ctico de 2 d\u00edas para darle las habilidades y conocimientos para el d\u00eda de barco en aguas familiares, por lo que se va y vuelve al mismo puerto en condiciones favorables si que se ajusta a la mayor\u00eda de los requisitos de los navegantes. El curso es muy pr\u00e1ctico con s\u00f3lo un m\u00e1ximo de 3 personas en el curso para asegurarse de obtener un mont\u00f3n de tiempo en el tim\u00f3n practicando estacionamiento, alta velocidad, anclaje y algunas situaciones b\u00e1sicas de navegaci\u00f3n, el clima y la seguridad, adem\u00e1s de los equipos para llevar a bordo y los controles peri\u00f3dicos para completar. Con este curso tambi\u00e9n puede obtener el ICC para embarcaciones a motor de menos de 10 metros.<\/span><\/p>\n<h3><span style=\"color: #0000ff;\">Embarcaciones m\u00e1s grandes - Certificado internacional de competencia de m\u00e1s de 10 metros<\/span><\/h3>\n<p><span style=\"color: #000000;\">Este es el objetivo principal para la mayor\u00eda de la gente, si usted es due\u00f1o de un barco o en busca de charter o alquiler de embarcaciones a continuaci\u00f3n, este curso le da toda la confianza y el conocimiento que necesita para ser un capit\u00e1n. Antes de gong en nuestro curso de formaci\u00f3n de 4 d\u00edas se necesita un poco m\u00e1s de conocimiento de la teor\u00eda y se recomienda completar la teor\u00eda RYA Dayskipper para cubrir toda la navegaci\u00f3n, las mareas y mucho m\u00e1s.<\/span><\/p>\n<p><span style=\"color: #000000;\">El curso se completa en un yate a motor de m\u00e1s de 10 metros con alojamiento a bordo, exactamente el tipo de barco que usted estar\u00eda buscando para alquilar o poseer. Con un m\u00e1ximo de 4 personas a bordo del curso es muy pr\u00e1ctico y pr\u00e1ctico con un mont\u00f3n de pr\u00e1ctica de estacionamiento, espacio estrecho de inflexi\u00f3n, a alta velocidad en el mar, la persona a bordo de recuperaci\u00f3n, anclaje y todas las habilidades necesarias para ser un capit\u00e1n.<\/span><\/p>\n<h3><span style=\"color: #0000ff;\"><a style=\"color: #0000ff;\" href=\"https:\/\/barcelonawatersports.es\/es\/rya-pw\/\">Motos acu\u00e1ticas<\/a><\/span><\/h3>\n<p><span style=\"color: #000000;\">Las motos acu\u00e1ticas, como se las conoce m\u00e1s com\u00fanmente, vienen ahora en todo tipo de tama\u00f1os, lo que las hace mucho m\u00e1s parecidas a las embarcaciones y ampl\u00eda la gama y el uso de una simple r\u00e1faga r\u00e1pida. La gente ahora las utiliza para ir de pesca, remolques para wakeboard y un peque\u00f1o barco para completar viajes por la costa con amigos y familiares tomando 4 personas. Nuestra licencia para motos acu\u00e1ticas es un curso de un d\u00eda que cubre los aspectos b\u00e1sicos de la seguridad a bordo, botadura, meteorolog\u00eda, mareas y, a continuaci\u00f3n, formaci\u00f3n pr\u00e1ctica en el agua y t\u00e9cnicas de conducci\u00f3n, as\u00ed como las normas y reglamentos locales y, lo que es m\u00e1s importante, las normas de colisi\u00f3n. Puede obtener el ICC con este certificado.<\/span><\/p>\n<p>&nbsp;<\/p>\n<h3><a href=\"https:\/\/barcelonawatersports.es\/es\/rya-yachtmaster\/\"><span style=\"color: #000000;\"><span style=\"color: #0000ff;\">Yachtmaster Costa y Alta Mar<\/span><\/span><\/a><\/h3>\n<p><span style=\"color: #000000;\">El Yachtmaster es un examen con un examinador autorizado MCA \/ RYA, a menudo estresante, pero con una enorme recompensa que trae enormes oportunidades en el mundo de la n\u00e1utica ya sea para convertirse en un patr\u00f3n comercial o trabajar hasta las filas de los Super Yates. Ofrecemos una preparaci\u00f3n pr\u00e1ctica con instructores experimentados para ayudarle a prepararse para el examen y hacer todos los arreglos.<\/span><\/p>\n\n\t\t<\/div>\n\t<\/div>\n<\/div><\/div><\/div><\/div><div class=\"vc_row wpb_row vc_row-fluid vc_custom_1492767181347\"><div class=\"wpb_column vc_column_container vc_col-sm-12\"><div class=\"vc_column-inner vc_custom_1492766890667\"><div class=\"wpb_wrapper\"><div id=\"ultimate-heading-960369f47424d6303\" class=\"uvc-heading ult-adjust-bottom-margin ultimate-heading-960369f47424d6303 uvc-9833 accent-subtitle-color\" data-hspacer=\"no_spacer\"  data-halign=\"center\" style=\"text-align:center\"><div class=\"uvc-heading-spacer no_spacer\" style=\"top\"><\/div><div class=\"uvc-main-heading ult-responsive\"  data-ultimate-target='.uvc-heading.ultimate-heading-960369f47424d6303 h2'  data-responsive-json-new='{\"font-size\":\"desktop:36px;\",\"line-height\":\"desktop:46px;\"}' ><h2 style=\"font-weight:bold;color:#ffffff;margin-bottom:10px;\">\u00a1RESERVA TU CURSO HOY!<\/h2><\/div><div class=\"uvc-sub-heading ult-responsive\"  data-ultimate-target='.uvc-heading.ultimate-heading-960369f47424d6303 .uvc-sub-heading '  data-responsive-json-new='{\"font-size\":\"desktop:22px;\",\"line-height\":\"desktop:32px;\"}'  style=\"font-family:&#039;Roboto Slab&#039;;font-weight:700;margin-bottom:25px;\"><\/p>\n<p style=\"text-align: center;\">Si no encuentra las fechas que busca, env\u00edenos un mensaje y veremos qu\u00e9 podemos hacer.<\/p>\n<p><\/div><\/div>\n\t<div class=\"wpb_raw_code wpb_raw_js\" >\n\t\t<div class=\"wpb_wrapper\">\n\t\t\t<script type=\"text\/javascript\" src=\"https:\/\/widgets.bokun.io\/assets\/javascripts\/apps\/build\/BokunWidgetsLoader.js?bookingChannelUUID=86da36fb-271b-4726-b5f9-c0ca3a20f1c5\" async><\/script>\n     \n    <div class=\"bokunWidget\" data-src=\"https:\/\/widgets.bokun.io\/online-sales\/86da36fb-271b-4726-b5f9-c0ca3a20f1c5\/product-list\/63247\"><\/div>\n    <noscript>Por favor, active javascript en su navegador para reservar<\/noscript>\n\n\t\t<\/div>\n\t<\/div>\n<\/div><\/div><\/div><\/div><!-- Row Backgrounds --><div class=\"upb_bg_img\" data-ultimate-bg=\"url(https:\/\/the7.io\/expedition\/wp-content\/uploads\/sites\/14\/2016\/02\/tr-005.jpg)\" data-image-id=\"id^628|url^https:\/\/the7.io\/expedition\/wp-content\/uploads\/sites\/14\/2016\/02\/tr-005.jpg|caption^null|alt^null|title^tr-005|description^null\" data-ultimate-bg-style=\"vcpb-default\" data-bg-img-repeat=\"no-repeat\" data-bg-img-size=\"cover\" data-bg-img-position=\"\" data-parallx_sense=\"30\" data-bg-override=\"ex-full\" data-bg_img_attach=\"fixed\" data-upb-overlay-color=\"rgba(0,0,0,0.75)\" data-upb-bg-animation=\"\" data-fadeout=\"\" data-bg-animation=\"left-animation\" data-bg-animation-type=\"h\" data-animation-repeat=\"repeat\" data-fadeout-percentage=\"30\" data-parallax-content=\"\" data-parallax-content-sense=\"30\" data-row-effect-mobile-disable=\"true\" data-img-parallax-mobile-disable=\"true\" data-rtl=\"false\"  data-custom-vc-row=\"\"  data-vc=\"6.6.0.1\"  data-is_old_vc=\"\"  data-theme-support=\"\"   data-overlay=\"true\" data-overlay-color=\"rgba(0,0,0,0.75)\" data-overlay-pattern=\"\" data-overlay-pattern-opacity=\"0.8\" data-overlay-pattern-size=\"\" data-overlay-pattern-attachment=\"scroll\"    ><\/div><div class=\"vc_row wpb_row vc_row-fluid\"><div class=\"wpb_column vc_column_container vc_col-sm-12\"><div class=\"vc_column-inner\"><div class=\"wpb_wrapper\"><div class=\"dt-fancy-separator\" style=\"width: 100%;\"><div class=\"dt-fancy-title\"><span class=\"separator-holder separator-left\"><\/span>T\u00edtulo<span class=\"separator-holder separator-right\"><\/span><\/div><\/div><\/div><\/div><\/div><\/div><div class=\"vc_row wpb_row vc_row-fluid\"><div class=\"wpb_column vc_column_container vc_col-sm-12\"><div class=\"vc_column-inner\"><div class=\"wpb_wrapper\">\n\t<div class=\"wpb_text_column wpb_content_element\" >\n\t\t<div class=\"wpb_wrapper\">\n\t\t\t<div class=\"wprev-no-slider\" id=\"wprev-slider-1\"><style>#wprev-slider-1 .wprev_preview_bradius_T1 {border-radius: 0px;}#wprev-slider-1 .wprev_preview_bg1_T1 {background:;}#wprev-slider-1 .wprev_preview_bg2_T1 {background:;}#wprev-slider-1 .wprev_preview_tcolor1_T1 {color:;}#wprev-slider-1 .wprev_preview_tcolor2_T1 {color:;}#wprev-slider-1 .wprev_preview_bg1_T1::after{ border-top: 30px solid ; }<\/style><style><\/style>\t\t<div class=\"wptripadvisor_t1_outer_div w3_wprs-row-padding\">\r\n\t\t\t\t<div class=\"wptripadvisor_t1_DIV_1 w3_wprs-col l4\">\r\n\t\t\t<div class=\"wptripadvisor_t1_DIV_2 wprev_preview_bg1_T1 wprev_preview_bradius_T1\">\r\n\t\t\t\t<p class=\"wptripadvisor_t1_P_3 wprev_preview_tcolor1_T1\">\r\n\t\t\t\t\t<span class=\"wptripadvisor_star_imgs_T1\"><img src=\"https:\/\/barcelonawatersports.es\/wp-content\/plugins\/wp-tripadvisor-review-slider\/public\/partials\/imgs\/tripadvisor_stars_5.png\" alt=\"star rating\" class=\"wptripadvisor_t1_star_img_file\">&nbsp;&nbsp;<\/span>Gran personal y gran barco. Everione muy amable. \u00a1\u00a1El barco estaba impecable!!<br \/>\r\nRecomiendo esta actividad.\t\t\t\t<\/p>\r\n\t\t\t\t\t\t\t\t<a href=\"https:\/\/www.tripadvisor.co.uk\/Attraction_Review-g187497-d7913394-Reviews-Barcelona_Watersports-Barcelona_Catalonia.html\" target=\"_blank\" rel=\"nofollow\"><img src=\"https:\/\/barcelonawatersports.es\/wp-content\/plugins\/wp-tripadvisor-review-slider\/public\/partials\/imgs\/tripadvisor_outline.png\" alt=\"tripadvisor logo\" class=\"wptripadvisor_t1_tripadvisor_logo\"><\/a>\t\t\t<\/div><span class=\"wptripadvisor_t1_A_8\"><\/span> <span class=\"wptripadvisor_t1_SPAN_5 wprev_preview_tcolor2_T1\">Bernard487<br\/><span class=\"wprev_showdate_T1\">14 de septiembre de 2020<\/span> <\/span>\r\n\t\t<\/div>\r\n\t\t\t<div class=\"wptripadvisor_t1_DIV_1 w3_wprs-col l4\">\r\n\t\t\t<div class=\"wptripadvisor_t1_DIV_2 wprev_preview_bg1_T1 wprev_preview_bradius_T1\">\r\n\t\t\t\t<p class=\"wptripadvisor_t1_P_3 wprev_preview_tcolor1_T1\">\r\n\t\t\t\t\t<span class=\"wptripadvisor_star_imgs_T1\"><img src=\"https:\/\/barcelonawatersports.es\/wp-content\/plugins\/wp-tripadvisor-review-slider\/public\/partials\/imgs\/tripadvisor_stars_5.png\" alt=\"star rating\" class=\"wptripadvisor_t1_star_img_file\">&nbsp;&nbsp;<\/span>Un grupo excepcional de navegantes y grandes personas.  Fue un agradable crucero al atardecer en un barco que ten\u00eda un mont\u00f3n de espacio para todo el mundo.\t\t\t\t<\/p>\r\n\t\t\t\t\t\t\t\t<a href=\"https:\/\/www.tripadvisor.co.uk\/Attraction_Review-g187497-d7913394-Reviews-Barcelona_Watersports-Barcelona_Catalonia.html\" target=\"_blank\" rel=\"nofollow\"><img src=\"https:\/\/barcelonawatersports.es\/wp-content\/plugins\/wp-tripadvisor-review-slider\/public\/partials\/imgs\/tripadvisor_outline.png\" alt=\"tripadvisor logo\" class=\"wptripadvisor_t1_tripadvisor_logo\"><\/a>\t\t\t<\/div><span class=\"wptripadvisor_t1_A_8\"><\/span> <span class=\"wptripadvisor_t1_SPAN_5 wprev_preview_tcolor2_T1\">Compa\u00f1ero55016664627<br\/><span class=\"wprev_showdate_T1\">29 de octubre de 2019<\/span> <\/span>\r\n\t\t<\/div>\r\n\t\t\t<div class=\"wptripadvisor_t1_DIV_1 w3_wprs-col l4\">\r\n\t\t\t<div class=\"wptripadvisor_t1_DIV_2 wprev_preview_bg1_T1 wprev_preview_bradius_T1\">\r\n\t\t\t\t<p class=\"wptripadvisor_t1_P_3 wprev_preview_tcolor1_T1\">\r\n\t\t\t\t\t<span class=\"wptripadvisor_star_imgs_T1\"><img src=\"https:\/\/barcelonawatersports.es\/wp-content\/plugins\/wp-tripadvisor-review-slider\/public\/partials\/imgs\/tripadvisor_stars_5.png\" alt=\"star rating\" class=\"wptripadvisor_t1_star_img_file\">&nbsp;&nbsp;<\/span>Excelente nivel del programa educativo. Un personal excelente. Todos los 2 d\u00edas del curso son muy informativos y s\u00faper interesantes. Un mont\u00f3n de cosas nuevas y muy \u00fatiles que se pueden aprender a trav\u00e9s de<a class='wprs_rd_more'>... leer m\u00e1s<\/a><span class='wprs_rd_more_text' style='display:none;'> el curso. Muy recomendable. <br \/>\r\n\u00a1\u00a1\u00a1Muchas gracias BarcelonaWaterSports!!!<\/span>\t\t\t\t<\/p>\r\n\t\t\t\t\t\t\t\t<a href=\"https:\/\/www.tripadvisor.co.uk\/Attraction_Review-g187497-d7913394-Reviews-Barcelona_Watersports-Barcelona_Catalonia.html\" target=\"_blank\" rel=\"nofollow\"><img src=\"https:\/\/barcelonawatersports.es\/wp-content\/plugins\/wp-tripadvisor-review-slider\/public\/partials\/imgs\/tripadvisor_outline.png\" alt=\"tripadvisor logo\" class=\"wptripadvisor_t1_tripadvisor_logo\"><\/a>\t\t\t<\/div><span class=\"wptripadvisor_t1_A_8\"><\/span> <span class=\"wptripadvisor_t1_SPAN_5 wprev_preview_tcolor2_T1\">Yurii_Lapko<br\/><span class=\"wprev_showdate_T1\">26 de octubre de 2019<\/span> <\/span>\r\n\t\t<\/div>\r\n\t\t<\/div>\r\n<!-- This file should primarily consist of HTML with a little bit of PHP. -->\r\n<\/div>\r\n\n\n\t\t<\/div>\n\t<\/div>\n<\/div><\/div><\/div><\/div>","protected":false},"excerpt":{"rendered":"<p>RYA Powerboat TrainingRYA training courses with Barcelona Watersports offer you Internationally recognised certificates from the most well respected scheme in the World. We offer a wide range of courses for all ability levels from learning to sail to becoming a Yachtmaster and professional skipper. We love boating and we want to pass on our passion.&hellip;<\/p>","protected":false},"author":2,"featured_media":0,"parent":0,"menu_order":31,"comment_status":"closed","ping_status":"closed","template":"","meta":{"om_disable_all_campaigns":false,"_monsterinsights_skip_tracking":false,"_monsterinsights_sitenote_active":false,"_monsterinsights_sitenote_note":"","_monsterinsights_sitenote_category":0,"_uf_show_specific_survey":0,"_uf_disable_surveys":false},"yoast_head":"<!-- This site is optimized with the Yoast SEO Premium plugin v20.4 (Yoast SEO v20.6) - https:\/\/yoast.com\/wordpress\/plugins\/seo\/ -->\n<title>Guide to Powerboat courses - Barcelona Watersports<\/title>\n<meta name=\"robots\" content=\"index, follow, max-snippet:-1, max-image-preview:large, max-video-preview:-1\" \/>\n<link rel=\"canonical\" href=\"https:\/\/barcelonawatersports.es\/es\/guide-to-powerboat-courses\/\" \/>\n<meta property=\"og:locale\" content=\"es_ES\" \/>\n<meta property=\"og:type\" content=\"article\" \/>\n<meta property=\"og:title\" content=\"Guide to Powerboat courses\" \/>\n<meta property=\"og:url\" content=\"https:\/\/barcelonawatersports.es\/es\/guide-to-powerboat-courses\/\" \/>\n<meta property=\"og:site_name\" content=\"Barcelona Watersports\" \/>\n<meta property=\"article:publisher\" content=\"https:\/\/www.facebook.com\/Barcelona-Watersports-694500170570814\" \/>\n<meta property=\"article:modified_time\" content=\"2023-01-05T12:47:09+00:00\" \/>\n<meta name=\"twitter:card\" content=\"summary_large_image\" \/>\n<meta name=\"twitter:label1\" content=\"Tiempo de lectura\" \/>\n\t<meta name=\"twitter:data1\" content=\"3 minutos\" \/>\n<script type=\"application\/ld+json\" class=\"yoast-schema-graph\">{\"@context\":\"https:\/\/schema.org\",\"@graph\":[{\"@type\":\"WebPage\",\"@id\":\"https:\/\/barcelonawatersports.es\/guide-to-powerboat-courses\/\",\"url\":\"https:\/\/barcelonawatersports.es\/guide-to-powerboat-courses\/\",\"name\":\"Guide to Powerboat courses - Barcelona Watersports\",\"isPartOf\":{\"@id\":\"https:\/\/barcelonawatersports.es\/#website\"},\"datePublished\":\"2021-05-12T14:34:39+00:00\",\"dateModified\":\"2023-01-05T12:47:09+00:00\",\"breadcrumb\":{\"@id\":\"https:\/\/barcelonawatersports.es\/guide-to-powerboat-courses\/#breadcrumb\"},\"inLanguage\":\"es\",\"potentialAction\":[{\"@type\":\"ReadAction\",\"target\":[\"https:\/\/barcelonawatersports.es\/guide-to-powerboat-courses\/\"]}]},{\"@type\":\"BreadcrumbList\",\"@id\":\"https:\/\/barcelonawatersports.es\/guide-to-powerboat-courses\/#breadcrumb\",\"itemListElement\":[{\"@type\":\"ListItem\",\"position\":1,\"name\":\"Home\",\"item\":\"https:\/\/barcelonawatersports.es\/\"},{\"@type\":\"ListItem\",\"position\":2,\"name\":\"Guide to Powerboat courses\"}]},{\"@type\":\"WebSite\",\"@id\":\"https:\/\/barcelonawatersports.es\/#website\",\"url\":\"https:\/\/barcelonawatersports.es\/\",\"name\":\"Barcelona Watersports\",\"description\":\"Sailing and Powerboat trips and Lessons\",\"publisher\":{\"@id\":\"https:\/\/barcelonawatersports.es\/#organization\"},\"potentialAction\":[{\"@type\":\"SearchAction\",\"target\":{\"@type\":\"EntryPoint\",\"urlTemplate\":\"https:\/\/barcelonawatersports.es\/?s={search_term_string}\"},\"query-input\":\"required name=search_term_string\"}],\"inLanguage\":\"es\"},{\"@type\":\"Organization\",\"@id\":\"https:\/\/barcelonawatersports.es\/#organization\",\"name\":\"Barcelona Watersports\",\"url\":\"https:\/\/barcelonawatersports.es\/\",\"logo\":{\"@type\":\"ImageObject\",\"inLanguage\":\"es\",\"@id\":\"https:\/\/barcelonawatersports.es\/#\/schema\/logo\/image\/\",\"url\":\"https:\/\/barcelonawatersports.es\/wp-content\/uploads\/2021\/01\/flavicon.png\",\"contentUrl\":\"https:\/\/barcelonawatersports.es\/wp-content\/uploads\/2021\/01\/flavicon.png\",\"width\":698,\"height\":698,\"caption\":\"Barcelona Watersports\"},\"image\":{\"@id\":\"https:\/\/barcelonawatersports.es\/#\/schema\/logo\/image\/\"},\"sameAs\":[\"https:\/\/www.facebook.com\/Barcelona-Watersports-694500170570814\",\"https:\/\/www.instagram.com\/barcelona_watersports\/\"]}]}<\/script>\n<!-- \/ Yoast SEO Premium plugin. -->","yoast_head_json":{"title":"Guide to Powerboat courses - Barcelona Watersports","robots":{"index":"index","follow":"follow","max-snippet":"max-snippet:-1","max-image-preview":"max-image-preview:large","max-video-preview":"max-video-preview:-1"},"canonical":"https:\/\/barcelonawatersports.es\/es\/guide-to-powerboat-courses\/","og_locale":"es_ES","og_type":"article","og_title":"Guide to Powerboat courses","og_url":"https:\/\/barcelonawatersports.es\/es\/guide-to-powerboat-courses\/","og_site_name":"Barcelona Watersports","article_publisher":"https:\/\/www.facebook.com\/Barcelona-Watersports-694500170570814","article_modified_time":"2023-01-05T12:47:09+00:00","twitter_card":"summary_large_image","twitter_misc":{"Tiempo de lectura":"3 minutos"},"schema":{"@context":"https:\/\/schema.org","@graph":[{"@type":"WebPage","@id":"https:\/\/barcelonawatersports.es\/guide-to-powerboat-courses\/","url":"https:\/\/barcelonawatersports.es\/guide-to-powerboat-courses\/","name":"Guide to Powerboat courses - Barcelona Watersports","isPartOf":{"@id":"https:\/\/barcelonawatersports.es\/#website"},"datePublished":"2021-05-12T14:34:39+00:00","dateModified":"2023-01-05T12:47:09+00:00","breadcrumb":{"@id":"https:\/\/barcelonawatersports.es\/guide-to-powerboat-courses\/#breadcrumb"},"inLanguage":"es","potentialAction":[{"@type":"ReadAction","target":["https:\/\/barcelonawatersports.es\/guide-to-powerboat-courses\/"]}]},{"@type":"BreadcrumbList","@id":"https:\/\/barcelonawatersports.es\/guide-to-powerboat-courses\/#breadcrumb","itemListElement":[{"@type":"ListItem","position":1,"name":"Home","item":"https:\/\/barcelonawatersports.es\/"},{"@type":"ListItem","position":2,"name":"Guide to Powerboat courses"}]},{"@type":"WebSite","@id":"https:\/\/barcelonawatersports.es\/#website","url":"https:\/\/barcelonawatersports.es\/","name":"Barcelona Watersports","description":"Sailing and Powerboat trips and Lessons","publisher":{"@id":"https:\/\/barcelonawatersports.es\/#organization"},"potentialAction":[{"@type":"SearchAction","target":{"@type":"EntryPoint","urlTemplate":"https:\/\/barcelonawatersports.es\/?s={search_term_string}"},"query-input":"required name=search_term_string"}],"inLanguage":"es"},{"@type":"Organization","@id":"https:\/\/barcelonawatersports.es\/#organization","name":"Barcelona Watersports","url":"https:\/\/barcelonawatersports.es\/","logo":{"@type":"ImageObject","inLanguage":"es","@id":"https:\/\/barcelonawatersports.es\/#\/schema\/logo\/image\/","url":"https:\/\/barcelonawatersports.es\/wp-content\/uploads\/2021\/01\/flavicon.png","contentUrl":"https:\/\/barcelonawatersports.es\/wp-content\/uploads\/2021\/01\/flavicon.png","width":698,"height":698,"caption":"Barcelona Watersports"},"image":{"@id":"https:\/\/barcelonawatersports.es\/#\/schema\/logo\/image\/"},"sameAs":["https:\/\/www.facebook.com\/Barcelona-Watersports-694500170570814","https:\/\/www.instagram.com\/barcelona_watersports\/"]}]}},"_links":{"self":[{"href":"https:\/\/barcelonawatersports.es\/es\/wp-json\/wp\/v2\/pages\/2451"}],"collection":[{"href":"https:\/\/barcelonawatersports.es\/es\/wp-json\/wp\/v2\/pages"}],"about":[{"href":"https:\/\/barcelonawatersports.es\/es\/wp-json\/wp\/v2\/types\/page"}],"author":[{"embeddable":true,"href":"https:\/\/barcelonawatersports.es\/es\/wp-json\/wp\/v2\/users\/2"}],"replies":[{"embeddable":true,"href":"https:\/\/barcelonawatersports.es\/es\/wp-json\/wp\/v2\/comments?post=2451"}],"version-history":[{"count":3,"href":"https:\/\/barcelonawatersports.es\/es\/wp-json\/wp\/v2\/pages\/2451\/revisions"}],"predecessor-version":[{"id":2681,"href":"https:\/\/barcelonawatersports.es\/es\/wp-json\/wp\/v2\/pages\/2451\/revisions\/2681"}],"wp:attachment":[{"href":"https:\/\/barcelonawatersports.es\/es\/wp-json\/wp\/v2\/media?parent=2451"}],"curies":[{"name":"wp","href":"https:\/\/api.w.org\/{rel}","templated":true}]}}