{"id":1757,"date":"2020-09-26T20:01:22","date_gmt":"2020-09-26T20:01:22","guid":{"rendered":"https:\/\/torquaywatersports.co.uk\/?page_id=1757"},"modified":"2020-10-02T11:17:24","modified_gmt":"2020-10-02T11:17:24","slug":"seafari","status":"publish","type":"page","link":"https:\/\/barcelonawatersports.es\/es\/seafari\/","title":{"rendered":"1 Hora RIB Seafari"},"content":{"rendered":"<div class=\"vc_row wpb_row vc_row-fluid vc_custom_1601151562905\"><div class=\"wpb_column vc_column_container vc_col-sm-12 vc_col-lg-offset-2 vc_col-lg-8 vc_col-md-offset-1 vc_col-md-10 vc_col-sm-offset-0\"><div class=\"vc_column-inner vc_custom_1492694838569\"><div class=\"wpb_wrapper\"><div id=\"ultimate-heading-899369f428178cbfa\" class=\"uvc-heading ult-adjust-bottom-margin ultimate-heading-899369f428178cbfa uvc-405 accent-subtitle-color\" data-hspacer=\"no_spacer\"  data-halign=\"center\" style=\"text-align:center\"><div class=\"uvc-heading-spacer no_spacer\" style=\"top\"><\/div><div class=\"uvc-main-heading ult-responsive\"  data-ultimate-target='.uvc-heading.ultimate-heading-899369f428178cbfa h2'  data-responsive-json-new='{\"font-size\":\"desktop:70px;tablet:50px;tablet_portrait:40px;mobile_landscape:28px;\",\"line-height\":\"desktop:80px;tablet:60px;tablet_portrait:50px;mobile_landscape:38px;\"}' ><h2 style=\"font-weight:bold;color:#ffffff;margin-bottom:30px;\">1 Hora RIB Seafari<\/h2><\/div><div class=\"uvc-sub-heading ult-responsive\"  data-ultimate-target='.uvc-heading.ultimate-heading-899369f428178cbfa .uvc-sub-heading '  data-responsive-json-new='{\"font-size\":\"desktop:28px;mobile_landscape:18px;\",\"line-height\":\"desktop:38px;mobile_landscape:28px;\"}'  style=\"font-family:&#039;Roboto Slab&#039;;font-weight:700;\"><\/p>\n<p>Explore las calas y bah\u00edas de la Riviera inglesa en nuestra semirr\u00edgida de 9 metros con nuestro patr\u00f3n al tim\u00f3n.<\/p>\n<p><\/div><\/div><\/div><\/div><\/div><\/div><!-- Row Backgrounds --><div class=\"upb_bg_img\" data-ultimate-bg=\"url(https:\/\/torquaywatersports.co.uk\/wp-content\/uploads\/2020\/05\/RIB-1-1600.jpg)\" data-image-id=\"id^1436|url^https:\/\/torquaywatersports.co.uk\/wp-content\/uploads\/2020\/05\/RIB-1-1600.jpg|caption^null|alt^null|title^RIB-1-1600|description^null\" data-ultimate-bg-style=\"vcpb-default\" data-bg-img-repeat=\"no-repeat\" data-bg-img-size=\"cover\" data-bg-img-position=\"\" data-parallx_sense=\"30\" data-bg-override=\"ex-full\" data-bg_img_attach=\"fixed\" data-upb-overlay-color=\"rgba(0,0,0,0.6)\" data-upb-bg-animation=\"\" data-fadeout=\"\" data-bg-animation=\"left-animation\" data-bg-animation-type=\"h\" data-animation-repeat=\"repeat\" data-fadeout-percentage=\"30\" data-parallax-content=\"\" data-parallax-content-sense=\"30\" data-row-effect-mobile-disable=\"true\" data-img-parallax-mobile-disable=\"true\" data-rtl=\"false\"  data-custom-vc-row=\"\"  data-vc=\"6.6.0.1\"  data-is_old_vc=\"\"  data-theme-support=\"\"   data-overlay=\"true\" data-overlay-color=\"rgba(0,0,0,0.6)\" data-overlay-pattern=\"\" data-overlay-pattern-opacity=\"0.8\" data-overlay-pattern-size=\"\" data-overlay-pattern-attachment=\"scroll\"    ><\/div><div class=\"vc_row wpb_row vc_row-fluid vc_custom_1492758885864 vc_row-o-equal-height vc_row-flex\"><div class=\"wpb_column vc_column_container vc_col-sm-7 vc_col-lg-5 vc_col-md-6\"><div class=\"vc_column-inner vc_custom_1492766991907\"><div class=\"wpb_wrapper\"><div id=\"ultimate-heading-174369f428178de01\" class=\"uvc-heading ult-adjust-bottom-margin ultimate-heading-174369f428178de01 uvc-2556\" data-hspacer=\"no_spacer\"  data-halign=\"left\" style=\"text-align:left\"><div class=\"uvc-heading-spacer no_spacer\" style=\"top\"><\/div><div class=\"uvc-main-heading ult-responsive\"  data-ultimate-target='.uvc-heading.ultimate-heading-174369f428178de01 h2'  data-responsive-json-new='{\"font-size\":\"desktop:36px;\",\"line-height\":\"desktop:46px;\"}' ><h2 style=\"font-weight:bold;margin-bottom:25px;\">SOBRE SU VIAJE<\/h2><\/div><\/div><div class=\"aio-icon-component  vc_custom_1601637371092  accent-icon-bg accent-title-color style_1\"><div id=\"Info-box-wrap-3422\" class=\"aio-icon-box default-icon\" style=\"\"  ><div class=\"aio-icon-default\"><div class=\"ult-just-icon-wrapper\"><div class=\"align-icon\" style=\"text-align:center;\">\n<div class=\"aio-icon advanced\"  style=\"color:#ffffff;border-style:;border-color:#333333;border-width:1px;width:30px;height:30px;line-height:30px;border-radius:500px;font-size:14px;display:inline-block;\">\n\t<i class=\"icomoon-font-awesome-14x14-gbp\"><\/i>\n<\/div><\/div><\/div><\/div><div class=\"aio-icon-header\" ><h3 class=\"aio-icon-title ult-responsive\"  data-ultimate-target='#Info-box-wrap-3422 .aio-icon-title'  data-responsive-json-new='{\"font-size\":\"desktop:18px;\",\"line-height\":\"desktop:28px;\"}'  style=\"font-weight:700;\">Precios a partir de 40 \u00a3 por persona<\/h3><\/div> <!-- header --><\/div> <!-- aio-icon-box --><\/div> <!-- aio-icon-component --><div class=\"aio-icon-component  vc_custom_1601150816674  accent-icon-bg accent-title-color style_1\"><div id=\"Info-box-wrap-7926\" class=\"aio-icon-box default-icon\" style=\"\"  ><div class=\"aio-icon-default\"><div class=\"ult-just-icon-wrapper\"><div class=\"align-icon\" style=\"text-align:center;\">\n<div class=\"aio-icon advanced\"  style=\"color:#ffffff;border-style:;border-color:#333333;border-width:1px;width:30px;height:30px;line-height:30px;border-radius:500px;font-size:14px;display:inline-block;\">\n\t<i class=\"icomoon-font-awesome-14x14-calendar-o\"><\/i>\n<\/div><\/div><\/div><\/div><div class=\"aio-icon-header\" ><h3 class=\"aio-icon-title ult-responsive\"  data-ultimate-target='#Info-box-wrap-7926 .aio-icon-title'  data-responsive-json-new='{\"font-size\":\"desktop:18px;\",\"line-height\":\"desktop:28px;\"}'  style=\"font-weight:700;\">Salidas diarias a partir de las 10.00 horas<\/h3><\/div> <!-- header --><\/div> <!-- aio-icon-box --><\/div> <!-- aio-icon-component --><div class=\"aio-icon-component  vc_custom_1601150832306  accent-icon-bg accent-title-color style_1\"><div id=\"Info-box-wrap-4096\" class=\"aio-icon-box default-icon\" style=\"\"  ><div class=\"aio-icon-default\"><div class=\"ult-just-icon-wrapper\"><div class=\"align-icon\" style=\"text-align:center;\">\n<div class=\"aio-icon advanced\"  style=\"color:#ffffff;border-style:;border-color:#333333;border-width:1px;width:30px;height:30px;line-height:30px;border-radius:500px;font-size:14px;display:inline-block;\">\n\t<i class=\"icomoon-font-awesome-14x14-user\"><\/i>\n<\/div><\/div><\/div><\/div><div class=\"aio-icon-header\" ><h3 class=\"aio-icon-title ult-responsive\"  data-ultimate-target='#Info-box-wrap-4096 .aio-icon-title'  data-responsive-json-new='{\"font-size\":\"desktop:18px;\",\"line-height\":\"desktop:28px;\"}'  style=\"font-weight:700;\">M\u00e1ximo 10 personas<\/h3><\/div> <!-- header --><\/div> <!-- aio-icon-box --><\/div> <!-- aio-icon-component --><div class=\"aio-icon-component  vc_custom_1601150857611  accent-icon-bg accent-title-color style_1\"><div id=\"Info-box-wrap-3101\" class=\"aio-icon-box default-icon\" style=\"\"  ><div class=\"aio-icon-default\"><div class=\"ult-just-icon-wrapper\"><div class=\"align-icon\" style=\"text-align:center;\">\n<div class=\"aio-icon advanced\"  style=\"color:#ffffff;border-style:;border-color:#333333;border-width:1px;width:30px;height:30px;line-height:30px;border-radius:500px;font-size:14px;display:inline-block;\">\n\t<i class=\"icomoon-font-awesome-14x14-bolt flash\"><\/i>\n<\/div><\/div><\/div><\/div><div class=\"aio-icon-header\" ><h3 class=\"aio-icon-title ult-responsive\"  data-ultimate-target='#Info-box-wrap-3101 .aio-icon-title'  data-responsive-json-new='{\"font-size\":\"desktop:18px;\",\"line-height\":\"desktop:28px;\"}'  style=\"font-weight:700;\">Perfecto para familias, grupos o particulares<\/h3><\/div> <!-- header --><\/div> <!-- aio-icon-box --><\/div> <!-- aio-icon-component -->\n\t<div class=\"wpb_text_column wpb_content_element\" >\n\t\t<div class=\"wpb_wrapper\">\n\t\t\t<p>Reserve su Seafari hoy mismo y deje que nuestro patr\u00f3n le muestre los encantos ocultos de la costa de South Devon.<\/p>\n<p>Partiendo de nuestra base en el puerto deportivo de Torquay en una hora podemos explorar el norte o el sur y le garantizamos que encontrar\u00e1 una costa impresionante, acantilados espectaculares y le mostraremos partes de Devon que la mayor\u00eda de la gente nunca ver\u00e1.<\/p>\n<p>Intentaremos encontrar oportunidades para que se acerque a las colonias de focas locales y a nuestros grupos de delfines residentes.<\/p>\n\n\t\t<\/div>\n\t<\/div>\n<\/div><\/div><\/div><div class=\"wpb_column vc_column_container vc_col-sm-5 vc_col-lg-7 vc_col-md-6\"><div class=\"vc_column-inner vc_custom_1492766972790\"><div class=\"wpb_wrapper\">\n\t<div class=\"wpb_tabs wpb_content_element  tab-style-one\" data-interval=\"0\">\n\t\t<div class=\"wpb_wrapper wpb_tour_tabs_wrapper ui-tabs vc_clearfix\">\n\t\t\t<ul class=\"wpb_tabs_nav ui-tabs-nav vc_clearfix text-big\"><li><a href=\"#tab-76419a50-a757-6\">Detalles del viaje<\/a><\/li><li><a href=\"#tab-1595400617890-2-2\">Preguntas frecuentes<\/a><\/li><li><a href=\"#tab-1597413724142-2-5\">Qu\u00e9 traer<\/a><\/li><\/ul>\n\t<div id=\"tab-76419a50-a757-6\" class=\"wpb_tab ui-tabs-panel wpb_ui-tabs-hide vc_clearfix\">\n\t\t\n\t<div class=\"wpb_text_column wpb_content_element\" >\n\t\t<div class=\"wpb_wrapper\">\n\t\t\t<ul>\n<li>Nueva y espaciosa lancha semirr\u00edgida de lujo de 9 metros<\/li>\n<li>El mar siempre determinar\u00e1 d\u00f3nde podemos gran en Torquay estamos mucho donde elegir y siempre tendr\u00e1 la opci\u00f3n de encontrar hermosas aguas protegidas para explorar la costa de Devon.<\/li>\n<li>Cada viaje incluir\u00e1 una visita a la colonia de focas de Thatchers Rock y a la zona habitual de alimentaci\u00f3n de delfines frente a Berry Head....., pero no hay garant\u00edas.<\/li>\n<li>Podemos garantizarle hermosos acantilados de la Costa Jur\u00e1sica, misteriosas cuevas marinas y tranquilas aguas azules cristalinas.<\/li>\n<\/ul>\n\n\t\t<\/div>\n\t<\/div>\n\n\t<\/div>\n\n\t<div id=\"tab-1595400617890-2-2\" class=\"wpb_tab ui-tabs-panel wpb_ui-tabs-hide vc_clearfix\">\n\t\t\n\t<div class=\"wpb_text_column wpb_content_element\" >\n\t\t<div class=\"wpb_wrapper\">\n\t\t\t<p><strong><em>\u00bfCu\u00e1l es la edad m\u00ednima?<\/em><\/strong><\/p>\n<p>Un gu\u00eda tiene 5 a\u00f1os, pero el \u00fanico requisito real es que sepa nadar.<\/p>\n<p><strong><em>\u00bfY si el tiempo es malo?<\/em><\/strong><\/p>\n<p>Haremos todo lo posible por respetar las reservas. En caso de condiciones meteorol\u00f3gicas excepcionalmente severas u otras condiciones adversas, podemos, a nuestra absoluta discreci\u00f3n, tener que reorganizar los detalles de un evento planificado.  La seguridad de los pasajeros es nuestra principal preocupaci\u00f3n, y las decisiones sobre seguridad son en todo momento prerrogativa del patr\u00f3n del barco.<\/p>\n<p><strong><em>\u00bfMe mojar\u00e9?<\/em><\/strong><\/p>\n<p>No, a menos que llueva.  Nuestras semirr\u00edgidas son estables y muy buenas embarcaciones de mar.<\/p>\n<p><strong><em>\u00bfQu\u00e9 me pongo?<\/em><\/strong><\/p>\n<p>El tiempo puede cambiar mientras estamos en el agua, por lo que siempre aconsejamos a nuestros clientes que lleven ropa de abrigo por si acaso. La sensaci\u00f3n t\u00e9rmica en el agua siempre es un factor a tener en cuenta.  Prep\u00e1rese para temperaturas unos grados m\u00e1s bajas que en tierra. Los chalecos salvavidas son obligatorios.<\/p>\n<p><strong><em>\u00bfQu\u00e9 llevar?<\/em><\/strong><\/p>\n<p>Hay un poco de espacio de almacenamiento en el barco para bolsas personales.  Venga equipado listo para nadar, tomar el sol y disfrutar del agua.  Las pertenencias personales se llevan a riesgo de los propietarios.<\/p>\n<p><strong><em>\u00bfPuedo hacer fotos?<\/em><\/strong><\/p>\n<p>S\u00ed. Queremos capturar la mayor parte posible de su d\u00eda y compartirlo con nosotros en las redes sociales.  Su capit\u00e1n siempre le aconsejar\u00e1 sobre cu\u00e1ndo es el mejor momento para tomar fotograf\u00edas ..... ya que la mayor\u00eda de las c\u00e1maras y los tel\u00e9fonos no flotan.<\/p>\n\n\t\t<\/div>\n\t<\/div>\n\n\t<\/div>\n\n\t<div id=\"tab-1597413724142-2-5\" class=\"wpb_tab ui-tabs-panel wpb_ui-tabs-hide vc_clearfix\">\n\t\t\n\t<div class=\"wpb_text_column wpb_content_element\" >\n\t\t<div class=\"wpb_wrapper\">\n\t\t\t<ul>\n<li>Sombrero, gafas, crema solar<\/li>\n<li>Capas de ropa<\/li>\n<li>C\u00e1mara<\/li>\n<li>Zapatos que no te importe que se mojen (idealmente planos).<\/li>\n<\/ul>\n\n\t\t<\/div>\n\t<\/div>\n\n\t<\/div>\n\n\t\t<\/div>\n\t<\/div>\n<\/div><\/div><\/div><\/div><div class=\"vc_row wpb_row vc_row-fluid vc_custom_1492767181347\"><div class=\"wpb_column vc_column_container vc_col-sm-12\"><div class=\"vc_column-inner vc_custom_1492766890667\"><div class=\"wpb_wrapper\"><div id=\"ultimate-heading-408669f428178f4dc\" class=\"uvc-heading ult-adjust-bottom-margin ultimate-heading-408669f428178f4dc uvc-4016 accent-subtitle-color\" data-hspacer=\"no_spacer\"  data-halign=\"center\" style=\"text-align:center\"><div class=\"uvc-heading-spacer no_spacer\" style=\"top\"><\/div><div class=\"uvc-main-heading ult-responsive\"  data-ultimate-target='.uvc-heading.ultimate-heading-408669f428178f4dc h2'  data-responsive-json-new='{\"font-size\":\"desktop:36px;\",\"line-height\":\"desktop:46px;\"}' ><h2 style=\"font-weight:bold;color:#ffffff;margin-bottom:10px;\">RESERVE SU VIAJE HOY MISMO<\/h2><\/div><div class=\"uvc-sub-heading ult-responsive\"  data-ultimate-target='.uvc-heading.ultimate-heading-408669f428178f4dc .uvc-sub-heading '  data-responsive-json-new='{\"font-size\":\"desktop:22px;\",\"line-height\":\"desktop:32px;\"}'  style=\"font-family:&#039;Roboto Slab&#039;;font-weight:700;margin-bottom:25px;\">Seleccione su fecha, si no encuentra lo que desea, env\u00edenos un mensaje<\/div><\/div>\n\t<div class=\"wpb_text_column wpb_content_element  vc_custom_1600953949533\" >\n\t\t<div class=\"wpb_wrapper\">\n\t\t\t<p><span style=\"color: #ffffff;\">L<\/span><br \/>\n[pav_calendar course=\"5\u2033]<\/p>\n\n\t\t<\/div>\n\t<\/div>\n<\/div><\/div><\/div><\/div><!-- Row Backgrounds --><div class=\"upb_bg_img\" data-ultimate-bg=\"url(https:\/\/the7.io\/expedition\/wp-content\/uploads\/sites\/14\/2016\/02\/tr-005.jpg)\" data-image-id=\"id^628|url^https:\/\/the7.io\/expedition\/wp-content\/uploads\/sites\/14\/2016\/02\/tr-005.jpg|caption^null|alt^null|title^tr-005|description^null\" data-ultimate-bg-style=\"vcpb-default\" data-bg-img-repeat=\"no-repeat\" data-bg-img-size=\"cover\" data-bg-img-position=\"\" data-parallx_sense=\"30\" data-bg-override=\"ex-full\" data-bg_img_attach=\"fixed\" data-upb-overlay-color=\"rgba(0,0,0,0.75)\" data-upb-bg-animation=\"\" data-fadeout=\"\" data-bg-animation=\"left-animation\" data-bg-animation-type=\"h\" data-animation-repeat=\"repeat\" data-fadeout-percentage=\"30\" data-parallax-content=\"\" data-parallax-content-sense=\"30\" data-row-effect-mobile-disable=\"true\" data-img-parallax-mobile-disable=\"true\" data-rtl=\"false\"  data-custom-vc-row=\"\"  data-vc=\"6.6.0.1\"  data-is_old_vc=\"\"  data-theme-support=\"\"   data-overlay=\"true\" data-overlay-color=\"rgba(0,0,0,0.75)\" data-overlay-pattern=\"\" data-overlay-pattern-opacity=\"0.8\" data-overlay-pattern-size=\"\" data-overlay-pattern-attachment=\"scroll\"    ><\/div><div class=\"vc_row wpb_row vc_row-fluid\"><div class=\"wpb_column vc_column_container vc_col-sm-12\"><div class=\"vc_column-inner\"><div class=\"wpb_wrapper\">\n\t<div class=\"wpb_text_column wpb_content_element\" >\n\t\t<div class=\"wpb_wrapper\">\n\t\t\t\r\n\n\n\t\t<\/div>\n\t<\/div>\n<\/div><\/div><\/div><\/div>","protected":false},"excerpt":{"rendered":"<p>1 Hour RIB Seafari Explore the coves and bays of the English Riviera in our 9m RIB with our skipper at the helm. ABOUT YOUR TRIP Prices from \u00a340 per person Trips run from 10am each day Maximum 10 persons Perfect for families, groups or individuals Book your Seafari today and let our skipper show&hellip;<\/p>","protected":false},"author":3,"featured_media":0,"parent":0,"menu_order":16,"comment_status":"closed","ping_status":"closed","template":"","meta":{"om_disable_all_campaigns":false,"_monsterinsights_skip_tracking":false,"_monsterinsights_sitenote_active":false,"_monsterinsights_sitenote_note":"","_monsterinsights_sitenote_category":0,"_uf_show_specific_survey":0,"_uf_disable_surveys":false},"yoast_head":"<!-- This site is optimized with the Yoast SEO Premium plugin v20.4 (Yoast SEO v20.6) - https:\/\/yoast.com\/wordpress\/plugins\/seo\/ -->\n<title>1 Hour RIB Seafari - Barcelona Watersports<\/title>\n<meta name=\"robots\" content=\"index, follow, max-snippet:-1, max-image-preview:large, max-video-preview:-1\" \/>\n<link rel=\"canonical\" href=\"https:\/\/barcelonawatersports.es\/es\/seafari\/\" \/>\n<meta property=\"og:locale\" content=\"es_ES\" \/>\n<meta property=\"og:type\" content=\"article\" \/>\n<meta property=\"og:title\" content=\"1 Hour RIB Seafari\" \/>\n<meta property=\"og:url\" content=\"https:\/\/barcelonawatersports.es\/es\/seafari\/\" \/>\n<meta property=\"og:site_name\" content=\"Barcelona Watersports\" \/>\n<meta property=\"article:publisher\" content=\"https:\/\/www.facebook.com\/Barcelona-Watersports-694500170570814\" \/>\n<meta property=\"article:modified_time\" content=\"2020-10-02T11:17:24+00:00\" \/>\n<meta name=\"twitter:card\" content=\"summary_large_image\" \/>\n<meta name=\"twitter:label1\" content=\"Tiempo de lectura\" \/>\n\t<meta name=\"twitter:data1\" content=\"6 minutos\" \/>\n<script type=\"application\/ld+json\" class=\"yoast-schema-graph\">{\"@context\":\"https:\/\/schema.org\",\"@graph\":[{\"@type\":\"WebPage\",\"@id\":\"https:\/\/barcelonawatersports.es\/seafari\/\",\"url\":\"https:\/\/barcelonawatersports.es\/seafari\/\",\"name\":\"1 Hour RIB Seafari - Barcelona Watersports\",\"isPartOf\":{\"@id\":\"https:\/\/barcelonawatersports.es\/#website\"},\"datePublished\":\"2020-09-26T20:01:22+00:00\",\"dateModified\":\"2020-10-02T11:17:24+00:00\",\"breadcrumb\":{\"@id\":\"https:\/\/barcelonawatersports.es\/seafari\/#breadcrumb\"},\"inLanguage\":\"es\",\"potentialAction\":[{\"@type\":\"ReadAction\",\"target\":[\"https:\/\/barcelonawatersports.es\/seafari\/\"]}]},{\"@type\":\"BreadcrumbList\",\"@id\":\"https:\/\/barcelonawatersports.es\/seafari\/#breadcrumb\",\"itemListElement\":[{\"@type\":\"ListItem\",\"position\":1,\"name\":\"Home\",\"item\":\"https:\/\/barcelonawatersports.es\/\"},{\"@type\":\"ListItem\",\"position\":2,\"name\":\"1 Hour RIB Seafari\"}]},{\"@type\":\"WebSite\",\"@id\":\"https:\/\/barcelonawatersports.es\/#website\",\"url\":\"https:\/\/barcelonawatersports.es\/\",\"name\":\"Barcelona Watersports\",\"description\":\"Sailing and Powerboat trips and Lessons\",\"publisher\":{\"@id\":\"https:\/\/barcelonawatersports.es\/#organization\"},\"potentialAction\":[{\"@type\":\"SearchAction\",\"target\":{\"@type\":\"EntryPoint\",\"urlTemplate\":\"https:\/\/barcelonawatersports.es\/?s={search_term_string}\"},\"query-input\":\"required name=search_term_string\"}],\"inLanguage\":\"es\"},{\"@type\":\"Organization\",\"@id\":\"https:\/\/barcelonawatersports.es\/#organization\",\"name\":\"Barcelona Watersports\",\"url\":\"https:\/\/barcelonawatersports.es\/\",\"logo\":{\"@type\":\"ImageObject\",\"inLanguage\":\"es\",\"@id\":\"https:\/\/barcelonawatersports.es\/#\/schema\/logo\/image\/\",\"url\":\"https:\/\/barcelonawatersports.es\/wp-content\/uploads\/2021\/01\/flavicon.png\",\"contentUrl\":\"https:\/\/barcelonawatersports.es\/wp-content\/uploads\/2021\/01\/flavicon.png\",\"width\":698,\"height\":698,\"caption\":\"Barcelona Watersports\"},\"image\":{\"@id\":\"https:\/\/barcelonawatersports.es\/#\/schema\/logo\/image\/\"},\"sameAs\":[\"https:\/\/www.facebook.com\/Barcelona-Watersports-694500170570814\",\"https:\/\/www.instagram.com\/barcelona_watersports\/\"]}]}<\/script>\n<!-- \/ Yoast SEO Premium plugin. -->","yoast_head_json":{"title":"1 Hour RIB Seafari - Barcelona Watersports","robots":{"index":"index","follow":"follow","max-snippet":"max-snippet:-1","max-image-preview":"max-image-preview:large","max-video-preview":"max-video-preview:-1"},"canonical":"https:\/\/barcelonawatersports.es\/es\/seafari\/","og_locale":"es_ES","og_type":"article","og_title":"1 Hour RIB Seafari","og_url":"https:\/\/barcelonawatersports.es\/es\/seafari\/","og_site_name":"Barcelona Watersports","article_publisher":"https:\/\/www.facebook.com\/Barcelona-Watersports-694500170570814","article_modified_time":"2020-10-02T11:17:24+00:00","twitter_card":"summary_large_image","twitter_misc":{"Tiempo de lectura":"6 minutos"},"schema":{"@context":"https:\/\/schema.org","@graph":[{"@type":"WebPage","@id":"https:\/\/barcelonawatersports.es\/seafari\/","url":"https:\/\/barcelonawatersports.es\/seafari\/","name":"1 Hour RIB Seafari - Barcelona Watersports","isPartOf":{"@id":"https:\/\/barcelonawatersports.es\/#website"},"datePublished":"2020-09-26T20:01:22+00:00","dateModified":"2020-10-02T11:17:24+00:00","breadcrumb":{"@id":"https:\/\/barcelonawatersports.es\/seafari\/#breadcrumb"},"inLanguage":"es","potentialAction":[{"@type":"ReadAction","target":["https:\/\/barcelonawatersports.es\/seafari\/"]}]},{"@type":"BreadcrumbList","@id":"https:\/\/barcelonawatersports.es\/seafari\/#breadcrumb","itemListElement":[{"@type":"ListItem","position":1,"name":"Home","item":"https:\/\/barcelonawatersports.es\/"},{"@type":"ListItem","position":2,"name":"1 Hour RIB Seafari"}]},{"@type":"WebSite","@id":"https:\/\/barcelonawatersports.es\/#website","url":"https:\/\/barcelonawatersports.es\/","name":"Barcelona Watersports","description":"Sailing and Powerboat trips and Lessons","publisher":{"@id":"https:\/\/barcelonawatersports.es\/#organization"},"potentialAction":[{"@type":"SearchAction","target":{"@type":"EntryPoint","urlTemplate":"https:\/\/barcelonawatersports.es\/?s={search_term_string}"},"query-input":"required name=search_term_string"}],"inLanguage":"es"},{"@type":"Organization","@id":"https:\/\/barcelonawatersports.es\/#organization","name":"Barcelona Watersports","url":"https:\/\/barcelonawatersports.es\/","logo":{"@type":"ImageObject","inLanguage":"es","@id":"https:\/\/barcelonawatersports.es\/#\/schema\/logo\/image\/","url":"https:\/\/barcelonawatersports.es\/wp-content\/uploads\/2021\/01\/flavicon.png","contentUrl":"https:\/\/barcelonawatersports.es\/wp-content\/uploads\/2021\/01\/flavicon.png","width":698,"height":698,"caption":"Barcelona Watersports"},"image":{"@id":"https:\/\/barcelonawatersports.es\/#\/schema\/logo\/image\/"},"sameAs":["https:\/\/www.facebook.com\/Barcelona-Watersports-694500170570814","https:\/\/www.instagram.com\/barcelona_watersports\/"]}]}},"_links":{"self":[{"href":"https:\/\/barcelonawatersports.es\/es\/wp-json\/wp\/v2\/pages\/1757"}],"collection":[{"href":"https:\/\/barcelonawatersports.es\/es\/wp-json\/wp\/v2\/pages"}],"about":[{"href":"https:\/\/barcelonawatersports.es\/es\/wp-json\/wp\/v2\/types\/page"}],"author":[{"embeddable":true,"href":"https:\/\/barcelonawatersports.es\/es\/wp-json\/wp\/v2\/users\/3"}],"replies":[{"embeddable":true,"href":"https:\/\/barcelonawatersports.es\/es\/wp-json\/wp\/v2\/comments?post=1757"}],"version-history":[{"count":8,"href":"https:\/\/barcelonawatersports.es\/es\/wp-json\/wp\/v2\/pages\/1757\/revisions"}],"predecessor-version":[{"id":1823,"href":"https:\/\/barcelonawatersports.es\/es\/wp-json\/wp\/v2\/pages\/1757\/revisions\/1823"}],"wp:attachment":[{"href":"https:\/\/barcelonawatersports.es\/es\/wp-json\/wp\/v2\/media?parent=1757"}],"curies":[{"name":"wp","href":"https:\/\/api.w.org\/{rel}","templated":true}]}}