{"id":163,"date":"2019-09-18T05:01:50","date_gmt":"2019-09-18T05:01:50","guid":{"rendered":"https:\/\/the7.io\/yoga\/?page_id=163"},"modified":"2019-09-18T05:01:50","modified_gmt":"2019-09-18T05:01:50","slug":"blog","status":"publish","type":"page","link":"https:\/\/barcelonawatersports.es\/es\/blog\/","title":{"rendered":"Blog"},"content":{"rendered":"<div class=\"vc_row wpb_row vc_row-fluid\"><div class=\"wpb_column vc_column_container vc_col-sm-12\"><div class=\"vc_column-inner\"><div class=\"wpb_wrapper\"><style type=\"text\/css\" data-type=\"the7_shortcodes-inline-css\">.blog-shortcode.blog-list-shortcode-id-e1a0138aa52e47987e1d33ba51aaece3.side-overlap-layout-list .post-thumbnail-wrap {\n  width: 70%;\n}\n.blog-shortcode.blog-list-shortcode-id-e1a0138aa52e47987e1d33ba51aaece3.side-overlap-layout-list .post-entry-content {\n  width: calc(100% - 70% + 100px);\n  margin-top: 50px;\n}\n.blog-shortcode.blog-list-shortcode-id-e1a0138aa52e47987e1d33ba51aaece3.side-overlap-layout-list .no-img .post-entry-content {\n  width: 100%;\n  margin-top: 0;\n}\n.blog-shortcode.blog-list-shortcode-id-e1a0138aa52e47987e1d33ba51aaece3.side-overlap-layout-list .project-odd .post-entry-content {\n  margin-left: -100px;\n}\n.rtl .blog-shortcode.blog-list-shortcode-id-e1a0138aa52e47987e1d33ba51aaece3.side-overlap-layout-list .project-odd .post-entry-content {\n  margin-right: -100px;\n  margin-left: 0;\n}\n.blog-shortcode.blog-list-shortcode-id-e1a0138aa52e47987e1d33ba51aaece3.side-overlap-layout-list .no-img.project-odd .post-entry-content {\n  margin-left: 0;\n}\n.rtl .blog-shortcode.blog-list-shortcode-id-e1a0138aa52e47987e1d33ba51aaece3.side-overlap-layout-list .no-img.project-odd .post-entry-content {\n  margin-right: 0;\n  margin-left: 0;\n}\n.blog-shortcode.blog-list-shortcode-id-e1a0138aa52e47987e1d33ba51aaece3.side-overlap-layout-list .project-even .post-entry-content {\n  margin-right: -100px;\n}\n.rtl .blog-shortcode.blog-list-shortcode-id-e1a0138aa52e47987e1d33ba51aaece3.side-overlap-layout-list .project-even .post-entry-content {\n  margin-left: -100px;\n  margin-right: 0;\n}\n.blog-shortcode.blog-list-shortcode-id-e1a0138aa52e47987e1d33ba51aaece3.side-overlap-layout-list .no-img.project-even .post-entry-content {\n  margin-right: 0;\n}\n.rtl .blog-shortcode.blog-list-shortcode-id-e1a0138aa52e47987e1d33ba51aaece3.side-overlap-layout-list .no-img.project-even .post-entry-content {\n  margin-left: 0;\n  margin-right: 0;\n}\n@media screen and (max-width: 990px) {\n  #page .blog-shortcode.blog-list-shortcode-id-e1a0138aa52e47987e1d33ba51aaece3.side-overlap-layout-list .project-odd .post-entry-content {\n    left: 0;\n  }\n  #page .blog-shortcode.blog-list-shortcode-id-e1a0138aa52e47987e1d33ba51aaece3.side-overlap-layout-list .project-even .post-entry-content {\n    right: 0;\n  }\n}\n.blog-shortcode.blog-list-shortcode-id-e1a0138aa52e47987e1d33ba51aaece3 .filter-bg-decoration .filter-categories a.act {\n  color: #fff;\n}\n.blog-shortcode.blog-list-shortcode-id-e1a0138aa52e47987e1d33ba51aaece3:not(.mode-masonry) article {\n  margin-top: 50px;\n}\n.blog-shortcode.blog-list-shortcode-id-e1a0138aa52e47987e1d33ba51aaece3:not(.mode-masonry) article:first-of-type,\n.blog-shortcode.blog-list-shortcode-id-e1a0138aa52e47987e1d33ba51aaece3:not(.mode-masonry) article.visible.first:not(.product) {\n  margin-top: 0;\n}\n.blog-shortcode.blog-list-shortcode-id-e1a0138aa52e47987e1d33ba51aaece3.dividers-on:not(.mode-masonry) article {\n  margin-top: 0;\n  padding-top: 50px;\n}\n.blog-shortcode.blog-list-shortcode-id-e1a0138aa52e47987e1d33ba51aaece3.dividers-on:not(.mode-masonry) article:first-of-type,\n.blog-shortcode.blog-list-shortcode-id-e1a0138aa52e47987e1d33ba51aaece3.dividers-on:not(.mode-masonry) article.visible.first:not(.product) {\n  margin-top: 0;\n  padding-top: 0;\n}\n.blog-shortcode.blog-list-shortcode-id-e1a0138aa52e47987e1d33ba51aaece3 .post-thumbnail-wrap {\n  padding: 0px 0px 0px 0px;\n}\n.blog-shortcode.blog-list-shortcode-id-e1a0138aa52e47987e1d33ba51aaece3.enable-bg-rollover .post-thumbnail-rollover:after {\n  background: rgba(46,43,54,0.25);\n  box-shadow: none;\n  background: -webkit-linear-gradient();\n  background: linear-gradient();\n}\n.blog-shortcode.blog-list-shortcode-id-e1a0138aa52e47987e1d33ba51aaece3 .gallery-zoom-ico {\n  width: 64px;\n  height: 64px;\n  line-height: 64px;\n  border-radius: 100px;\n  margin: -32px 0 0 -32px;\n  border-width: 0px;\n  color: #ffffff;\n}\n.bottom-overlap-layout-list.blog-shortcode.blog-list-shortcode-id-e1a0138aa52e47987e1d33ba51aaece3 .gallery-zoom-ico {\n  margin-top: -57px;\n}\n.gradient-overlay-layout-list.blog-shortcode.blog-list-shortcode-id-e1a0138aa52e47987e1d33ba51aaece3 .gallery-zoom-ico,\n.content-rollover-layout-list.blog-shortcode.blog-list-shortcode-id-e1a0138aa52e47987e1d33ba51aaece3 .gallery-zoom-ico {\n  margin: 0 0 10px;\n}\n.content-align-center.gradient-overlay-layout-list.blog-shortcode.blog-list-shortcode-id-e1a0138aa52e47987e1d33ba51aaece3 .gallery-zoom-ico,\n.content-align-center.content-rollover-layout-list.blog-shortcode.blog-list-shortcode-id-e1a0138aa52e47987e1d33ba51aaece3 .gallery-zoom-ico {\n  margin: 0 auto 10px;\n}\n.dt-icon-bg-on.blog-shortcode.blog-list-shortcode-id-e1a0138aa52e47987e1d33ba51aaece3 .gallery-zoom-ico {\n  background: rgba(255,255,255,0.3);\n  box-shadow: none;\n}\n.blog-shortcode.blog-list-shortcode-id-e1a0138aa52e47987e1d33ba51aaece3 .gallery-zoom-ico > span,\n.blog-shortcode.blog-list-shortcode-id-e1a0138aa52e47987e1d33ba51aaece3 .gallery-zoom-ico:before {\n  font-size: 64px;\n  line-height: 64px;\n}\n.blog-shortcode.blog-list-shortcode-id-e1a0138aa52e47987e1d33ba51aaece3 .gallery-zoom-ico > span,\n.blog-shortcode.blog-list-shortcode-id-e1a0138aa52e47987e1d33ba51aaece3 .gallery-zoom-ico:before {\n  color: #ffffff;\n}\n.blog-shortcode.blog-list-shortcode-id-e1a0138aa52e47987e1d33ba51aaece3 .fancy-date a {\n  background: #2e2b36;\n  box-shadow: none;\n}\n.blog-shortcode.blog-list-shortcode-id-e1a0138aa52e47987e1d33ba51aaece3 .fancy-date a * {\n  color: #ffffff;\n}\n.blog-shortcode.blog-list-shortcode-id-e1a0138aa52e47987e1d33ba51aaece3 .fancy-date a .entry-month:after,\n.blog-shortcode.blog-list-shortcode-id-e1a0138aa52e47987e1d33ba51aaece3 .fancy-date a .entry-date:after {\n  background: rgba(255,255,255,0.3);\n  box-shadow: none;\n}\n.blog-shortcode.blog-list-shortcode-id-e1a0138aa52e47987e1d33ba51aaece3 .entry-title,\n.blog-shortcode.blog-list-shortcode-id-e1a0138aa52e47987e1d33ba51aaece3.owl-carousel .entry-title {\n  margin-bottom: 10px;\n}\n.blog-shortcode.blog-list-shortcode-id-e1a0138aa52e47987e1d33ba51aaece3 .entry-meta {\n  margin-bottom: 15px;\n}\n.blog-shortcode.blog-list-shortcode-id-e1a0138aa52e47987e1d33ba51aaece3 .portfolio-categories {\n  margin-bottom: 15px;\n}\n.blog-shortcode.blog-list-shortcode-id-e1a0138aa52e47987e1d33ba51aaece3 .entry-excerpt {\n  margin-bottom: 10px;\n}\n.blog-shortcode.blog-list-shortcode-id-e1a0138aa52e47987e1d33ba51aaece3:not(.centered-layout-list) .post-entry-content {\n  padding: 30px 30px 30px 30px;\n}\n.blog-shortcode.blog-list-shortcode-id-e1a0138aa52e47987e1d33ba51aaece3:not(.centered-layout-list):not(.content-bg-on):not(.mode-list) .no-img .post-entry-content {\n  padding: 0;\n}\n.blog-shortcode.blog-list-shortcode-id-e1a0138aa52e47987e1d33ba51aaece3.content-bg-on:not(.classic-layout-list):not(.centered-layout-list) .post-entry-content {\n  background: #ececec;\n  box-shadow: none;\n}\n@media screen and (max-width: 990px) {\n  .blog-shortcode.blog-list-shortcode-id-e1a0138aa52e47987e1d33ba51aaece3 article {\n    -ms-flex-flow: column nowrap;\n    flex-flow: column nowrap;\n    margin-top: 20px;\n  }\n  .blog-shortcode.blog-list-shortcode-id-e1a0138aa52e47987e1d33ba51aaece3.dividers-on article {\n    border: none;\n  }\n  .blog-shortcode.blog-list-shortcode-id-e1a0138aa52e47987e1d33ba51aaece3.content-bg-on.centered-layout-list article {\n    padding: 0;\n  }\n  .blog-shortcode.blog-list-shortcode-id-e1a0138aa52e47987e1d33ba51aaece3.blog-shortcode.dividers-on article,\n  .blog-shortcode.blog-list-shortcode-id-e1a0138aa52e47987e1d33ba51aaece3.dividers-on.classic-layout-list article {\n    margin-top: 20px;\n    padding: 0;\n  }\n  .blog-shortcode.blog-list-shortcode-id-e1a0138aa52e47987e1d33ba51aaece3.blog-shortcode.dividers-on article:first-of-type,\n  .blog-shortcode.blog-list-shortcode-id-e1a0138aa52e47987e1d33ba51aaece3.dividers-on.classic-layout-list article:first-of-type {\n    padding: 0;\n  }\n  #page .blog-shortcode.blog-list-shortcode-id-e1a0138aa52e47987e1d33ba51aaece3 .post-thumbnail-wrap,\n  #page .blog-shortcode.blog-list-shortcode-id-e1a0138aa52e47987e1d33ba51aaece3 .post-entry-content {\n    width: 100%;\n    margin: 0;\n    top: 0;\n  }\n  #page .blog-shortcode.blog-list-shortcode-id-e1a0138aa52e47987e1d33ba51aaece3 .post-thumbnail-wrap {\n    padding: 0;\n  }\n  #page .blog-shortcode.blog-list-shortcode-id-e1a0138aa52e47987e1d33ba51aaece3 .post-entry-content:after {\n    display: none;\n  }\n  #page .blog-shortcode.blog-list-shortcode-id-e1a0138aa52e47987e1d33ba51aaece3 .project-even .post-thumbnail-wrap,\n  #page .blog-shortcode.blog-list-shortcode-id-e1a0138aa52e47987e1d33ba51aaece3.centered-layout-list .post-thumbnail-wrap {\n    -ms-flex-order: 0;\n    order: 0;\n  }\n  #page .blog-shortcode.blog-list-shortcode-id-e1a0138aa52e47987e1d33ba51aaece3.centered-layout-list .post-entry-title-content {\n    -ms-flex-order: 1;\n    order: 1;\n    width: 100%;\n    padding: 20px 20px 0;\n  }\n  #page .blog-shortcode.blog-list-shortcode-id-e1a0138aa52e47987e1d33ba51aaece3.centered-layout-list .post-entry-content {\n    -ms-flex-order: 2;\n    order: 2;\n    padding-top: 0;\n  }\n  #page .blog-shortcode.blog-list-shortcode-id-e1a0138aa52e47987e1d33ba51aaece3 .fancy-categories {\n    top: 10px;\n    left: 10px;\n    bottom: auto;\n    right: auto;\n  }\n  #page .blog-shortcode.blog-list-shortcode-id-e1a0138aa52e47987e1d33ba51aaece3 .fancy-date a {\n    top: 10px;\n    right: 10px;\n    left: auto;\n    bottom: auto;\n  }\n  #page .blog-shortcode.blog-list-shortcode-id-e1a0138aa52e47987e1d33ba51aaece3 .post-entry-content {\n    padding: 20px;\n  }\n  #page .blog-shortcode.blog-list-shortcode-id-e1a0138aa52e47987e1d33ba51aaece3 .entry-title {\n    margin: 3px 0 5px;\n    font-size: 20px;\n    line-height: 26px;\n  }\n  #page .blog-shortcode.blog-list-shortcode-id-e1a0138aa52e47987e1d33ba51aaece3 .entry-meta {\n    margin: 5px 0 5px;\n  }\n  #page .blog-shortcode.blog-list-shortcode-id-e1a0138aa52e47987e1d33ba51aaece3 .entry-excerpt {\n    margin: 15px 0 0;\n  }\n  #page .blog-shortcode.blog-list-shortcode-id-e1a0138aa52e47987e1d33ba51aaece3 .post-details {\n    margin: 5px 0 10px;\n  }\n  #page .blog-shortcode.blog-list-shortcode-id-e1a0138aa52e47987e1d33ba51aaece3 .post-details.details-type-link {\n    margin-bottom: 2px;\n  }\n}\n<\/style><div class=\"articles-list blog-shortcode mode-list blog-list-shortcode-id-e1a0138aa52e47987e1d33ba51aaece3 side-overlap-layout-list content-bg-on enable-bg-rollover jquery-filter scale-img dt-icon-bg-off vertical-fancy-style loading-effect-fade-in\" data-cur-page=\"1\" data-post-limit=\"6\" data-pagination-mode=\"load-more\"><article class=\"post project-odd visible no-img post-2218 type-post status-publish format-standard hentry category-uncategorized category-1 description-off\" data-name=\"2021 Season starts February\" data-date=\"2021-01-07T09:50:46+00:00\">\n\n<div class=\"post-entry-content\">\n\n\t<h3 class=\"entry-title\">\n\t\t<a href=\"https:\/\/barcelonawatersports.es\/es\/2021-season-starts-february\/\" title=\"2021 La temporada comienza en febrero\" rel=\"bookmark\">2021 La temporada comienza en febrero<\/a>\n\t<\/h3>\n\n\t\n\t<div class=\"entry-excerpt\"><p>Despu\u00e9s de un 2020 muy duro y un invierno 20\/21 a\u00fan m\u00e1s duro, estamos deseando que llegue el buen tiempo y mucha actividad en el agua. Estamos adaptando nuestro programa para dar m\u00e1s disponibilidad a las vacaciones de charter desde Barcelona y la Costa Brava, con la opci\u00f3n de comenzar sus vacaciones de vela desde otros lugares incre\u00edbles...<\/p>\n<\/div>\n\t\n<a href=\"https:\/\/barcelonawatersports.es\/es\/2021-season-starts-february\/\" class=\"dt-btn-s dt-btn post-details details-type-btn\" aria-label=\"Read more about 2021 Season starts February\">Read more<i class=\"dt-icon-the7-arrow-03\" aria-hidden=\"true\"><\/i><\/a>\n\n<\/div><\/article><article class=\"post project-even visible no-img post-2447 type-post status-publish format-standard hentry category-uncategorized category-1 description-off\" data-name=\"Guide to Sailing Courses\" data-date=\"2021-05-12T14:27:15+00:00\">\n\n<div class=\"post-entry-content\">\n\n\t<h3 class=\"entry-title\">\n\t\t<a href=\"https:\/\/barcelonawatersports.es\/es\/guide-to-sailing-courses\/\" title=\"Gu\u00eda de cursos de vela\" rel=\"bookmark\">Gu\u00eda de cursos de vela<\/a>\n\t<\/h3>\n\n\t\n\t<div class=\"entry-excerpt\"><p>Aprender a navegar Aprender a navegar para principiantes, pero no quieren comprometerse a un curso completo, entonces lo mejor es ir en un curso llamado Start Yachting, este curso est\u00e1 dise\u00f1ado para aquellos que quieren dar a la vela un intento, pero no quieren comprometerse a\u00fan con el curso completo de la tripulaci\u00f3n competente. Una vez que...<\/p>\n<\/div>\n\t\n<a href=\"https:\/\/barcelonawatersports.es\/es\/guide-to-sailing-courses\/\" class=\"dt-btn-s dt-btn post-details details-type-btn\" aria-label=\"Read more about Guide to Sailing Courses\">Read more<i class=\"dt-icon-the7-arrow-03\" aria-hidden=\"true\"><\/i><\/a>\n\n<\/div><\/article><article class=\"post project-odd visible no-img post-2449 type-post status-publish format-standard hentry category-uncategorized category-1 description-off\" data-name=\"Guide to Powerboat Courses\" data-date=\"2021-05-12T14:30:56+00:00\">\n\n<div class=\"post-entry-content\">\n\n\t<h3 class=\"entry-title\">\n\t\t<a href=\"https:\/\/barcelonawatersports.es\/es\/guide-to-powerboat-courses\/\" title=\"Gu\u00eda de cursos de lanchas motoras\" rel=\"bookmark\">Gu\u00eda de cursos de lanchas motoras<\/a>\n\t<\/h3>\n\n\t\n\t<div class=\"entry-excerpt\"><p>Aprender a Powerboat y motos acu\u00e1ticas Powerboating ofrece una gran manera de salir en el agua, si usted planea ir wakeboard y en busca de excursiones de un d\u00eda a grandes lugares para anclar e ir a nadar que le da grandes oportunidades. RYA Powerboat Nivel 1 y 2 Si usted es un principiante...<\/p>\n<\/div>\n\t\n<a href=\"https:\/\/barcelonawatersports.es\/es\/guide-to-powerboat-courses\/\" class=\"dt-btn-s dt-btn post-details details-type-btn\" aria-label=\"Read more about Guide to Powerboat Courses\">Read more<i class=\"dt-icon-the7-arrow-03\" aria-hidden=\"true\"><\/i><\/a>\n\n<\/div><\/article><div class=\"paginator paginator-more-button\">\n\t\t\t\t<a class=\"button-load-more\" href=\"javascript:void(0);\" data-dt-page=\"1\" ><span class=\"stick\"><\/span><span class=\"stick\"><\/span><span class=\"stick\"><\/span><span class=\"button-caption\">Cargar m\u00e1s<\/span><\/a>\n\t\t\t<\/div><\/div><\/div><\/div><\/div><\/div>","protected":false},"excerpt":{"rendered":"","protected":false},"author":1,"featured_media":0,"parent":0,"menu_order":61,"comment_status":"closed","ping_status":"closed","template":"","meta":{"om_disable_all_campaigns":false,"_monsterinsights_skip_tracking":false,"_monsterinsights_sitenote_active":false,"_monsterinsights_sitenote_note":"","_monsterinsights_sitenote_category":0,"_uf_show_specific_survey":0,"_uf_disable_surveys":false},"yoast_head":"<!-- This site is optimized with the Yoast SEO Premium plugin v20.4 (Yoast SEO v20.6) - https:\/\/yoast.com\/wordpress\/plugins\/seo\/ -->\n<title>Blog - Barcelona Watersports<\/title>\n<meta name=\"robots\" content=\"index, follow, max-snippet:-1, max-image-preview:large, max-video-preview:-1\" \/>\n<link rel=\"canonical\" href=\"https:\/\/barcelonawatersports.es\/es\/blog\/\" \/>\n<meta property=\"og:locale\" content=\"es_ES\" \/>\n<meta property=\"og:type\" content=\"article\" \/>\n<meta property=\"og:title\" content=\"Blog\" \/>\n<meta property=\"og:url\" content=\"https:\/\/barcelonawatersports.es\/es\/blog\/\" \/>\n<meta property=\"og:site_name\" content=\"Barcelona Watersports\" \/>\n<meta property=\"article:publisher\" content=\"https:\/\/www.facebook.com\/Barcelona-Watersports-694500170570814\" \/>\n<meta name=\"twitter:card\" content=\"summary_large_image\" \/>\n<meta name=\"twitter:label1\" content=\"Tiempo de lectura\" \/>\n\t<meta name=\"twitter:data1\" content=\"1 minuto\" \/>\n<script type=\"application\/ld+json\" class=\"yoast-schema-graph\">{\"@context\":\"https:\/\/schema.org\",\"@graph\":[{\"@type\":\"WebPage\",\"@id\":\"https:\/\/barcelonawatersports.es\/blog\/\",\"url\":\"https:\/\/barcelonawatersports.es\/blog\/\",\"name\":\"Blog - Barcelona Watersports\",\"isPartOf\":{\"@id\":\"https:\/\/barcelonawatersports.es\/#website\"},\"datePublished\":\"2019-09-18T05:01:50+00:00\",\"dateModified\":\"2019-09-18T05:01:50+00:00\",\"breadcrumb\":{\"@id\":\"https:\/\/barcelonawatersports.es\/blog\/#breadcrumb\"},\"inLanguage\":\"es\",\"potentialAction\":[{\"@type\":\"ReadAction\",\"target\":[\"https:\/\/barcelonawatersports.es\/blog\/\"]}]},{\"@type\":\"BreadcrumbList\",\"@id\":\"https:\/\/barcelonawatersports.es\/blog\/#breadcrumb\",\"itemListElement\":[{\"@type\":\"ListItem\",\"position\":1,\"name\":\"Home\",\"item\":\"https:\/\/barcelonawatersports.es\/\"},{\"@type\":\"ListItem\",\"position\":2,\"name\":\"Blog\"}]},{\"@type\":\"WebSite\",\"@id\":\"https:\/\/barcelonawatersports.es\/#website\",\"url\":\"https:\/\/barcelonawatersports.es\/\",\"name\":\"Barcelona Watersports\",\"description\":\"Sailing and Powerboat trips and Lessons\",\"publisher\":{\"@id\":\"https:\/\/barcelonawatersports.es\/#organization\"},\"potentialAction\":[{\"@type\":\"SearchAction\",\"target\":{\"@type\":\"EntryPoint\",\"urlTemplate\":\"https:\/\/barcelonawatersports.es\/?s={search_term_string}\"},\"query-input\":\"required name=search_term_string\"}],\"inLanguage\":\"es\"},{\"@type\":\"Organization\",\"@id\":\"https:\/\/barcelonawatersports.es\/#organization\",\"name\":\"Barcelona Watersports\",\"url\":\"https:\/\/barcelonawatersports.es\/\",\"logo\":{\"@type\":\"ImageObject\",\"inLanguage\":\"es\",\"@id\":\"https:\/\/barcelonawatersports.es\/#\/schema\/logo\/image\/\",\"url\":\"https:\/\/barcelonawatersports.es\/wp-content\/uploads\/2021\/01\/flavicon.png\",\"contentUrl\":\"https:\/\/barcelonawatersports.es\/wp-content\/uploads\/2021\/01\/flavicon.png\",\"width\":698,\"height\":698,\"caption\":\"Barcelona Watersports\"},\"image\":{\"@id\":\"https:\/\/barcelonawatersports.es\/#\/schema\/logo\/image\/\"},\"sameAs\":[\"https:\/\/www.facebook.com\/Barcelona-Watersports-694500170570814\",\"https:\/\/www.instagram.com\/barcelona_watersports\/\"]}]}<\/script>\n<!-- \/ Yoast SEO Premium plugin. -->","yoast_head_json":{"title":"Blog - Barcelona Watersports","robots":{"index":"index","follow":"follow","max-snippet":"max-snippet:-1","max-image-preview":"max-image-preview:large","max-video-preview":"max-video-preview:-1"},"canonical":"https:\/\/barcelonawatersports.es\/es\/blog\/","og_locale":"es_ES","og_type":"article","og_title":"Blog","og_url":"https:\/\/barcelonawatersports.es\/es\/blog\/","og_site_name":"Barcelona Watersports","article_publisher":"https:\/\/www.facebook.com\/Barcelona-Watersports-694500170570814","twitter_card":"summary_large_image","twitter_misc":{"Tiempo de lectura":"1 minuto"},"schema":{"@context":"https:\/\/schema.org","@graph":[{"@type":"WebPage","@id":"https:\/\/barcelonawatersports.es\/blog\/","url":"https:\/\/barcelonawatersports.es\/blog\/","name":"Blog - Barcelona Watersports","isPartOf":{"@id":"https:\/\/barcelonawatersports.es\/#website"},"datePublished":"2019-09-18T05:01:50+00:00","dateModified":"2019-09-18T05:01:50+00:00","breadcrumb":{"@id":"https:\/\/barcelonawatersports.es\/blog\/#breadcrumb"},"inLanguage":"es","potentialAction":[{"@type":"ReadAction","target":["https:\/\/barcelonawatersports.es\/blog\/"]}]},{"@type":"BreadcrumbList","@id":"https:\/\/barcelonawatersports.es\/blog\/#breadcrumb","itemListElement":[{"@type":"ListItem","position":1,"name":"Home","item":"https:\/\/barcelonawatersports.es\/"},{"@type":"ListItem","position":2,"name":"Blog"}]},{"@type":"WebSite","@id":"https:\/\/barcelonawatersports.es\/#website","url":"https:\/\/barcelonawatersports.es\/","name":"Barcelona Watersports","description":"Sailing and Powerboat trips and Lessons","publisher":{"@id":"https:\/\/barcelonawatersports.es\/#organization"},"potentialAction":[{"@type":"SearchAction","target":{"@type":"EntryPoint","urlTemplate":"https:\/\/barcelonawatersports.es\/?s={search_term_string}"},"query-input":"required name=search_term_string"}],"inLanguage":"es"},{"@type":"Organization","@id":"https:\/\/barcelonawatersports.es\/#organization","name":"Barcelona Watersports","url":"https:\/\/barcelonawatersports.es\/","logo":{"@type":"ImageObject","inLanguage":"es","@id":"https:\/\/barcelonawatersports.es\/#\/schema\/logo\/image\/","url":"https:\/\/barcelonawatersports.es\/wp-content\/uploads\/2021\/01\/flavicon.png","contentUrl":"https:\/\/barcelonawatersports.es\/wp-content\/uploads\/2021\/01\/flavicon.png","width":698,"height":698,"caption":"Barcelona Watersports"},"image":{"@id":"https:\/\/barcelonawatersports.es\/#\/schema\/logo\/image\/"},"sameAs":["https:\/\/www.facebook.com\/Barcelona-Watersports-694500170570814","https:\/\/www.instagram.com\/barcelona_watersports\/"]}]}},"_links":{"self":[{"href":"https:\/\/barcelonawatersports.es\/es\/wp-json\/wp\/v2\/pages\/163"}],"collection":[{"href":"https:\/\/barcelonawatersports.es\/es\/wp-json\/wp\/v2\/pages"}],"about":[{"href":"https:\/\/barcelonawatersports.es\/es\/wp-json\/wp\/v2\/types\/page"}],"author":[{"embeddable":true,"href":"https:\/\/barcelonawatersports.es\/es\/wp-json\/wp\/v2\/users\/1"}],"replies":[{"embeddable":true,"href":"https:\/\/barcelonawatersports.es\/es\/wp-json\/wp\/v2\/comments?post=163"}],"version-history":[{"count":0,"href":"https:\/\/barcelonawatersports.es\/es\/wp-json\/wp\/v2\/pages\/163\/revisions"}],"wp:attachment":[{"href":"https:\/\/barcelonawatersports.es\/es\/wp-json\/wp\/v2\/media?parent=163"}],"curies":[{"name":"wp","href":"https:\/\/api.w.org\/{rel}","templated":true}]}}