{"id":1399,"date":"2020-05-15T10:53:54","date_gmt":"2020-05-15T10:53:54","guid":{"rendered":"https:\/\/torquaywatersports.co.uk\/?page_id=1399"},"modified":"2026-01-27T18:10:05","modified_gmt":"2026-01-27T18:10:05","slug":"own-boat-tuition","status":"publish","type":"page","link":"https:\/\/barcelonawatersports.es\/es\/own-boat-tuition\/","title":{"rendered":"Matr\u00edcula de barco propio"},"content":{"rendered":"<div class=\"vc_row wpb_row vc_row-fluid vc_custom_1610020112257\"><div class=\"wpb_column vc_column_container vc_col-sm-12 vc_col-lg-offset-2 vc_col-lg-8 vc_col-md-offset-1 vc_col-md-10 vc_col-sm-offset-0\"><div class=\"vc_column-inner vc_custom_1492694838569\"><div class=\"wpb_wrapper\"><div id=\"ultimate-heading-389569f473eec0563\" class=\"uvc-heading ult-adjust-bottom-margin ultimate-heading-389569f473eec0563 uvc-5779 accent-subtitle-color\" data-hspacer=\"no_spacer\"  data-halign=\"center\" style=\"text-align:center\"><div class=\"uvc-heading-spacer no_spacer\" style=\"top\"><\/div><div class=\"uvc-main-heading ult-responsive\"  data-ultimate-target='.uvc-heading.ultimate-heading-389569f473eec0563 h2'  data-responsive-json-new='{\"font-size\":\"desktop:70px;tablet:50px;tablet_portrait:40px;mobile_landscape:28px;\",\"line-height\":\"desktop:80px;tablet:60px;tablet_portrait:50px;mobile_landscape:38px;\"}' ><h2 style=\"font-weight:bold;color:#ffffff;margin-top:70px;margin-bottom:50px;\">Ense\u00f1anza de la embarcaci\u00f3n propia en su barco de vela o de motor<\/h2><\/div><div class=\"uvc-sub-heading ult-responsive\"  data-ultimate-target='.uvc-heading.ultimate-heading-389569f473eec0563 .uvc-sub-heading '  data-responsive-json-new='{\"font-size\":\"desktop:28px;mobile_landscape:18px;\",\"line-height\":\"desktop:38px;mobile_landscape:28px;\"}'  style=\"font-family:&#039;Roboto Slab&#039;;font-weight:700;margin-bottom:80px;\">Puedes completar cualquiera de nuestros cursos y licencias de la RYA en tu propio barco, lo cual es una gran manera de conocer mejor tu barco y obtener tu licencia de patr\u00f3n<\/div><\/div><\/div><\/div><\/div><\/div><!-- Row Backgrounds --><div class=\"upb_bg_img\" data-ultimate-bg=\"url(https:\/\/barcelonawatersports.es\/wp-content\/uploads\/2021\/01\/01_BOATING_BARCELONA_PHOTO_BY_IMANOL_SISTIAGA_2019.png)\" data-image-id=\"id^2223|url^https:\/\/barcelonawatersports.es\/wp-content\/uploads\/2021\/01\/01_BOATING_BARCELONA_PHOTO_BY_IMANOL_SISTIAGA_2019.png|caption^null|alt^null|title^01_BOATING_BARCELONA_PHOTO_BY_IMANOL_SISTIAGA_2019|description^null\" data-ultimate-bg-style=\"vcpb-default\" data-bg-img-repeat=\"no-repeat\" data-bg-img-size=\"cover\" data-bg-img-position=\"\" data-parallx_sense=\"30\" data-bg-override=\"ex-full\" data-bg_img_attach=\"fixed\" data-upb-overlay-color=\"rgba(0,0,0,0.6)\" data-upb-bg-animation=\"\" data-fadeout=\"\" data-bg-animation=\"left-animation\" data-bg-animation-type=\"h\" data-animation-repeat=\"repeat\" data-fadeout-percentage=\"30\" data-parallax-content=\"\" data-parallax-content-sense=\"30\" data-row-effect-mobile-disable=\"true\" data-img-parallax-mobile-disable=\"true\" data-rtl=\"false\"  data-custom-vc-row=\"\"  data-vc=\"6.6.0.1\"  data-is_old_vc=\"\"  data-theme-support=\"\"   data-overlay=\"true\" data-overlay-color=\"rgba(0,0,0,0.6)\" data-overlay-pattern=\"\" data-overlay-pattern-opacity=\"0.8\" data-overlay-pattern-size=\"\" data-overlay-pattern-attachment=\"scroll\"    ><\/div><div class=\"vc_row wpb_row vc_row-fluid vc_custom_1492758885864 vc_row-o-equal-height vc_row-flex\"><div class=\"wpb_column vc_column_container vc_col-sm-7 vc_col-lg-5 vc_col-md-6\"><div class=\"vc_column-inner vc_custom_1492766991907\"><div class=\"wpb_wrapper\"><div id=\"ultimate-heading-968169f473eed1756\" class=\"uvc-heading ult-adjust-bottom-margin ultimate-heading-968169f473eed1756 uvc-7455\" data-hspacer=\"no_spacer\"  data-halign=\"left\" style=\"text-align:left\"><div class=\"uvc-heading-spacer no_spacer\" style=\"top\"><\/div><div class=\"uvc-main-heading ult-responsive\"  data-ultimate-target='.uvc-heading.ultimate-heading-968169f473eed1756 h2'  data-responsive-json-new='{\"font-size\":\"desktop:36px;\",\"line-height\":\"desktop:46px;\"}' ><h2 style=\"font-weight:bold;margin-bottom:25px;\">SOBRE EL CURSO<\/h2><\/div><\/div><div class=\"aio-icon-component  vc_custom_1769537243740  accent-icon-bg accent-title-color style_1\"><div id=\"Info-box-wrap-9621\" class=\"aio-icon-box default-icon\" style=\"\"  ><div class=\"aio-icon-default\"><div class=\"ult-just-icon-wrapper\"><div class=\"align-icon\" style=\"text-align:center;\">\n<div class=\"aio-icon advanced\"  style=\"color:#ffffff;border-style:;border-color:#333333;border-width:1px;width:30px;height:30px;line-height:30px;border-radius:500px;font-size:14px;display:inline-block;\">\n\t<i class=\"fas fa-euro-sign\"><\/i>\n<\/div><\/div><\/div><\/div><div class=\"aio-icon-header\" ><h3 class=\"aio-icon-title ult-responsive\"  data-ultimate-target='#Info-box-wrap-9621 .aio-icon-title'  data-responsive-json-new='{\"font-size\":\"desktop:18px;\",\"line-height\":\"desktop:28px;\"}'  style=\"font-weight:700;\">Desde 375 euros por debajo de 10 metros, 475 euros por encima de 10 metros al d\u00eda<\/h3><\/div> <!-- header --><\/div> <!-- aio-icon-box --><\/div> <!-- aio-icon-component --><div class=\"aio-icon-component  vc_custom_1610020280964  accent-icon-bg accent-title-color style_1\"><div id=\"Info-box-wrap-5900\" class=\"aio-icon-box default-icon\" style=\"\"  ><div class=\"aio-icon-default\"><div class=\"ult-just-icon-wrapper\"><div class=\"align-icon\" style=\"text-align:center;\">\n<div class=\"aio-icon advanced\"  style=\"color:#ffffff;border-style:;border-color:#333333;border-width:1px;width:30px;height:30px;line-height:30px;border-radius:500px;font-size:14px;display:inline-block;\">\n\t<i class=\"icomoon-font-awesome-14x14-calendar-o\"><\/i>\n<\/div><\/div><\/div><\/div><div class=\"aio-icon-header\" ><h3 class=\"aio-icon-title ult-responsive\"  data-ultimate-target='#Info-box-wrap-5900 .aio-icon-title'  data-responsive-json-new='{\"font-size\":\"desktop:18px;\",\"line-height\":\"desktop:28px;\"}'  style=\"font-weight:700;\">Podemos desplazarnos a su puerto deportivo<\/h3><\/div> <!-- header --><\/div> <!-- aio-icon-box --><\/div> <!-- aio-icon-component --><div class=\"aio-icon-component  vc_custom_1610020328099  accent-icon-bg accent-title-color style_1\"><div id=\"Info-box-wrap-5093\" class=\"aio-icon-box default-icon\" style=\"\"  ><div class=\"aio-icon-default\"><div class=\"ult-just-icon-wrapper\"><div class=\"align-icon\" style=\"text-align:center;\">\n<div class=\"aio-icon advanced\"  style=\"color:#ffffff;border-style:;border-color:#333333;border-width:1px;width:30px;height:30px;line-height:30px;border-radius:500px;font-size:14px;display:inline-block;\">\n\t<i class=\"icomoon-font-awesome-14x14-user\"><\/i>\n<\/div><\/div><\/div><\/div><div class=\"aio-icon-header\" ><h3 class=\"aio-icon-title ult-responsive\"  data-ultimate-target='#Info-box-wrap-5093 .aio-icon-title'  data-responsive-json-new='{\"font-size\":\"desktop:18px;\",\"line-height\":\"desktop:28px;\"}'  style=\"font-weight:700;\">Formaci\u00f3n del patr\u00f3n y de la tripulaci\u00f3n en el mismo d\u00eda<\/h3><\/div> <!-- header --><\/div> <!-- aio-icon-box --><\/div> <!-- aio-icon-component --><div class=\"aio-icon-component  vc_custom_1610020340616  accent-icon-bg accent-title-color style_1\"><div id=\"Info-box-wrap-1430\" class=\"aio-icon-box default-icon\" style=\"\"  ><div class=\"aio-icon-default\"><div class=\"ult-just-icon-wrapper\"><div class=\"align-icon\" style=\"text-align:center;\">\n<div class=\"aio-icon advanced\"  style=\"color:#ffffff;border-style:;border-color:#333333;border-width:1px;width:30px;height:30px;line-height:30px;border-radius:500px;font-size:14px;display:inline-block;\">\n\t<i class=\"icomoon-font-awesome-14x14-bolt flash\"><\/i>\n<\/div><\/div><\/div><\/div><div class=\"aio-icon-header\" ><h3 class=\"aio-icon-title ult-responsive\"  data-ultimate-target='#Info-box-wrap-1430 .aio-icon-title'  data-responsive-json-new='{\"font-size\":\"desktop:18px;\",\"line-height\":\"desktop:28px;\"}'  style=\"font-weight:700;\">Dificultad: De principiantes a patrones de yate<\/h3><\/div> <!-- header --><\/div> <!-- aio-icon-box --><\/div> <!-- aio-icon-component -->\n\t<div class=\"wpb_text_column wpb_content_element\" >\n\t\t<div class=\"wpb_wrapper\">\n\t\t\t<p data-start=\"170\" data-end=\"240\"><strong data-start=\"170\" data-end=\"240\">Ense\u00f1anza de Embarcaci\u00f3n Propia en Espa\u00f1a - Aprenda a Bordo, Calif\u00edquese con Confianza<\/strong><\/p>\n<p data-start=\"242\" data-end=\"470\">Obtenga su titulaci\u00f3n RYA mientras aprende en su <em data-start=\"293\" data-end=\"303\">barco propio<\/em> en las impresionantes aguas de Espa\u00f1a. Nuestra ense\u00f1anza en barco propio est\u00e1 totalmente adaptada a ti, lo que te permite entrenar en el entorno, las condiciones y la embarcaci\u00f3n en la que navegas.<\/p>\n<p data-start=\"472\" data-end=\"764\">Con un instructor experimentado de la RYA a bordo, adquirir\u00e1s habilidades pr\u00e1cticas paso a paso, desde el manejo de la embarcaci\u00f3n y la navegaci\u00f3n hasta la planificaci\u00f3n de traves\u00edas, la seguridad y la toma de decisiones con confianza en el mar. La formaci\u00f3n es flexible y personalizada, progresando a tu ritmo mientras cumples con los requisitos del programa de la RYA.<\/p>\n<p data-start=\"766\" data-end=\"1067\">Al aprender en su propio barco, obtendr\u00e1 experiencia del mundo real, un conocimiento m\u00e1s profundo de su embarcaci\u00f3n y la confianza necesaria para capitanear de forma independiente. Tanto si te est\u00e1s preparando para un crucero costero como si quieres formalizar tu experiencia con un t\u00edtulo de la RYA, este es un aprendizaje pr\u00e1ctico que realmente vale la pena.<\/p>\n<p data-start=\"1069\" data-end=\"1146\">Entrene bajo el sol, calif\u00edquese adecuadamente y salga listo para navegar con confianza.<\/p>\n<p data-start=\"1069\" data-end=\"1146\">Podemos ofrecerle evaluaciones ICC, RYA Powerboat Nivel 2, RYA Dayskipper Motor o Vela e incluso ex\u00e1menes Yachtmaster.<\/p>\n\n\t\t<\/div>\n\t<\/div>\n<\/div><\/div><\/div><div class=\"wpb_column vc_column_container vc_col-sm-5 vc_col-lg-7 vc_col-md-6\"><div class=\"vc_column-inner vc_custom_1492766972790\"><div class=\"wpb_wrapper\">\n\t<div class=\"wpb_tabs wpb_content_element  tab-style-one\" data-interval=\"0\">\n\t\t<div class=\"wpb_wrapper wpb_tour_tabs_wrapper ui-tabs vc_clearfix\">\n\t\t\t<ul class=\"wpb_tabs_nav ui-tabs-nav vc_clearfix text-big\"><li><a href=\"#tab-76419a50-a757-6\">Programa del curso<\/a><\/li><li><a href=\"#tab-1595400617890-2-2\">Preguntas frecuentes<\/a><\/li><li><a href=\"#tab-1597413724142-2-5\">Qu\u00e9 traer<\/a><\/li><\/ul>\n\t<div id=\"tab-76419a50-a757-6\" class=\"wpb_tab ui-tabs-panel wpb_ui-tabs-hide vc_clearfix\">\n\t\t\n\t<div class=\"wpb_text_column wpb_content_element\" >\n\t\t<div class=\"wpb_wrapper\">\n\t\t\t<ul>\n<li>El equipo de seguridad a bordo<\/li>\n<li>Controles previos a la salida<\/li>\n<li>El clima y las mareas<\/li>\n<li>Cartas, navegaci\u00f3n y comprensi\u00f3n de su \u00e1rea local<\/li>\n<li>Atracar en los puertos deportivos, amarrar en las boyas y el manejo de los cuartos cercanos.<\/li>\n<li>Maniobras de alta velocidad y seguridad de la tripulaci\u00f3n<\/li>\n<li>Recuperaci\u00f3n y prevenci\u00f3n de la persona sobre el tablero<\/li>\n<li>Planificaci\u00f3n y ejecuci\u00f3n de un viaje utilizando cartas electr\u00f3nicas y de papel<\/li>\n<li>Regulaciones de colisi\u00f3n<\/li>\n<li>Formas diurnas, luces nocturnas y flotabilidad<\/li>\n<\/ul>\n\n\t\t<\/div>\n\t<\/div>\n\n\t<\/div>\n\n\t<div id=\"tab-1595400617890-2-2\" class=\"wpb_tab ui-tabs-panel wpb_ui-tabs-hide vc_clearfix\">\n\t\t\n\t<div class=\"wpb_text_column wpb_content_element\" >\n\t\t<div class=\"wpb_wrapper\">\n\t\t\t<p><strong><em>\u00bfCu\u00e1nto tiempo es v\u00e1lida la licencia?<\/em><\/strong><\/p>\n<p>Su licencia ser\u00e1 registrada en la RYA por lo que siempre es un registro, no se requiere revalidaci\u00f3n.<\/p>\n<p><strong><em>\u00bfPuedo alquilar un barco usando la licencia?<\/em><\/strong><\/p>\n<p>S\u00ed, adem\u00e1s puedes obtener el Certificado Internacional de Competencia (ICC), que no es m\u00e1s que un ejercicio de papeleo como el que se obtiene para el ICC con tu licencia de nivel 2.<\/p>\n<p><strong><em>\u00bfQu\u00e9 tipo de barcos puedo conducir?<\/em><\/strong><\/p>\n<p>El curso es para uso diurno en aguas conocidas. Una vez que hayas adquirido algo m\u00e1s de experiencia y quieras aventurarte m\u00e1s lejos, esperamos que vuelvas a nosotros para hacer el curso intermedio.<\/p>\n\n\t\t<\/div>\n\t<\/div>\n\n\t<\/div>\n\n\t<div id=\"tab-1597413724142-2-5\" class=\"wpb_tab ui-tabs-panel wpb_ui-tabs-hide vc_clearfix\">\n\t\t\n\t<div class=\"wpb_text_column wpb_content_element\" >\n\t\t<div class=\"wpb_wrapper\">\n\t\t\t<ul>\n<li>Foto de pasaporte para la licencia<\/li>\n<li>Dinero para el almuerzo o comida para llevar, hay muchos lugares locales para comer.<\/li>\n<li>Peque\u00f1o bolso con capas extra, hay almacenamiento en el barco<\/li>\n<li>Zapatos sin deslizamiento o estilo entrenador<\/li>\n<li>Impermeables<\/li>\n<li>Bloqueador solar y sombrero para esos d\u00edas soleados<\/li>\n<\/ul>\n\n\t\t<\/div>\n\t<\/div>\n\n\t<\/div>\n\n\t\t<\/div>\n\t<\/div>\n<\/div><\/div><\/div><\/div><div class=\"vc_row wpb_row vc_row-fluid\"><div class=\"wpb_column vc_column_container vc_col-sm-12\"><div class=\"vc_column-inner\"><div class=\"wpb_wrapper\">\n\t<div class=\"wpb_text_column wpb_content_element\" >\n\t\t<div class=\"wpb_wrapper\">\n\t\t\t<div class=\"wprev-no-slider\" id=\"wprev-slider-1\"><style>#wprev-slider-1 .wprev_preview_bradius_T1 {border-radius: 0px;}#wprev-slider-1 .wprev_preview_bg1_T1 {background:;}#wprev-slider-1 .wprev_preview_bg2_T1 {background:;}#wprev-slider-1 .wprev_preview_tcolor1_T1 {color:;}#wprev-slider-1 .wprev_preview_tcolor2_T1 {color:;}#wprev-slider-1 .wprev_preview_bg1_T1::after{ border-top: 30px solid ; }<\/style><style><\/style>\t\t<div class=\"wptripadvisor_t1_outer_div w3_wprs-row-padding\">\r\n\t\t\t\t<div class=\"wptripadvisor_t1_DIV_1 w3_wprs-col l4\">\r\n\t\t\t<div class=\"wptripadvisor_t1_DIV_2 wprev_preview_bg1_T1 wprev_preview_bradius_T1\">\r\n\t\t\t\t<p class=\"wptripadvisor_t1_P_3 wprev_preview_tcolor1_T1\">\r\n\t\t\t\t\t<span class=\"wptripadvisor_star_imgs_T1\"><img src=\"https:\/\/barcelonawatersports.es\/wp-content\/plugins\/wp-tripadvisor-review-slider\/public\/partials\/imgs\/tripadvisor_stars_5.png\" alt=\"star rating\" class=\"wptripadvisor_t1_star_img_file\">&nbsp;&nbsp;<\/span>Recomiendo encarecidamente Torquay Watersports para cualquier curso de navegaci\u00f3n. No s\u00f3lo fue incre\u00edblemente informativo y educativo, fue muy divertido y agradable. Yo personalmente complet\u00e9 mi RYA Powerboat<a class='wprs_rd_more'>... leer m\u00e1s<\/a><span class='wprs_rd_more_text' style='display:none;'> Nivel 2 y me siento incre\u00edblemente seguro conduciendo cualquier barco incluso despu\u00e9s de 2 d\u00edas de aprendizaje. Seb es un instructor fant\u00e1stico que es capaz de comunicar eficazmente los conceptos importantes tanto pr\u00e1cticos como te\u00f3ricos con facilidad. Se asegura de que aprendas las habilidades con confianza y que seas capaz de entender la teor\u00eda detr\u00e1s de ellas para asegurarte de que tienes una comprensi\u00f3n completa. Tiene una experiencia incre\u00edble tanto en la navegaci\u00f3n como en la ense\u00f1anza y se nota r\u00e1pidamente. Fue un curso impresionante y definitivamente volver\u00e9 el pr\u00f3ximo a\u00f1o para aprender m\u00e1s.<\/span>\t\t\t\t<\/p>\r\n\t\t\t\t\t\t\t\t<a href=\"https:\/\/www.tripadvisor.co.uk\/Attraction_Review-g187497-d7913394-Reviews-Barcelona_Watersports-Barcelona_Catalonia.html\" target=\"_blank\" rel=\"nofollow\"><img src=\"https:\/\/barcelonawatersports.es\/wp-content\/plugins\/wp-tripadvisor-review-slider\/public\/partials\/imgs\/tripadvisor_outline.png\" alt=\"tripadvisor logo\" class=\"wptripadvisor_t1_tripadvisor_logo\"><\/a>\t\t\t<\/div><span class=\"wptripadvisor_t1_A_8\"><\/span> <span class=\"wptripadvisor_t1_SPAN_5 wprev_preview_tcolor2_T1\">joshbL2465VS<br\/><span class=\"wprev_showdate_T1\">19 de septiembre de 2020<\/span> <\/span>\r\n\t\t<\/div>\r\n\t\t\t<div class=\"wptripadvisor_t1_DIV_1 w3_wprs-col l4\">\r\n\t\t\t<div class=\"wptripadvisor_t1_DIV_2 wprev_preview_bg1_T1 wprev_preview_bradius_T1\">\r\n\t\t\t\t<p class=\"wptripadvisor_t1_P_3 wprev_preview_tcolor1_T1\">\r\n\t\t\t\t\t<span class=\"wptripadvisor_star_imgs_T1\"><img src=\"https:\/\/barcelonawatersports.es\/wp-content\/plugins\/wp-tripadvisor-review-slider\/public\/partials\/imgs\/tripadvisor_stars_5.png\" alt=\"star rating\" class=\"wptripadvisor_t1_star_img_file\">&nbsp;&nbsp;<\/span>Faith y Fedrica son marineros incre\u00edbles y tambi\u00e9n incre\u00edblemente hospitalarios y divertidos. \u00a1Esta fue la mejor parte de nuestro viaje!\t\t\t\t<\/p>\r\n\t\t\t\t\t\t\t\t<a href=\"https:\/\/www.tripadvisor.co.uk\/Attraction_Review-g187497-d7913394-Reviews-Barcelona_Watersports-Barcelona_Catalonia.html\" target=\"_blank\" rel=\"nofollow\"><img src=\"https:\/\/barcelonawatersports.es\/wp-content\/plugins\/wp-tripadvisor-review-slider\/public\/partials\/imgs\/tripadvisor_outline.png\" alt=\"tripadvisor logo\" class=\"wptripadvisor_t1_tripadvisor_logo\"><\/a>\t\t\t<\/div><span class=\"wptripadvisor_t1_A_8\"><\/span> <span class=\"wptripadvisor_t1_SPAN_5 wprev_preview_tcolor2_T1\">joehuberman<br\/><span class=\"wprev_showdate_T1\">8 de octubre de 2019<\/span> <\/span>\r\n\t\t<\/div>\r\n\t\t\t<div class=\"wptripadvisor_t1_DIV_1 w3_wprs-col l4\">\r\n\t\t\t<div class=\"wptripadvisor_t1_DIV_2 wprev_preview_bg1_T1 wprev_preview_bradius_T1\">\r\n\t\t\t\t<p class=\"wptripadvisor_t1_P_3 wprev_preview_tcolor1_T1\">\r\n\t\t\t\t\t<span class=\"wptripadvisor_star_imgs_T1\"><img src=\"https:\/\/barcelonawatersports.es\/wp-content\/plugins\/wp-tripadvisor-review-slider\/public\/partials\/imgs\/tripadvisor_stars_5.png\" alt=\"star rating\" class=\"wptripadvisor_t1_star_img_file\">&nbsp;&nbsp;<\/span>Nuestra familia tuvo el mejor crucero al atardecer nuestro capit\u00e1n, la fe era incre\u00edble y Lily nuestro primer compa\u00f1ero era tan amable y divertido. No te pierdas este incre\u00edble crucero vale la pena cada<a class='wprs_rd_more'>... leer m\u00e1s<\/a><span class='wprs_rd_more_text' style='display:none;'> penique.<\/span>\t\t\t\t<\/p>\r\n\t\t\t\t\t\t\t\t<a href=\"https:\/\/www.tripadvisor.co.uk\/Attraction_Review-g187497-d7913394-Reviews-Barcelona_Watersports-Barcelona_Catalonia.html\" target=\"_blank\" rel=\"nofollow\"><img src=\"https:\/\/barcelonawatersports.es\/wp-content\/plugins\/wp-tripadvisor-review-slider\/public\/partials\/imgs\/tripadvisor_outline.png\" alt=\"tripadvisor logo\" class=\"wptripadvisor_t1_tripadvisor_logo\"><\/a>\t\t\t<\/div><span class=\"wptripadvisor_t1_A_8\"><\/span> <span class=\"wptripadvisor_t1_SPAN_5 wprev_preview_tcolor2_T1\">JMZ7<br\/><span class=\"wprev_showdate_T1\">24 de agosto de 2021<\/span> <\/span>\r\n\t\t<\/div>\r\n\t\t<\/div>\r\n<!-- This file should primarily consist of HTML with a little bit of PHP. -->\r\n<\/div>\r\n\n\n\t\t<\/div>\n\t<\/div>\n<\/div><\/div><\/div><\/div>","protected":false},"excerpt":{"rendered":"<p>Own Boat Tuition on your Sailing or Motor BoatYou can complete any of our RYA courses and licenses on your own boat which is a great way to get to know your boat better and gain your skippering licenseABOUT THE COURSE From \u20ac375 under 10m, \u20ac475 over 10m per day We can travel to your&hellip;<\/p>","protected":false},"author":1,"featured_media":0,"parent":0,"menu_order":56,"comment_status":"closed","ping_status":"closed","template":"","meta":{"om_disable_all_campaigns":false,"_monsterinsights_skip_tracking":false,"_monsterinsights_sitenote_active":false,"_monsterinsights_sitenote_note":"","_monsterinsights_sitenote_category":0,"_uf_show_specific_survey":0,"_uf_disable_surveys":false},"yoast_head":"<!-- This site is optimized with the Yoast SEO Premium plugin v20.4 (Yoast SEO v20.6) - https:\/\/yoast.com\/wordpress\/plugins\/seo\/ -->\n<title>Own Boat Tuition - Barcelona Watersports<\/title>\n<meta name=\"robots\" content=\"index, follow, max-snippet:-1, max-image-preview:large, max-video-preview:-1\" \/>\n<link rel=\"canonical\" href=\"https:\/\/barcelonawatersports.es\/es\/own-boat-tuition\/\" \/>\n<meta property=\"og:locale\" content=\"es_ES\" \/>\n<meta property=\"og:type\" content=\"article\" \/>\n<meta property=\"og:title\" content=\"Own Boat Tuition\" \/>\n<meta property=\"og:url\" content=\"https:\/\/barcelonawatersports.es\/es\/own-boat-tuition\/\" \/>\n<meta property=\"og:site_name\" content=\"Barcelona Watersports\" \/>\n<meta property=\"article:publisher\" content=\"https:\/\/www.facebook.com\/Barcelona-Watersports-694500170570814\" \/>\n<meta property=\"article:modified_time\" content=\"2026-01-27T18:10:05+00:00\" \/>\n<meta name=\"twitter:card\" content=\"summary_large_image\" \/>\n<meta name=\"twitter:label1\" content=\"Tiempo de lectura\" \/>\n\t<meta name=\"twitter:data1\" content=\"3 minutos\" \/>\n<script type=\"application\/ld+json\" class=\"yoast-schema-graph\">{\"@context\":\"https:\/\/schema.org\",\"@graph\":[{\"@type\":\"WebPage\",\"@id\":\"https:\/\/barcelonawatersports.es\/own-boat-tuition\/\",\"url\":\"https:\/\/barcelonawatersports.es\/own-boat-tuition\/\",\"name\":\"Own Boat Tuition - Barcelona Watersports\",\"isPartOf\":{\"@id\":\"https:\/\/barcelonawatersports.es\/#website\"},\"datePublished\":\"2020-05-15T10:53:54+00:00\",\"dateModified\":\"2026-01-27T18:10:05+00:00\",\"breadcrumb\":{\"@id\":\"https:\/\/barcelonawatersports.es\/own-boat-tuition\/#breadcrumb\"},\"inLanguage\":\"es\",\"potentialAction\":[{\"@type\":\"ReadAction\",\"target\":[\"https:\/\/barcelonawatersports.es\/own-boat-tuition\/\"]}]},{\"@type\":\"BreadcrumbList\",\"@id\":\"https:\/\/barcelonawatersports.es\/own-boat-tuition\/#breadcrumb\",\"itemListElement\":[{\"@type\":\"ListItem\",\"position\":1,\"name\":\"Home\",\"item\":\"https:\/\/barcelonawatersports.es\/\"},{\"@type\":\"ListItem\",\"position\":2,\"name\":\"Own Boat Tuition\"}]},{\"@type\":\"WebSite\",\"@id\":\"https:\/\/barcelonawatersports.es\/#website\",\"url\":\"https:\/\/barcelonawatersports.es\/\",\"name\":\"Barcelona Watersports\",\"description\":\"Sailing and Powerboat trips and Lessons\",\"publisher\":{\"@id\":\"https:\/\/barcelonawatersports.es\/#organization\"},\"potentialAction\":[{\"@type\":\"SearchAction\",\"target\":{\"@type\":\"EntryPoint\",\"urlTemplate\":\"https:\/\/barcelonawatersports.es\/?s={search_term_string}\"},\"query-input\":\"required name=search_term_string\"}],\"inLanguage\":\"es\"},{\"@type\":\"Organization\",\"@id\":\"https:\/\/barcelonawatersports.es\/#organization\",\"name\":\"Barcelona Watersports\",\"url\":\"https:\/\/barcelonawatersports.es\/\",\"logo\":{\"@type\":\"ImageObject\",\"inLanguage\":\"es\",\"@id\":\"https:\/\/barcelonawatersports.es\/#\/schema\/logo\/image\/\",\"url\":\"https:\/\/barcelonawatersports.es\/wp-content\/uploads\/2021\/01\/flavicon.png\",\"contentUrl\":\"https:\/\/barcelonawatersports.es\/wp-content\/uploads\/2021\/01\/flavicon.png\",\"width\":698,\"height\":698,\"caption\":\"Barcelona Watersports\"},\"image\":{\"@id\":\"https:\/\/barcelonawatersports.es\/#\/schema\/logo\/image\/\"},\"sameAs\":[\"https:\/\/www.facebook.com\/Barcelona-Watersports-694500170570814\",\"https:\/\/www.instagram.com\/barcelona_watersports\/\"]}]}<\/script>\n<!-- \/ Yoast SEO Premium plugin. -->","yoast_head_json":{"title":"Own Boat Tuition - Barcelona Watersports","robots":{"index":"index","follow":"follow","max-snippet":"max-snippet:-1","max-image-preview":"max-image-preview:large","max-video-preview":"max-video-preview:-1"},"canonical":"https:\/\/barcelonawatersports.es\/es\/own-boat-tuition\/","og_locale":"es_ES","og_type":"article","og_title":"Own Boat Tuition","og_url":"https:\/\/barcelonawatersports.es\/es\/own-boat-tuition\/","og_site_name":"Barcelona Watersports","article_publisher":"https:\/\/www.facebook.com\/Barcelona-Watersports-694500170570814","article_modified_time":"2026-01-27T18:10:05+00:00","twitter_card":"summary_large_image","twitter_misc":{"Tiempo de lectura":"3 minutos"},"schema":{"@context":"https:\/\/schema.org","@graph":[{"@type":"WebPage","@id":"https:\/\/barcelonawatersports.es\/own-boat-tuition\/","url":"https:\/\/barcelonawatersports.es\/own-boat-tuition\/","name":"Own Boat Tuition - Barcelona Watersports","isPartOf":{"@id":"https:\/\/barcelonawatersports.es\/#website"},"datePublished":"2020-05-15T10:53:54+00:00","dateModified":"2026-01-27T18:10:05+00:00","breadcrumb":{"@id":"https:\/\/barcelonawatersports.es\/own-boat-tuition\/#breadcrumb"},"inLanguage":"es","potentialAction":[{"@type":"ReadAction","target":["https:\/\/barcelonawatersports.es\/own-boat-tuition\/"]}]},{"@type":"BreadcrumbList","@id":"https:\/\/barcelonawatersports.es\/own-boat-tuition\/#breadcrumb","itemListElement":[{"@type":"ListItem","position":1,"name":"Home","item":"https:\/\/barcelonawatersports.es\/"},{"@type":"ListItem","position":2,"name":"Own Boat Tuition"}]},{"@type":"WebSite","@id":"https:\/\/barcelonawatersports.es\/#website","url":"https:\/\/barcelonawatersports.es\/","name":"Barcelona Watersports","description":"Sailing and Powerboat trips and Lessons","publisher":{"@id":"https:\/\/barcelonawatersports.es\/#organization"},"potentialAction":[{"@type":"SearchAction","target":{"@type":"EntryPoint","urlTemplate":"https:\/\/barcelonawatersports.es\/?s={search_term_string}"},"query-input":"required name=search_term_string"}],"inLanguage":"es"},{"@type":"Organization","@id":"https:\/\/barcelonawatersports.es\/#organization","name":"Barcelona Watersports","url":"https:\/\/barcelonawatersports.es\/","logo":{"@type":"ImageObject","inLanguage":"es","@id":"https:\/\/barcelonawatersports.es\/#\/schema\/logo\/image\/","url":"https:\/\/barcelonawatersports.es\/wp-content\/uploads\/2021\/01\/flavicon.png","contentUrl":"https:\/\/barcelonawatersports.es\/wp-content\/uploads\/2021\/01\/flavicon.png","width":698,"height":698,"caption":"Barcelona Watersports"},"image":{"@id":"https:\/\/barcelonawatersports.es\/#\/schema\/logo\/image\/"},"sameAs":["https:\/\/www.facebook.com\/Barcelona-Watersports-694500170570814","https:\/\/www.instagram.com\/barcelona_watersports\/"]}]}},"_links":{"self":[{"href":"https:\/\/barcelonawatersports.es\/es\/wp-json\/wp\/v2\/pages\/1399"}],"collection":[{"href":"https:\/\/barcelonawatersports.es\/es\/wp-json\/wp\/v2\/pages"}],"about":[{"href":"https:\/\/barcelonawatersports.es\/es\/wp-json\/wp\/v2\/types\/page"}],"author":[{"embeddable":true,"href":"https:\/\/barcelonawatersports.es\/es\/wp-json\/wp\/v2\/users\/1"}],"replies":[{"embeddable":true,"href":"https:\/\/barcelonawatersports.es\/es\/wp-json\/wp\/v2\/comments?post=1399"}],"version-history":[{"count":22,"href":"https:\/\/barcelonawatersports.es\/es\/wp-json\/wp\/v2\/pages\/1399\/revisions"}],"predecessor-version":[{"id":2846,"href":"https:\/\/barcelonawatersports.es\/es\/wp-json\/wp\/v2\/pages\/1399\/revisions\/2846"}],"wp:attachment":[{"href":"https:\/\/barcelonawatersports.es\/es\/wp-json\/wp\/v2\/media?parent=1399"}],"curies":[{"name":"wp","href":"https:\/\/api.w.org\/{rel}","templated":true}]}}